{"id":466,"date":"2023-06-13T15:29:10","date_gmt":"2023-06-13T13:29:10","guid":{"rendered":"http:\/\/pepinierepierreetlili.fr\/?post_type=product&#038;p=466"},"modified":"2025-12-25T14:37:02","modified_gmt":"2025-12-25T13:37:02","slug":"nectarinier-felligni-copie","status":"publish","type":"product","link":"https:\/\/www.pepinierepierreetlili.fr\/index.php\/produit\/nectarinier-felligni-copie\/","title":{"rendered":"P\u00eacher Roussane de Rodez"},"content":{"rendered":"<p>Le p\u00eacher \u2018Roussane de Rodez\u2019 est une vari\u00e9t\u00e9 ancienne et savoureuse, reconnue pour la qualit\u00e9 gustative de ses fruits. Cet arbre fruitier s\u2019adapte parfaitement \u00e0 un verger familial ou un jardin spacieux, o\u00f9 il apporte productivit\u00e9 et beaut\u00e9.<\/p>\n<p>Le P\u00eacher Roussane de Rodez produit des p\u00eaches jaunes \u00e0 chair fondante et parfum\u00e9e, id\u00e9ales pour la consommation fra\u00eeche, les desserts ou les confitures. Les fruits se r\u00e9coltent en \u00e9t\u00e9 et offrent une saveur sucr\u00e9e et \u00e9quilibr\u00e9e, typique des vari\u00e9t\u00e9s anciennes de qualit\u00e9.<\/p>\n<p>Dans notre p\u00e9pini\u00e8re, ce p\u00eacher est cultiv\u00e9 sans travail du sol et selon des m\u00e9thodes biologiques, garantissant des arbres robustes, r\u00e9sistants aux maladies et adapt\u00e9s \u00e0 diff\u00e9rents climats. Cette approche favorise un enracinement profond et une bonne assimilation des nutriments.<\/p>\n<p>\ud83c\udf31 Donn\u00e9es techniques<br \/>\nVigueur : vigoureuse<br \/>\nPort : arrondi et ouvert<br \/>\nMise \u00e0 fruit : moyenne<br \/>\nProduction : r\u00e9guli\u00e8re et abondante<br \/>\nP\u00e9riode de floraison : printemps<br \/>\nPollinisation : autofertile<br \/>\nP\u00e9riode de r\u00e9colte : \u00e9t\u00e9 (juillet \u00e0 ao\u00fbt selon r\u00e9gion)<br \/>\nUtilisation des fruits : consommation fra\u00eeche, desserts, confitures<br \/>\nAdaptation climatique : bonne, pr\u00e9f\u00e8re climat temp\u00e9r\u00e9 doux<br \/>\nMode de culture : agriculture biologique, sans travail du sol<br \/>\nParticularit\u00e9 : fruit parfum\u00e9 et fondant, go\u00fbt sucr\u00e9 \u00e9quilibr\u00e9<\/p>\n","protected":false},"excerpt":{"rendered":"<p>Le p\u00eacher \u2018Roussane de Rodez\u2019 est une vari\u00e9t\u00e9 ancienne et savoureuse, reconnue pour la qualit\u00e9 gustative de ses fruits. Cet arbre fruitier s\u2019adapte parfaitement \u00e0 un verger familial ou un jardin spacieux, o\u00f9 il apporte productivit\u00e9 et beaut\u00e9.<\/p>\n<p>Le P\u00eacher Roussane de Rodez produit des p\u00eaches jaunes \u00e0 chair fondante et parfum\u00e9e, id\u00e9ales pour la consommation fra\u00eeche, les desserts ou les confitures. Les fruits se r\u00e9coltent en \u00e9t\u00e9 et offrent une saveur sucr\u00e9e et \u00e9quilibr\u00e9e, typique des vari\u00e9t\u00e9s anciennes de qualit\u00e9.<\/p>\n<p>Dans notre p\u00e9pini\u00e8re, ce p\u00eacher est cultiv\u00e9 sans travail du sol et selon des m\u00e9thodes biologiques, garantissant des arbres robustes, r\u00e9sistants aux maladies et adapt\u00e9s \u00e0 diff\u00e9rents climats. Cette approche favorise un enracinement profond et une bonne assimilation des nutriments.<\/p>\n<p>\ud83c\udf31 Donn\u00e9es techniques<br \/>\nVigueur : vigoureuse<br \/>\nPort : arrondi et ouvert<br \/>\nMise \u00e0 fruit : moyenne<br \/>\nProduction : r\u00e9guli\u00e8re et abondante<br \/>\nP\u00e9riode de floraison : printemps<br \/>\nPollinisation : autofertile<br \/>\nP\u00e9riode de r\u00e9colte : \u00e9t\u00e9 (juillet \u00e0 ao\u00fbt selon r\u00e9gion)<br \/>\nUtilisation des fruits : consommation fra\u00eeche, desserts, confitures<br \/>\nAdaptation climatique : bonne, pr\u00e9f\u00e8re climat temp\u00e9r\u00e9 doux<br \/>\nMode de culture : agriculture biologique, sans travail du sol<br \/>\nParticularit\u00e9 : fruit parfum\u00e9 et fondant, go\u00fbt sucr\u00e9 \u00e9quilibr\u00e9<\/p>\n","protected":false},"featured_media":1678,"template":"","meta":{"site-sidebar-layout":"default","site-content-layout":"default","ast-global-header-display":"","ast-banner-title-visibility":"","ast-main-header-display":"","ast-hfb-above-header-display":"","ast-hfb-below-header-display":"","ast-hfb-mobile-header-display":"","site-post-title":"","ast-breadcrumbs-content":"","ast-featured-img":"","footer-sml-layout":"","theme-transparent-header-meta":"default","adv-header-id-meta":"","stick-header-meta":"","header-above-stick-meta":"","header-main-stick-meta":"","header-below-stick-meta":""},"product_brand":[],"product_cat":[48],"product_tag":[],"class_list":{"0":"post-466","1":"product","2":"type-product","3":"status-publish","4":"has-post-thumbnail","6":"product_cat-pecher","7":"desktop-align-left","8":"tablet-align-left","9":"mobile-align-left","11":"first","12":"outofstock","13":"taxable","14":"shipping-taxable","15":"purchasable","16":"product-type-variable"},"jetpack_sharing_enabled":true,"_links":{"self":[{"href":"https:\/\/www.pepinierepierreetlili.fr\/index.php\/wp-json\/wp\/v2\/product\/466","targetHints":{"allow":["GET"]}}],"collection":[{"href":"https:\/\/www.pepinierepierreetlili.fr\/index.php\/wp-json\/wp\/v2\/product"}],"about":[{"href":"https:\/\/www.pepinierepierreetlili.fr\/index.php\/wp-json\/wp\/v2\/types\/product"}],"wp:featuredmedia":[{"embeddable":true,"href":"https:\/\/www.pepinierepierreetlili.fr\/index.php\/wp-json\/wp\/v2\/media\/1678"}],"wp:attachment":[{"href":"https:\/\/www.pepinierepierreetlili.fr\/index.php\/wp-json\/wp\/v2\/media?parent=466"}],"wp:term":[{"taxonomy":"product_brand","embeddable":true,"href":"https:\/\/www.pepinierepierreetlili.fr\/index.php\/wp-json\/wp\/v2\/product_brand?post=466"},{"taxonomy":"product_cat","embeddable":true,"href":"https:\/\/www.pepinierepierreetlili.fr\/index.php\/wp-json\/wp\/v2\/product_cat?post=466"},{"taxonomy":"product_tag","embeddable":true,"href":"https:\/\/www.pepinierepierreetlili.fr\/index.php\/wp-json\/wp\/v2\/product_tag?post=466"}],"curies":[{"name":"wp","href":"https:\/\/api.w.org\/{rel}","templated":true}]}}