{"id":3063,"date":"2025-10-04T17:14:57","date_gmt":"2025-10-04T15:14:57","guid":{"rendered":"https:\/\/www.pepinierepierreetlili.fr\/?post_type=product&#038;p=3063"},"modified":"2025-12-25T15:13:27","modified_gmt":"2025-12-25T14:13:27","slug":"cognassier-aromatnaya","status":"publish","type":"product","link":"https:\/\/www.pepinierepierreetlili.fr\/index.php\/produit\/cognassier-aromatnaya\/","title":{"rendered":"Cognassier AROMATNAYA"},"content":{"rendered":"<p>Le cognassier \u2018Aromatnaya\u2019 est une vari\u00e9t\u00e9 ancienne et parfum\u00e9e, reconnue pour ses fruits aromatiques et sa rusticit\u00e9 exceptionnelle. Cet arbre fruitier s\u2019int\u00e8gre parfaitement dans un verger familial ou un jardin spacieux, o\u00f9 il apporte \u00e0 la fois esth\u00e9tique et gourmandise.<\/p>\n<p>Le Cognassier Aromatnaya produit des coings de taille moyenne, \u00e0 la chair ferme, juteuse et tr\u00e8s parfum\u00e9e, id\u00e9ale pour la cuisine, les confitures et les desserts. Les fruits se r\u00e9coltent \u00e0 l\u2019automne et se conservent bien, permettant de profiter de leur go\u00fbt subtil et aromatique pendant plusieurs semaines.<\/p>\n<p>Dans notre p\u00e9pini\u00e8re, ce cognassier est cultiv\u00e9 sans travail du sol et selon des pratiques biologiques, assurant des arbres robustes, r\u00e9sistants aux maladies et adapt\u00e9s aux diff\u00e9rents climats. Cette approche favorise un enracinement profond et une assimilation optimale des nutriments.<\/p>\n<p>\ud83c\udf31 Donn\u00e9es techniques<\/p>\n<p>Vigueur : vigoureuse<br \/>\nPort : arrondi et \u00e9tal\u00e9<br \/>\nMise \u00e0 fruit : moyenne, 3\u20114 ans apr\u00e8s plantation<br \/>\nProduction : r\u00e9guli\u00e8re et abondante<br \/>\nP\u00e9riode de floraison : printemps<br \/>\nPollinisation : autofertile mais meilleurs rendements avec d\u2019autres cognassiers<br \/>\nP\u00e9riode de r\u00e9colte : automne (septembre \u00e0 octobre selon r\u00e9gion)<br \/>\nUtilisation des fruits : confitures, desserts, p\u00e2tisseries, cuisine<br \/>\nAdaptation climatique : excellente, convient aux climats temp\u00e9r\u00e9s<br \/>\nMode de culture : agriculture biologique, sans travail du sol<br \/>\nParticularit\u00e9 : fruit parfum\u00e9 et aromatique, bonne conservation<\/p>\n","protected":false},"excerpt":{"rendered":"<p>Le cognassier \u2018Aromatnaya\u2019 est une vari\u00e9t\u00e9 ancienne et parfum\u00e9e, reconnue pour ses fruits aromatiques et sa rusticit\u00e9 exceptionnelle. Cet arbre fruitier s\u2019int\u00e8gre parfaitement dans un verger familial ou un jardin spacieux, o\u00f9 il apporte \u00e0 la fois esth\u00e9tique et gourmandise.<\/p>\n<p>Le Cognassier Aromatnaya produit des coings de taille moyenne, \u00e0 la chair ferme, juteuse et tr\u00e8s parfum\u00e9e, id\u00e9ale pour la cuisine, les confitures et les desserts. Les fruits se r\u00e9coltent \u00e0 l\u2019automne et se conservent bien, permettant de profiter de leur go\u00fbt subtil et aromatique pendant plusieurs semaines.<\/p>\n<p>Dans notre p\u00e9pini\u00e8re, ce cognassier est cultiv\u00e9 sans travail du sol et selon des pratiques biologiques, assurant des arbres robustes, r\u00e9sistants aux maladies et adapt\u00e9s aux diff\u00e9rents climats. Cette approche favorise un enracinement profond et une assimilation optimale des nutriments.<\/p>\n<p>\ud83c\udf31 Donn\u00e9es techniques<\/p>\n<p>Vigueur : vigoureuse<br \/>\nPort : arrondi et \u00e9tal\u00e9<br \/>\nMise \u00e0 fruit : moyenne, 3\u20114 ans apr\u00e8s plantation<br \/>\nProduction : r\u00e9guli\u00e8re et abondante<br \/>\nP\u00e9riode de floraison : printemps<br \/>\nPollinisation : autofertile mais meilleurs rendements avec d\u2019autres cognassiers<br \/>\nP\u00e9riode de r\u00e9colte : automne (septembre \u00e0 octobre selon r\u00e9gion)<br \/>\nUtilisation des fruits : confitures, desserts, p\u00e2tisseries, cuisine<br \/>\nAdaptation climatique : excellente, convient aux climats temp\u00e9r\u00e9s<br \/>\nMode de culture : agriculture biologique, sans travail du sol<br \/>\nParticularit\u00e9 : fruit parfum\u00e9 et aromatique, bonne conservation<\/p>\n","protected":false},"featured_media":0,"template":"","meta":{"site-sidebar-layout":"default","site-content-layout":"default","ast-global-header-display":"","ast-banner-title-visibility":"","ast-main-header-display":"","ast-hfb-above-header-display":"","ast-hfb-below-header-display":"","ast-hfb-mobile-header-display":"","site-post-title":"","ast-breadcrumbs-content":"","ast-featured-img":"","footer-sml-layout":"","theme-transparent-header-meta":"default","adv-header-id-meta":"","stick-header-meta":"","header-above-stick-meta":"","header-main-stick-meta":"","header-below-stick-meta":""},"product_brand":[],"product_cat":[115,91],"product_tag":[],"class_list":{"0":"post-3063","1":"product","2":"type-product","3":"status-publish","5":"product_cat-cognassier","6":"product_cat-scions-fruits-a-pepins","7":"desktop-align-left","8":"tablet-align-left","9":"mobile-align-left","11":"first","12":"outofstock","13":"featured","14":"taxable","15":"shipping-taxable","16":"purchasable","17":"product-type-variable"},"jetpack_sharing_enabled":true,"_links":{"self":[{"href":"https:\/\/www.pepinierepierreetlili.fr\/index.php\/wp-json\/wp\/v2\/product\/3063","targetHints":{"allow":["GET"]}}],"collection":[{"href":"https:\/\/www.pepinierepierreetlili.fr\/index.php\/wp-json\/wp\/v2\/product"}],"about":[{"href":"https:\/\/www.pepinierepierreetlili.fr\/index.php\/wp-json\/wp\/v2\/types\/product"}],"wp:attachment":[{"href":"https:\/\/www.pepinierepierreetlili.fr\/index.php\/wp-json\/wp\/v2\/media?parent=3063"}],"wp:term":[{"taxonomy":"product_brand","embeddable":true,"href":"https:\/\/www.pepinierepierreetlili.fr\/index.php\/wp-json\/wp\/v2\/product_brand?post=3063"},{"taxonomy":"product_cat","embeddable":true,"href":"https:\/\/www.pepinierepierreetlili.fr\/index.php\/wp-json\/wp\/v2\/product_cat?post=3063"},{"taxonomy":"product_tag","embeddable":true,"href":"https:\/\/www.pepinierepierreetlili.fr\/index.php\/wp-json\/wp\/v2\/product_tag?post=3063"}],"curies":[{"name":"wp","href":"https:\/\/api.w.org\/{rel}","templated":true}]}}