{"id":3059,"date":"2025-10-04T17:08:40","date_gmt":"2025-10-04T15:08:40","guid":{"rendered":"https:\/\/www.pepinierepierreetlili.fr\/?post_type=product&#038;p=3059"},"modified":"2025-12-25T14:50:17","modified_gmt":"2025-12-25T13:50:17","slug":"prunier-verdane","status":"publish","type":"product","link":"https:\/\/www.pepinierepierreetlili.fr\/index.php\/produit\/prunier-verdane\/","title":{"rendered":"Prunier VERDANE"},"content":{"rendered":"<p>Le Prunier Verdane est une vari\u00e9t\u00e9 vigoureuse et productive, appr\u00e9ci\u00e9e pour sa bonne adaptation aux climats vari\u00e9s. Son port naturellement \u00e9quilibr\u00e9 facilite la formation de l\u2019arbre et l\u2019entretien annuel. Il pr\u00e9sente une floraison abondante et r\u00e9guli\u00e8re, assurant une mise \u00e0 fruits fiable m\u00eame en conditions moins favorables.<\/p>\n<p>Les prunes du Verdane sont de calibre moyen \u00e0 gros, \u00e0 peau fine et \u00e0 chair ferme, juteuse et sucr\u00e9e, parfaites pour la consommation fra\u00eeche, les tartes et les confitures. La vari\u00e9t\u00e9 montre une bonne r\u00e9sistance aux maladies courantes du prunier, ce qui en fait un choix pertinent pour les vergers familiaux comme pour les plantations amateurs recherchant un fruitier robuste et facile.<\/p>\n<p>\ud83d\udd0d Caract\u00e9ristiques techniques<\/p>\n<p>Type : Prunier (Prunus domestica)<br \/>\nVigueur : Bonne, croissance r\u00e9guli\u00e8re<br \/>\nPort : Semi-\u00e9rig\u00e9, bien \u00e9quilibr\u00e9<br \/>\nFloraison : Abondante, p\u00e9riode moyenne<br \/>\nPollinisation : Tr\u00e8s souvent autofertile (mais peut \u00eatre am\u00e9lior\u00e9e par la proximit\u00e9 d\u2019un autre prunier)<br \/>\nMise \u00e0 fruits : Rapide et r\u00e9guli\u00e8re<br \/>\nR\u00e9colte : Mi-saison (selon r\u00e9gion)<br \/>\nFruit : Calibre moyen \u00e0 gros, chair sucr\u00e9e et parfum\u00e9e<br \/>\nR\u00e9sistance : Tr\u00e8s bonne rusticit\u00e9 ; tol\u00e9rant aux maladies courantes du prunier<br \/>\nUsage : Table, p\u00e2tisserie, confiture, conservation<\/p>\n","protected":false},"excerpt":{"rendered":"<p>Le Prunier Verdane est une vari\u00e9t\u00e9 vigoureuse et productive, appr\u00e9ci\u00e9e pour sa bonne adaptation aux climats vari\u00e9s. Son port naturellement \u00e9quilibr\u00e9 facilite la formation de l\u2019arbre et l\u2019entretien annuel. Il pr\u00e9sente une floraison abondante et r\u00e9guli\u00e8re, assurant une mise \u00e0 fruits fiable m\u00eame en conditions moins favorables.<\/p>\n<p>Les prunes du Verdane sont de calibre moyen \u00e0 gros, \u00e0 peau fine et \u00e0 chair ferme, juteuse et sucr\u00e9e, parfaites pour la consommation fra\u00eeche, les tartes et les confitures. La vari\u00e9t\u00e9 montre une bonne r\u00e9sistance aux maladies courantes du prunier, ce qui en fait un choix pertinent pour les vergers familiaux comme pour les plantations amateurs recherchant un fruitier robuste et facile.<\/p>\n<p>\ud83d\udd0d Caract\u00e9ristiques techniques<\/p>\n<p>Type : Prunier (Prunus domestica)<br \/>\nVigueur : Bonne, croissance r\u00e9guli\u00e8re<br \/>\nPort : Semi-\u00e9rig\u00e9, bien \u00e9quilibr\u00e9<br \/>\nFloraison : Abondante, p\u00e9riode moyenne<br \/>\nPollinisation : Tr\u00e8s souvent autofertile (mais peut \u00eatre am\u00e9lior\u00e9e par la proximit\u00e9 d\u2019un autre prunier)<br \/>\nMise \u00e0 fruits : Rapide et r\u00e9guli\u00e8re<br \/>\nR\u00e9colte : Mi-saison (selon r\u00e9gion)<br \/>\nFruit : Calibre moyen \u00e0 gros, chair sucr\u00e9e et parfum\u00e9e<br \/>\nR\u00e9sistance : Tr\u00e8s bonne rusticit\u00e9 ; tol\u00e9rant aux maladies courantes du prunier<br \/>\nUsage : Table, p\u00e2tisserie, confiture, conservation<\/p>\n","protected":false},"featured_media":0,"template":"","meta":{"site-sidebar-layout":"default","site-content-layout":"default","ast-global-header-display":"","ast-banner-title-visibility":"","ast-main-header-display":"","ast-hfb-above-header-display":"","ast-hfb-below-header-display":"","ast-hfb-mobile-header-display":"","site-post-title":"","ast-breadcrumbs-content":"","ast-featured-img":"","footer-sml-layout":"","theme-transparent-header-meta":"default","adv-header-id-meta":"","stick-header-meta":"","header-above-stick-meta":"","header-main-stick-meta":"","header-below-stick-meta":""},"product_brand":[],"product_cat":[47],"product_tag":[],"class_list":{"0":"post-3059","1":"product","2":"type-product","3":"status-publish","5":"product_cat-prunier","6":"desktop-align-left","7":"tablet-align-left","8":"mobile-align-left","10":"first","11":"outofstock","12":"featured","13":"taxable","14":"shipping-taxable","15":"purchasable","16":"product-type-variable"},"jetpack_sharing_enabled":true,"_links":{"self":[{"href":"https:\/\/www.pepinierepierreetlili.fr\/index.php\/wp-json\/wp\/v2\/product\/3059","targetHints":{"allow":["GET"]}}],"collection":[{"href":"https:\/\/www.pepinierepierreetlili.fr\/index.php\/wp-json\/wp\/v2\/product"}],"about":[{"href":"https:\/\/www.pepinierepierreetlili.fr\/index.php\/wp-json\/wp\/v2\/types\/product"}],"wp:attachment":[{"href":"https:\/\/www.pepinierepierreetlili.fr\/index.php\/wp-json\/wp\/v2\/media?parent=3059"}],"wp:term":[{"taxonomy":"product_brand","embeddable":true,"href":"https:\/\/www.pepinierepierreetlili.fr\/index.php\/wp-json\/wp\/v2\/product_brand?post=3059"},{"taxonomy":"product_cat","embeddable":true,"href":"https:\/\/www.pepinierepierreetlili.fr\/index.php\/wp-json\/wp\/v2\/product_cat?post=3059"},{"taxonomy":"product_tag","embeddable":true,"href":"https:\/\/www.pepinierepierreetlili.fr\/index.php\/wp-json\/wp\/v2\/product_tag?post=3059"}],"curies":[{"name":"wp","href":"https:\/\/api.w.org\/{rel}","templated":true}]}}