{"id":3035,"date":"2025-10-04T16:58:11","date_gmt":"2025-10-04T14:58:11","guid":{"rendered":"https:\/\/www.pepinierepierreetlili.fr\/?post_type=product&#038;p=3035"},"modified":"2025-12-15T16:44:39","modified_gmt":"2025-12-15T15:44:39","slug":"pommier-rochetaude","status":"publish","type":"product","link":"https:\/\/www.pepinierepierreetlili.fr\/index.php\/produit\/pommier-rochetaude\/","title":{"rendered":"Pommier ROCHETAUDE"},"content":{"rendered":"<p>Pommier Rochetaude \u2013 Vari\u00e9t\u00e9 ancienne du Sud, tr\u00e8s r\u00e9sistante et productive<\/p>\n<p>Le pommier Rochetaude est une vari\u00e9t\u00e9 ancienne m\u00e9ridionale, r\u00e9put\u00e9e pour sa r\u00e9sistance naturelle, sa production r\u00e9guli\u00e8re et sa grande adaptation aux climats chauds et secs. Ses fruits jaunes stri\u00e9s de rouge offrent une chair fine, sucr\u00e9e, l\u00e9g\u00e8rement acidul\u00e9e, tr\u00e8s agr\u00e9able en d\u00e9gustation fra\u00eeche et parfaite pour les jus ou la p\u00e2tisserie.<\/p>\n<p>Arbre vigoureux, peu sensible aux maladies, le Rochetaude est id\u00e9al pour les vergers naturels, les sols vivants, et pour tous ceux qui recherchent une vari\u00e9t\u00e9 fiable, rustique et patrimoniale. Greff\u00e9s sur des porte-greffes adapt\u00e9s \u00e0 ton terroir, nos scions d\u00e9veloppent une reprise vigoureuse et une croissance harmonieuse, garantissant une mise \u00e0 fruit rapide.<\/p>\n","protected":false},"excerpt":{"rendered":"<p>Pommier Rochetaude \u2013 Vari\u00e9t\u00e9 ancienne du Sud, tr\u00e8s r\u00e9sistante et productive<\/p>\n<p>Le pommier Rochetaude est une vari\u00e9t\u00e9 ancienne m\u00e9ridionale, r\u00e9put\u00e9e pour sa r\u00e9sistance naturelle, sa production r\u00e9guli\u00e8re et sa grande adaptation aux climats chauds et secs. Ses fruits jaunes stri\u00e9s de rouge offrent une chair fine, sucr\u00e9e, l\u00e9g\u00e8rement acidul\u00e9e, tr\u00e8s agr\u00e9able en d\u00e9gustation fra\u00eeche et parfaite pour les jus ou la p\u00e2tisserie.<\/p>\n<p>Arbre vigoureux, peu sensible aux maladies, le Rochetaude est id\u00e9al pour les vergers naturels, les sols vivants, et pour tous ceux qui recherchent une vari\u00e9t\u00e9 fiable, rustique et patrimoniale. Greff\u00e9s sur des porte-greffes adapt\u00e9s \u00e0 ton terroir, nos scions d\u00e9veloppent une reprise vigoureuse et une croissance harmonieuse, garantissant une mise \u00e0 fruit rapide.<\/p>\n","protected":false},"featured_media":0,"template":"","meta":{"site-sidebar-layout":"default","site-content-layout":"default","ast-global-header-display":"","ast-banner-title-visibility":"","ast-main-header-display":"","ast-hfb-above-header-display":"","ast-hfb-below-header-display":"","ast-hfb-mobile-header-display":"","site-post-title":"","ast-breadcrumbs-content":"","ast-featured-img":"","footer-sml-layout":"","theme-transparent-header-meta":"default","adv-header-id-meta":"","stick-header-meta":"","header-above-stick-meta":"","header-main-stick-meta":"","header-below-stick-meta":""},"product_brand":[],"product_cat":[54],"product_tag":[],"class_list":{"0":"post-3035","1":"product","2":"type-product","3":"status-publish","5":"product_cat-pommier","6":"desktop-align-left","7":"tablet-align-left","8":"mobile-align-left","10":"first","11":"instock","12":"featured","13":"taxable","14":"shipping-taxable","15":"purchasable","16":"product-type-variable"},"jetpack_sharing_enabled":true,"_links":{"self":[{"href":"https:\/\/www.pepinierepierreetlili.fr\/index.php\/wp-json\/wp\/v2\/product\/3035","targetHints":{"allow":["GET"]}}],"collection":[{"href":"https:\/\/www.pepinierepierreetlili.fr\/index.php\/wp-json\/wp\/v2\/product"}],"about":[{"href":"https:\/\/www.pepinierepierreetlili.fr\/index.php\/wp-json\/wp\/v2\/types\/product"}],"wp:attachment":[{"href":"https:\/\/www.pepinierepierreetlili.fr\/index.php\/wp-json\/wp\/v2\/media?parent=3035"}],"wp:term":[{"taxonomy":"product_brand","embeddable":true,"href":"https:\/\/www.pepinierepierreetlili.fr\/index.php\/wp-json\/wp\/v2\/product_brand?post=3035"},{"taxonomy":"product_cat","embeddable":true,"href":"https:\/\/www.pepinierepierreetlili.fr\/index.php\/wp-json\/wp\/v2\/product_cat?post=3035"},{"taxonomy":"product_tag","embeddable":true,"href":"https:\/\/www.pepinierepierreetlili.fr\/index.php\/wp-json\/wp\/v2\/product_tag?post=3035"}],"curies":[{"name":"wp","href":"https:\/\/api.w.org\/{rel}","templated":true}]}}