{"id":255,"date":"2023-06-08T11:12:36","date_gmt":"2023-06-08T09:12:36","guid":{"rendered":"http:\/\/pepinierepierreetlili.fr\/?post_type=product&#038;p=255"},"modified":"2025-12-25T15:27:02","modified_gmt":"2025-12-25T14:27:02","slug":"poirier-de-garde-doyenne-dhiver","status":"publish","type":"product","link":"https:\/\/www.pepinierepierreetlili.fr\/index.php\/produit\/poirier-de-garde-doyenne-dhiver\/","title":{"rendered":"Poirier de Garde DOYENN\u00c9 D&rsquo;HIVER"},"content":{"rendered":"<h3><span style=\"color: #ec6fb7;\"><span style=\"font-family: GeosansLight,sans-serif;\"><span style=\"font-size: xx-large;\"><b>Poirier de Garde La Doyenn\u00e9 d\u2019Hive<\/b>r<\/span><\/span><\/span><\/h3>\n<p>&nbsp;<\/p>\n<p><span style=\"font-family: GeosansLight,sans-serif;\"><span style=\"font-size: large;\">Cette vari\u00e9t\u00e9 Ancienne fut d\u00e9couverte dans l&rsquo;ancien jardin des Capucins en 1787 \u00e0 Louvain en Belgique.<\/span><\/span><br \/>\n<span style=\"font-family: GeosansLight,sans-serif;\"><span style=\"font-size: large;\">C\u2019est une vari\u00e9t\u00e9 vigoureuse et tr\u00e8s fertile. Sa floraison partiellement autofertile n\u00e9cessite d&rsquo;autres poirier qui fleurissent avec lui pour lui permettre de produire convenablement.<\/span><\/span><\/p>\n<p><span style=\"font-family: GeosansLight,sans-serif;\"><span style=\"font-size: large;\">Vous cueillerez des fruits arrondi d\u2019une belle couleur rouge jaune avec une chair blanche. et p<\/span><\/span><span style=\"font-family: GeosansLight,sans-serif;\"><span style=\"font-size: large;\">our garantir une bonne conservation il est conseill\u00e9 de les cueillir tardivement mais avant le premi\u00e8res gel\u00e9es. <\/span><\/span><\/p>\n<p><span style=\"font-family: GeosansLight,sans-serif;\"><span style=\"font-size: large;\">Les fruits se gardent jusqu&rsquo;\u00e0 avril en cave s&rsquo;ils sont correctement stock\u00e9s, plus le temps passe et plus ils seront frip\u00e9s, sucr\u00e9s et gouteux!<\/span><\/span><\/p>\n<p align=\"left\"><span style=\"font-size: large;\"><span style=\"color: #800080;\"><span style=\"font-family: GeosansLight, serif;\"><b>Arbre produit en Agriculture Biologique, labellis\u00e9 \u00ab\u00a0AB\u00a0\u00bb avec des strat\u00e9gies d&rsquo;Agriculture de Conservation des sols, sols vivants, permaculture<\/b><\/span><\/span><\/span><\/p>\n<p align=\"left\"><span style=\"font-size: large;\"><b> <\/b><span style=\"color: #000000;\"><span style=\"font-family: GeosansLight, serif;\"><i>(voir fiche explicative \u00ab <a href=\"https:\/\/www.pepinierepierreetlili.fr\/index.php\/msv-maraichage-sur-sol-vivant-psv-pepiniere-quest-ce-que-cest\/\">C\u2019est quoi l\u2019agriculture de conservation des sols ? \u2013 PEPINIERE PIERRE ET LILI<\/a>\u00bb)<\/i><\/span><\/span><\/span><\/p>\n<p align=\"left\"><span style=\"font-size: large;\"><span style=\"font-family: GeosansLight, serif;\">Vendu Racines nues <\/span><span style=\"font-family: GeosansLight, serif;\"><i>(voir fiche explicative \u00ab<a href=\"https:\/\/www.pepinierepierreetlili.fr\/index.php\/pourquoi-les-racines-nues\/\">pourquoi les racines nues ? \u2013 PEPINIERE PIERRE ET LILI<\/a><span style=\"color: #000000;\">\u00bb)<\/span><\/i><\/span><\/span><\/p>\n<p align=\"left\"><span style=\"font-family: GeosansLight,sans-serif;\"><b>Livraison<\/b> possible dans toute la France <\/span><\/p>\n<p align=\"left\"><span style=\"font-family: GeosansLight,sans-serif;\"><span style=\"font-size: large;\"><span style=\"font-family: GeosansLight,serif;\"><span style=\"font-size: medium;\"><i>Pierre, Lili et Paolo vous remercie<\/i><\/span><\/span><span style=\"font-family: GeosansLight,serif;\"><span style=\"font-size: medium;\"><i>nt<\/i><\/span><\/span><span style=\"font-family: GeosansLight,serif;\"><span style=\"font-size: medium;\"><i> !<\/i><\/span><\/span><\/span><\/span><\/p>\n<p>&nbsp;<\/p>\n<p>&nbsp;<\/p>\n<p>&nbsp;<\/p>\n<p>&nbsp;<\/p>\n","protected":false},"excerpt":{"rendered":"<p><span style=\"font-family: GeosansLight,sans-serif;\"><span style=\"font-size: large;\">Vari\u00e9t\u00e9 ancienne Blegique 1787<\/span><\/span><\/p>\n<p><span style=\"font-family: GeosansLight,sans-serif;\"><span style=\"font-size: large;\">Partiellement Autofertile<\/span><\/span><\/p>\n<p><span style=\"font-family: GeosansLight,sans-serif;\"><span style=\"font-size: large;\">Arbre vigoureux<\/span><\/span><\/p>\n<p><span style=\"font-family: GeosansLight,sans-serif;\"><span style=\"font-size: large;\">Gros fruit couleur Rouge et Jaune<\/span><\/span><\/p>\n<p><span style=\"font-family: GeosansLight,sans-serif;\"><span style=\"font-size: large;\">Chair Blanche de plus en plus sucr\u00e9e \u00e0 la conservation <\/span><\/span><\/p>\n<p><span style=\"font-family: GeosansLight,sans-serif;\"><span style=\"font-size: large;\">Floraison vers mars et avril<\/span><\/span><\/p>\n<p><span style=\"font-family: GeosansLight,sans-serif;\"><span style=\"font-size: large;\">R\u00e9colte avant les premiers gels<\/span><\/span><\/p>\n<p><span style=\"font-family: GeosansLight,sans-serif;\"><span style=\"font-size: large;\">Conservation jusqu&rsquo;\u00e0 Avril en cave<\/span><\/span><\/p>\n<p>&nbsp;<\/p>\n<p>&nbsp;<\/p>\n<p>&nbsp;<\/p>\n<p>&nbsp;<\/p>\n","protected":false},"featured_media":2189,"template":"","meta":{"site-sidebar-layout":"default","site-content-layout":"default","ast-global-header-display":"","ast-banner-title-visibility":"","ast-main-header-display":"","ast-hfb-above-header-display":"","ast-hfb-below-header-display":"","ast-hfb-mobile-header-display":"","site-post-title":"","ast-breadcrumbs-content":"","ast-featured-img":"","footer-sml-layout":"","theme-transparent-header-meta":"default","adv-header-id-meta":"","stick-header-meta":"","header-above-stick-meta":"","header-main-stick-meta":"","header-below-stick-meta":""},"product_brand":[],"product_cat":[59,55],"product_tag":[],"class_list":{"0":"post-255","1":"product","2":"type-product","3":"status-publish","4":"has-post-thumbnail","6":"product_cat-poire-de-garde","7":"product_cat-poirier","8":"desktop-align-left","9":"tablet-align-left","10":"mobile-align-left","12":"first","13":"outofstock","14":"featured","15":"taxable","16":"shipping-taxable","17":"purchasable","18":"product-type-variable"},"jetpack_sharing_enabled":true,"_links":{"self":[{"href":"https:\/\/www.pepinierepierreetlili.fr\/index.php\/wp-json\/wp\/v2\/product\/255","targetHints":{"allow":["GET"]}}],"collection":[{"href":"https:\/\/www.pepinierepierreetlili.fr\/index.php\/wp-json\/wp\/v2\/product"}],"about":[{"href":"https:\/\/www.pepinierepierreetlili.fr\/index.php\/wp-json\/wp\/v2\/types\/product"}],"wp:featuredmedia":[{"embeddable":true,"href":"https:\/\/www.pepinierepierreetlili.fr\/index.php\/wp-json\/wp\/v2\/media\/2189"}],"wp:attachment":[{"href":"https:\/\/www.pepinierepierreetlili.fr\/index.php\/wp-json\/wp\/v2\/media?parent=255"}],"wp:term":[{"taxonomy":"product_brand","embeddable":true,"href":"https:\/\/www.pepinierepierreetlili.fr\/index.php\/wp-json\/wp\/v2\/product_brand?post=255"},{"taxonomy":"product_cat","embeddable":true,"href":"https:\/\/www.pepinierepierreetlili.fr\/index.php\/wp-json\/wp\/v2\/product_cat?post=255"},{"taxonomy":"product_tag","embeddable":true,"href":"https:\/\/www.pepinierepierreetlili.fr\/index.php\/wp-json\/wp\/v2\/product_tag?post=255"}],"curies":[{"name":"wp","href":"https:\/\/api.w.org\/{rel}","templated":true}]}}