{"id":244,"date":"2023-06-08T11:03:34","date_gmt":"2023-06-08T09:03:34","guid":{"rendered":"http:\/\/pepinierepierreetlili.fr\/?post_type=product&#038;p=244"},"modified":"2025-12-25T15:34:52","modified_gmt":"2025-12-25T14:34:52","slug":"poirier-dautomne-doyenne-du-comice","status":"publish","type":"product","link":"https:\/\/www.pepinierepierreetlili.fr\/index.php\/produit\/poirier-dautomne-doyenne-du-comice\/","title":{"rendered":"Poirier d&rsquo;Automne DOYENN\u00c9 DU COMICE"},"content":{"rendered":"<h3><span style=\"color: #ec6fb7;\"><span style=\"font-family: GeosansLight,sans-serif;\"><span style=\"font-size: xx-large;\"><b>Poirier d\u2019Automne Doyenn\u00e9 du Comic<\/b>e<\/span><\/span><\/span><\/h3>\n<p>&nbsp;<\/p>\n<p align=\"left\"><span style=\"color: #3d3d3d;\"><span style=\"font-family: GeosansLight,sans-serif;\"><span style=\"font-size: large;\">Originaire d&rsquo;Angers, dans la r\u00e9gion du Maine et Loire le poirier \u00ab\u00a0Comice\u00a0\u00bb fructifie pour la premi\u00e8re fois en 1848 et est s\u00e9lectionn\u00e9e en 1849. Il est le fruit de multiples semis hasard r\u00e9alis\u00e9s dans le jardin du comice situ\u00e9 \u00e0 l\u2019emplacement actuel du Jardin des Beaux-Arts (boulevard du Roi-Ren\u00e9) \u00e0 Angers. On peut Lire on peut lire dans compte-rendu de s\u00e9ance du 08\/12\/1848 : \u201cune nouvelle poire provenant des semis faits par le Comice, est surveill\u00e9e sp\u00e9cialement par M. Millet\u00a0\u00bb<\/span><\/span><\/span><\/p>\n<p align=\"left\"><span style=\"color: #3d3d3d;\"><span style=\"font-family: GeosansLight,sans-serif;\"><span style=\"font-size: large;\">Ce poirier est peu sensible \u00e0 la tavelure, rustique, et vigoureux. Il produit des fruits de gros voir tr\u00e8s gros calibre \u00e0 la peau jaune et \u00e0 la chair blanche, tr\u00e8s parfum\u00e9e, juteuse et fondante \u00e0 souhait.<\/span><\/span><\/span><\/p>\n<p align=\"left\"><span style=\"color: #3d3d3d;\"><span style=\"font-family: GeosansLight,sans-serif;\"><span style=\"font-size: large;\">La Floraison qui se produit vers mi-avril est autot\u00e9rile, il a donc besoin d\u2019autres vari\u00e9t\u00e9s de poiriers qui fleurissent en m\u00eame temps que lui pour fructifier.<\/span><\/span><\/span><\/p>\n<p align=\"left\"><span style=\"color: #3d3d3d;\"><span style=\"font-family: GeosansLight,sans-serif;\"><span style=\"font-size: large;\">Votre r\u00e9colte s\u2019effectuera quand les fruits commenceront \u00e0 se d\u00e9tacher tout seuls, vers fin septembre.<\/span><\/span><\/span><\/p>\n<p align=\"left\"><span style=\"color: #3d3d3d;\"><span style=\"font-family: GeosansLight,sans-serif;\"><span style=\"font-size: large;\">Attention la peau \u00e9tant tr\u00e8s fine les poires sont fragiles quand elles ont muri.<\/span><\/span><\/span><\/p>\n<p align=\"left\"><span style=\"font-size: large;\"><span style=\"color: #800080;\"><span style=\"font-family: GeosansLight, serif;\"><b>Arbre produit en Agriculture Biologique, labellis\u00e9 \u00ab\u00a0AB\u00a0\u00bb avec des strat\u00e9gies d&rsquo;Agriculture de Conservation des sols, sols vivants, permaculture<\/b><\/span><\/span><\/span><\/p>\n<p align=\"left\"><span style=\"font-size: large;\"><b> <\/b><span style=\"color: #000000;\"><span style=\"font-family: GeosansLight, serif;\"><i>(voir fiche explicative \u00ab <a href=\"https:\/\/www.pepinierepierreetlili.fr\/index.php\/msv-maraichage-sur-sol-vivant-psv-pepiniere-quest-ce-que-cest\/\">C\u2019est quoi l\u2019agriculture de conservation des sols ? \u2013 PEPINIERE PIERRE ET LILI<\/a>\u00bb)<\/i><\/span><\/span><\/span><\/p>\n<p align=\"left\"><span style=\"font-size: large;\"><span style=\"font-family: GeosansLight, serif;\">Vendu Racines nues <\/span><span style=\"font-family: GeosansLight, serif;\"><i>(voir fiche explicative \u00ab<a href=\"https:\/\/www.pepinierepierreetlili.fr\/index.php\/pourquoi-les-racines-nues\/\">pourquoi les racines nues ? \u2013 PEPINIERE PIERRE ET LILI<\/a><span style=\"color: #000000;\">\u00bb)<\/span><\/i><\/span><\/span><\/p>\n<p align=\"left\"><span style=\"font-family: GeosansLight,sans-serif;\"><b>Livraison<\/b> possible dans toute la France <\/span><\/p>\n<p align=\"left\"><span style=\"font-family: GeosansLight,sans-serif;\"><span style=\"font-size: large;\"><span style=\"font-family: GeosansLight,serif;\"><span style=\"font-size: medium;\"><i>Pierre, Lili et Paolo vous remercie<\/i><\/span><\/span><span style=\"font-family: GeosansLight,serif;\"><span style=\"font-size: medium;\"><i>nt<\/i><\/span><\/span><span style=\"font-family: GeosansLight,serif;\"><span style=\"font-size: medium;\"><i> !<\/i><\/span><\/span><\/span><\/span><\/p>\n<p>&nbsp;<\/p>\n","protected":false},"excerpt":{"rendered":"<p align=\"left\"><span style=\"color: #3d3d3d;\"><span style=\"font-family: GeosansLight,sans-serif;\"><span style=\"font-size: large;\">Vari\u00e9t\u00e9 Ancienne Fran\u00e7aise 1849 <\/span><\/span><\/span><\/p>\n<p align=\"left\"><span style=\"color: #3d3d3d;\"><span style=\"font-family: GeosansLight,sans-serif;\"><span style=\"font-size: large;\">Autost\u00e9rile<\/span><\/span><\/span><\/p>\n<p align=\"left\"><span style=\"color: #3d3d3d;\"><span style=\"font-family: GeosansLight,sans-serif;\"><span style=\"font-size: large;\">Peu sensible \u00e0 la tavelure, production Abondante<\/span><\/span><\/span><\/p>\n<p align=\"left\"><span style=\"color: #3d3d3d;\"><span style=\"font-family: GeosansLight,sans-serif;\"><span style=\"font-size: large;\">Gros Calibre, f<\/span><\/span><\/span><span style=\"color: #3d3d3d;\"><span style=\"font-family: GeosansLight,sans-serif;\"><span style=\"font-size: large;\">ruits d\u00e9licieux, c<\/span><\/span><\/span><span style=\"color: #3d3d3d;\"><span style=\"font-family: GeosansLight,sans-serif;\"><span style=\"font-size: large;\">hair blanche fondante, tr\u00e8s parfum\u00e9 <\/span><\/span><\/span><\/p>\n<p align=\"left\"><span style=\"color: #3d3d3d;\"><span style=\"font-family: GeosansLight,sans-serif;\"><span style=\"font-size: large;\">Floraison vers mi-avril<\/span><\/span><\/span><\/p>\n<p align=\"left\"><span style=\"color: #3d3d3d;\"><span style=\"font-family: GeosansLight,sans-serif;\"><span style=\"font-size: large;\">R\u00e9colte fin septembre<\/span><\/span><\/span><\/p>\n<p>&nbsp;<\/p>\n","protected":false},"featured_media":1463,"template":"","meta":{"site-sidebar-layout":"default","site-content-layout":"default","ast-global-header-display":"","ast-banner-title-visibility":"","ast-main-header-display":"","ast-hfb-above-header-display":"","ast-hfb-below-header-display":"","ast-hfb-mobile-header-display":"","site-post-title":"","ast-breadcrumbs-content":"","ast-featured-img":"","footer-sml-layout":"","theme-transparent-header-meta":"default","adv-header-id-meta":"","stick-header-meta":"","header-above-stick-meta":"","header-main-stick-meta":"","header-below-stick-meta":""},"product_brand":[],"product_cat":[58,55],"product_tag":[],"class_list":{"0":"post-244","1":"product","2":"type-product","3":"status-publish","4":"has-post-thumbnail","6":"product_cat-poire-dautomne","7":"product_cat-poirier","8":"desktop-align-left","9":"tablet-align-left","10":"mobile-align-left","12":"first","13":"outofstock","14":"featured","15":"taxable","16":"shipping-taxable","17":"purchasable","18":"product-type-variable"},"jetpack_sharing_enabled":true,"_links":{"self":[{"href":"https:\/\/www.pepinierepierreetlili.fr\/index.php\/wp-json\/wp\/v2\/product\/244","targetHints":{"allow":["GET"]}}],"collection":[{"href":"https:\/\/www.pepinierepierreetlili.fr\/index.php\/wp-json\/wp\/v2\/product"}],"about":[{"href":"https:\/\/www.pepinierepierreetlili.fr\/index.php\/wp-json\/wp\/v2\/types\/product"}],"wp:featuredmedia":[{"embeddable":true,"href":"https:\/\/www.pepinierepierreetlili.fr\/index.php\/wp-json\/wp\/v2\/media\/1463"}],"wp:attachment":[{"href":"https:\/\/www.pepinierepierreetlili.fr\/index.php\/wp-json\/wp\/v2\/media?parent=244"}],"wp:term":[{"taxonomy":"product_brand","embeddable":true,"href":"https:\/\/www.pepinierepierreetlili.fr\/index.php\/wp-json\/wp\/v2\/product_brand?post=244"},{"taxonomy":"product_cat","embeddable":true,"href":"https:\/\/www.pepinierepierreetlili.fr\/index.php\/wp-json\/wp\/v2\/product_cat?post=244"},{"taxonomy":"product_tag","embeddable":true,"href":"https:\/\/www.pepinierepierreetlili.fr\/index.php\/wp-json\/wp\/v2\/product_tag?post=244"}],"curies":[{"name":"wp","href":"https:\/\/api.w.org\/{rel}","templated":true}]}}