{"id":242,"date":"2023-06-08T11:00:42","date_gmt":"2023-06-08T09:00:42","guid":{"rendered":"http:\/\/pepinierepierreetlili.fr\/?post_type=product&#038;p=242"},"modified":"2026-04-23T22:43:56","modified_gmt":"2026-04-23T20:43:56","slug":"poirier-dete-william-jaune","status":"publish","type":"product","link":"https:\/\/www.pepinierepierreetlili.fr\/index.php\/produit\/poirier-dete-william-jaune\/","title":{"rendered":"Poirier d&rsquo;Et\u00e9 WILLIAM&rsquo;S JAUNE OU BON-CHRETIEN"},"content":{"rendered":"<h3><span style=\"color: #ec6fb7;\"><span style=\"font-family: GeosansLight, sans-serif;\"><span style=\"font-size: xx-large;\"><b>Poirier d\u2019Et\u00e9 William\u2019s Jaune ou Bon-Chr\u00e9tien<\/b><\/span><\/span><\/span><\/h3>\n<p align=\"left\"><span style=\"color: #4f4f4f;\"><span style=\"font-family: GeosansLight, sans-serif;\"><span style=\"font-size: large;\">L&rsquo;histoire du poirier William&rsquo;s ou Bon-Chr\u00e9tien est incertaine et vous pouvez si vous \u00eates curieux en trouver plusieurs r\u00e9cits divergents sur ce lien: <a href=\"https:\/\/fr.wikipedia.org\/wiki\/Bon-Chr%C3%A9tien_Williams\">Bon-Chr\u00e9tien Williams \u2014 Wikip\u00e9dia (wikipedia.org)<\/a><\/span><\/span><\/span><\/p>\n<p align=\"left\"><span style=\"color: #4f4f4f;\"><span style=\"font-family: GeosansLight, sans-serif;\"><span style=\"font-size: large;\">Ce dont nous pouvons \u00eatre surs en revanche c&rsquo;est qu&rsquo;elle est extr\u00eamement r\u00e9pandue, et pour cause, cet arbre est productif et donne des fruits de gros calibre \u00e0 la peau jaune dor\u00e9e et fine. L<\/span><\/span><\/span><span style=\"color: #4f4f4f;\"><span style=\"font-family: GeosansLight, sans-serif;\"><span style=\"font-size: large;\">es poires que vous pourrez cueillir vers ao\u00fbt\/septembre, sont juste d\u00e9licieuses, sucr\u00e9es, parfum\u00e9es, fondantes et juteuses, une vari\u00e9t\u00e9 vraiment incroyable lorsqu&rsquo;on en d\u00e9guste un fruit cueilli \u00e0 pleine maturit\u00e9 juste au pied de l&rsquo;arbre.<\/span><\/span><\/span><\/p>\n<p align=\"left\"><span style=\"color: #4f4f4f;\"><span style=\"font-family: GeosansLight, sans-serif;\"><span style=\"font-size: large;\">Ce poirier se pla\u00eet aussi bien en altitude et \u00e0 une bonne r\u00e9sistance aux diff\u00e9rentes maladies des poiriers<\/span><\/span><\/span><\/p>\n<p align=\"left\"><span style=\"color: #4f4f4f;\"><span style=\"font-family: GeosansLight, sans-serif;\"><span style=\"font-size: large;\">Sa floraison, vers mars\/avril est en partie autofertile, excellent pollinisateur, associez le avec d&rsquo;autres poiriers qui fleurissent en m\u00eame temps que lui pour des r\u00e9coltes plus abondantes.<\/span><\/span><\/span><\/p>\n<p align=\"left\"><span style=\"font-size: large;\"><span style=\"color: #800080;\"><span style=\"font-family: GeosansLight, serif;\"><b>Arbre produit en Agriculture Biologique, labellis\u00e9 \u00ab\u00a0AB\u00a0\u00bb avec des strat\u00e9gies d&rsquo;Agriculture de Conservation des sols, sols vivants, permaculture<\/b><\/span><\/span><\/span><\/p>\n<p align=\"left\"><span style=\"font-size: large;\"><b> <\/b><span style=\"color: #000000;\"><span style=\"font-family: GeosansLight, serif;\"><i>(voir fiche explicative \u00ab <a href=\"https:\/\/www.pepinierepierreetlili.fr\/index.php\/msv-maraichage-sur-sol-vivant-psv-pepiniere-quest-ce-que-cest\/\">C\u2019est quoi l\u2019agriculture de conservation des sols ? \u2013 PEPINIERE PIERRE ET LILI<\/a>\u00bb)<\/i><\/span><\/span><\/span><\/p>\n<p align=\"left\"><span style=\"font-size: large;\"><span style=\"font-family: GeosansLight, serif;\">Vendu Racines nues <\/span><span style=\"font-family: GeosansLight, serif;\"><i>(voir fiche explicative \u00ab<a href=\"https:\/\/www.pepinierepierreetlili.fr\/index.php\/pourquoi-les-racines-nues\/\">pourquoi les racines nues ? \u2013 PEPINIERE PIERRE ET LILI<\/a><span style=\"color: #000000;\">\u00bb)<\/span><\/i><\/span><\/span><\/p>\n<p align=\"left\"><span style=\"font-family: GeosansLight, sans-serif;\"><b>Livraison<\/b> possible dans toute la France\u00a0<\/span><\/p>\n<p align=\"left\"><span style=\"font-family: GeosansLight, sans-serif;\"><span style=\"font-size: large;\"><span style=\"font-family: GeosansLight, serif;\"><span style=\"font-size: medium;\"><i>Pierre, Lili et Paolo vous remercie<\/i><\/span><\/span><span style=\"font-family: GeosansLight, serif;\"><span style=\"font-size: medium;\"><i>nt<\/i><\/span><\/span><span style=\"font-family: GeosansLight, serif;\"><span style=\"font-size: medium;\"><i>\u00a0!<\/i><\/span><\/span><\/span><\/span><\/p>\n<p>&nbsp;<\/p>\n<p>&nbsp;<\/p>\n<p>&nbsp;<\/p>\n","protected":false},"excerpt":{"rendered":"<p align=\"left\"><span style=\"color: #4f4f4f;\"><span style=\"font-family: GeosansLight, sans-serif;\"><span style=\"font-size: large;\">V<\/span><\/span><\/span><span style=\"color: #4f4f4f;\"><span style=\"font-family: GeosansLight, sans-serif;\"><span style=\"font-size: large;\">ari\u00e9t\u00e9 Ancienne Angleterre 1770<\/span><\/span><\/span><\/p>\n<p align=\"left\"><span style=\"color: #4f4f4f;\"><span style=\"font-family: GeosansLight, sans-serif;\"><span style=\"font-size: large;\">Partiellement autofertile<\/span><\/span><\/span><\/p>\n<p align=\"left\"><span style=\"color: #4f4f4f;\"><span style=\"font-family: GeosansLight, sans-serif;\"><span style=\"font-size: large;\">Tr\u00e8s productif, r\u00e9siste bien aux maladies<\/span><\/span><\/span><\/p>\n<p align=\"left\"><span style=\"color: #4f4f4f;\"><span style=\"font-family: GeosansLight, sans-serif;\"><span style=\"font-size: large;\">Peau Jaune, c<\/span><\/span><\/span><span style=\"color: #4f4f4f;\"><span style=\"font-family: GeosansLight, sans-serif;\"><span style=\"font-size: large;\">hair blanche, juteuse, sucr\u00e9e, fondante, parfum\u00e9<\/span><\/span><\/span><\/p>\n<p align=\"left\"><span style=\"color: #4f4f4f;\"><span style=\"font-family: GeosansLight, sans-serif;\"><span style=\"font-size: large;\">Floraison vers mars avril<\/span><\/span><\/span><\/p>\n<p align=\"left\"><span style=\"color: #4f4f4f;\"><span style=\"font-family: GeosansLight, sans-serif;\"><span style=\"font-size: large;\"> R\u00e9colte vers ao\u00fbt septembre<\/span><\/span><\/span><\/p>\n<p>&nbsp;<\/p>\n<p>&nbsp;<\/p>\n<p>&nbsp;<\/p>\n","protected":false},"featured_media":2191,"template":"","meta":{"site-sidebar-layout":"default","site-content-layout":"default","ast-global-header-display":"","ast-banner-title-visibility":"","ast-main-header-display":"","ast-hfb-above-header-display":"","ast-hfb-below-header-display":"","ast-hfb-mobile-header-display":"","site-post-title":"","ast-breadcrumbs-content":"","ast-featured-img":"","footer-sml-layout":"","theme-transparent-header-meta":"default","adv-header-id-meta":"","stick-header-meta":"","header-above-stick-meta":"","header-main-stick-meta":"","header-below-stick-meta":""},"product_brand":[],"product_cat":[57,55],"product_tag":[],"class_list":{"0":"post-242","1":"product","2":"type-product","3":"status-publish","4":"has-post-thumbnail","6":"product_cat-poire-dete","7":"product_cat-poirier","8":"desktop-align-left","9":"tablet-align-left","10":"mobile-align-left","12":"first","13":"instock","14":"featured","15":"taxable","16":"shipping-taxable","17":"purchasable","18":"product-type-variable"},"jetpack_sharing_enabled":true,"_links":{"self":[{"href":"https:\/\/www.pepinierepierreetlili.fr\/index.php\/wp-json\/wp\/v2\/product\/242","targetHints":{"allow":["GET"]}}],"collection":[{"href":"https:\/\/www.pepinierepierreetlili.fr\/index.php\/wp-json\/wp\/v2\/product"}],"about":[{"href":"https:\/\/www.pepinierepierreetlili.fr\/index.php\/wp-json\/wp\/v2\/types\/product"}],"wp:featuredmedia":[{"embeddable":true,"href":"https:\/\/www.pepinierepierreetlili.fr\/index.php\/wp-json\/wp\/v2\/media\/2191"}],"wp:attachment":[{"href":"https:\/\/www.pepinierepierreetlili.fr\/index.php\/wp-json\/wp\/v2\/media?parent=242"}],"wp:term":[{"taxonomy":"product_brand","embeddable":true,"href":"https:\/\/www.pepinierepierreetlili.fr\/index.php\/wp-json\/wp\/v2\/product_brand?post=242"},{"taxonomy":"product_cat","embeddable":true,"href":"https:\/\/www.pepinierepierreetlili.fr\/index.php\/wp-json\/wp\/v2\/product_cat?post=242"},{"taxonomy":"product_tag","embeddable":true,"href":"https:\/\/www.pepinierepierreetlili.fr\/index.php\/wp-json\/wp\/v2\/product_tag?post=242"}],"curies":[{"name":"wp","href":"https:\/\/api.w.org\/{rel}","templated":true}]}}