{"id":214,"date":"2023-06-08T10:16:18","date_gmt":"2023-06-08T08:16:18","guid":{"rendered":"http:\/\/pepinierepierreetlili.fr\/?post_type=product&#038;p=214"},"modified":"2025-12-28T20:00:52","modified_gmt":"2025-12-28T19:00:52","slug":"pommier-dautomne-rose-de-berne","status":"publish","type":"product","link":"https:\/\/www.pepinierepierreetlili.fr\/index.php\/produit\/pommier-dautomne-rose-de-berne\/","title":{"rendered":"Pommier d&rsquo;Automne ROSE DE BERNE"},"content":{"rendered":"<h3 align=\"left\"><span style=\"color: #ec6fb7;\"><span style=\"font-family: GeosansLight, serif;\"><span style=\"font-size: xx-large;\"><b>Pommier <\/b><\/span><\/span><\/span><span style=\"color: #ec6fb7;\"><span style=\"font-family: GeosansLight, serif;\"><span style=\"font-size: xx-large;\"><b>Rose de Berne<\/b><\/span><\/span><\/span><\/h3>\n<p>&nbsp;<\/p>\n<p align=\"left\"><span style=\"font-family: GeosansLight, serif;\"><span style=\"font-size: large;\">Le pommier Rose de Berne est d\u00e9couvert \u00e0 Berne en 1888. <\/span><\/span><\/p>\n<p align=\"left\"><span style=\"font-family: GeosansLight, serif;\"><span style=\"font-size: large;\">Cette vari\u00e9t\u00e9 se pla\u00eet bien en altitude et sa mise \u00e0 fruit est rapide.<\/span><\/span><\/p>\n<p align=\"left\"><span style=\"font-family: GeosansLight, serif;\"><span style=\"font-size: large;\">Vari\u00e9t\u00e9 un peu sensible \u00e0 la tavelure<\/span><\/span><\/p>\n<p align=\"left\"><span style=\"font-family: GeosansLight, serif;\"><span style=\"font-size: large;\">Le fruit est d\u2019une belle couleur rouge, et sa chair est fine et bien sucr\u00e9e. <\/span><\/span><\/p>\n<p align=\"left\"><span style=\"font-family: GeosansLight, serif;\"><span style=\"font-size: large;\">Floraison<\/span><\/span><span style=\"font-family: GeosansLight, serif;\"><span style=\"font-size: large;\"> autosterile aux alentours d&rsquo;avril\/mai, il faudra donc pr\u00e9voir une autre vari\u00e9t\u00e9 pour fleurir avec elle sans quoi il ne fructifiera pas.<\/span><\/span><\/p>\n<p align=\"left\"><span style=\"font-family: GeosansLight, serif;\"><span style=\"font-size: large;\">La r\u00e9colte se r\u00e9alise avant le Gel et la conservation en cave dure jusqu&rsquo;\u00e0 d\u00e9cembre<\/span><\/span><\/p>\n<p align=\"left\"><span style=\"font-size: large;\"><span style=\"color: #800080;\"><span style=\"font-family: GeosansLight, serif;\"><b>Arbre produit en Agriculture Biologique, labellis\u00e9 \u00ab\u00a0AB\u00a0\u00bb avec des strat\u00e9gies d&rsquo;Agriculture de Conservation des sols, sols vivants, permaculture<\/b><\/span><\/span><\/span><\/p>\n<p align=\"left\"><span style=\"font-size: large;\"><b> <\/b><span style=\"color: #000000;\"><span style=\"font-family: GeosansLight, serif;\"><i>(voir fiche explicative \u00ab <a href=\"https:\/\/www.pepinierepierreetlili.fr\/index.php\/msv-maraichage-sur-sol-vivant-psv-pepiniere-quest-ce-que-cest\/\">C\u2019est quoi l\u2019agriculture de conservation des sols ? \u2013 PEPINIERE PIERRE ET LILI<\/a>\u00bb)<\/i><\/span><\/span><\/span><\/p>\n<p align=\"left\"><span style=\"font-size: large;\"><span style=\"font-family: GeosansLight, serif;\">Vendu Racines nues <\/span><span style=\"font-family: GeosansLight, serif;\"><i>(voir fiche explicative \u00ab<a href=\"https:\/\/www.pepinierepierreetlili.fr\/index.php\/pourquoi-les-racines-nues\/\">pourquoi les racines nues ? \u2013 PEPINIERE PIERRE ET LILI<\/a><span style=\"color: #000000;\">\u00bb)<\/span><\/i><\/span><\/span><\/p>\n<p align=\"left\"><span style=\"font-size: large;\"><span style=\"font-family: GeosansLight, serif;\"><b>Livraison<\/b><\/span><span style=\"font-family: GeosansLight, serif;\"> possible dans toute la France\u00a0<\/span><\/span><\/p>\n<p><span style=\"font-family: GeosansLight, serif;\"><span style=\"font-size: large;\"><i><span style=\"color: #000000;\">Pierre, Lili et Paolo vous remercient\u00a0!<\/span><\/i><\/span><\/span><\/p>\n<p>&nbsp;<\/p>\n<p>&nbsp;<\/p>\n<p>&nbsp;<\/p>\n","protected":false},"excerpt":{"rendered":"<p align=\"left\"><span style=\"font-family: GeosansLight, serif;\"><span style=\"font-size: large;\">Vari\u00e9t\u00e9 ancienne Suisse 1888 <\/span><\/span><\/p>\n<p align=\"left\"><span style=\"font-family: GeosansLight, serif;\"><span style=\"font-size: large;\">Autost\u00e9rile<\/span><\/span><\/p>\n<p align=\"left\"><span style=\"font-family: GeosansLight, serif;\"><span style=\"font-size: large;\">Calibre moyen<\/span><\/span><\/p>\n<p align=\"left\"><span style=\"font-family: GeosansLight, serif;\"><span style=\"font-size: large;\">Peau rouge sombre, c<\/span><\/span><span style=\"font-family: GeosansLight, serif;\"><span style=\"font-size: large;\">hair tr\u00e8s agr\u00e9able sucr\u00e9e<\/span><\/span><\/p>\n<p align=\"left\"><span style=\"font-family: GeosansLight, serif;\"><span style=\"font-size: large;\">Floraison vers avril mai<\/span><\/span><\/p>\n<p align=\"left\"><span style=\"font-family: GeosansLight, serif;\"><span style=\"font-size: large;\">R\u00e9colte avant le gel<\/span><\/span><\/p>\n<p>&nbsp;<\/p>\n<p>&nbsp;<\/p>\n<p>&nbsp;<\/p>\n<p>&nbsp;<\/p>\n<p>&nbsp;<\/p>\n<p>&nbsp;<\/p>\n<p>&nbsp;<\/p>\n<p>&nbsp;<\/p>\n<p>&nbsp;<\/p>\n<p>&nbsp;<\/p>\n","protected":false},"featured_media":2200,"template":"","meta":{"site-sidebar-layout":"default","site-content-layout":"default","ast-global-header-display":"","ast-banner-title-visibility":"","ast-main-header-display":"","ast-hfb-above-header-display":"","ast-hfb-below-header-display":"","ast-hfb-mobile-header-display":"","site-post-title":"","ast-breadcrumbs-content":"","ast-featured-img":"","footer-sml-layout":"","theme-transparent-header-meta":"default","adv-header-id-meta":"","stick-header-meta":"","header-above-stick-meta":"","header-main-stick-meta":"","header-below-stick-meta":""},"product_brand":[],"product_cat":[61,54],"product_tag":[],"class_list":{"0":"post-214","1":"product","2":"type-product","3":"status-publish","4":"has-post-thumbnail","6":"product_cat-pomme-dautomne","7":"product_cat-pommier","8":"desktop-align-left","9":"tablet-align-left","10":"mobile-align-left","12":"first","13":"instock","14":"featured","15":"taxable","16":"shipping-taxable","17":"purchasable","18":"product-type-variable"},"jetpack_sharing_enabled":true,"_links":{"self":[{"href":"https:\/\/www.pepinierepierreetlili.fr\/index.php\/wp-json\/wp\/v2\/product\/214","targetHints":{"allow":["GET"]}}],"collection":[{"href":"https:\/\/www.pepinierepierreetlili.fr\/index.php\/wp-json\/wp\/v2\/product"}],"about":[{"href":"https:\/\/www.pepinierepierreetlili.fr\/index.php\/wp-json\/wp\/v2\/types\/product"}],"wp:featuredmedia":[{"embeddable":true,"href":"https:\/\/www.pepinierepierreetlili.fr\/index.php\/wp-json\/wp\/v2\/media\/2200"}],"wp:attachment":[{"href":"https:\/\/www.pepinierepierreetlili.fr\/index.php\/wp-json\/wp\/v2\/media?parent=214"}],"wp:term":[{"taxonomy":"product_brand","embeddable":true,"href":"https:\/\/www.pepinierepierreetlili.fr\/index.php\/wp-json\/wp\/v2\/product_brand?post=214"},{"taxonomy":"product_cat","embeddable":true,"href":"https:\/\/www.pepinierepierreetlili.fr\/index.php\/wp-json\/wp\/v2\/product_cat?post=214"},{"taxonomy":"product_tag","embeddable":true,"href":"https:\/\/www.pepinierepierreetlili.fr\/index.php\/wp-json\/wp\/v2\/product_tag?post=214"}],"curies":[{"name":"wp","href":"https:\/\/api.w.org\/{rel}","templated":true}]}}