{"id":211,"date":"2023-06-08T10:13:15","date_gmt":"2023-06-08T08:13:15","guid":{"rendered":"http:\/\/pepinierepierreetlili.fr\/?post_type=product&#038;p=211"},"modified":"2025-12-28T19:49:13","modified_gmt":"2025-12-28T18:49:13","slug":"pommier-dautomne-raisin-rouge","status":"publish","type":"product","link":"https:\/\/www.pepinierepierreetlili.fr\/index.php\/produit\/pommier-dautomne-raisin-rouge\/","title":{"rendered":"Pommier d&rsquo;Automne RAISIN ROUGE"},"content":{"rendered":"<h3 align=\"left\"><span style=\"color: #ec6fb7;\"><span style=\"font-family: GeosansLight, serif;\"><span style=\"font-size: xx-large;\"><b>Pommier <\/b><\/span><\/span><\/span><span style=\"color: #ec6fb7;\"><span style=\"font-family: GeosansLight, serif;\"><span style=\"font-size: xx-large;\"><b>Raisin Rouge<\/b><\/span><\/span><\/span><\/h3>\n<p>&nbsp;<\/p>\n<p align=\"left\"><span style=\"font-size: large;\"><span style=\"font-family: GeosansLight, serif;\">Vari\u00e9t\u00e9 originaire du canton de Berne, obtenue vers 1830, elle y est principalement cultiv\u00e9e pour produire un excellent jus de pomme.<\/span><\/span><\/p>\n<p align=\"left\"><span style=\"font-size: large;\"><span style=\"font-family: GeosansLight, serif;\">Sa c<\/span><span style=\"font-family: GeosansLight, serif;\">hair fine <\/span><span style=\"font-family: GeosansLight, serif;\">et croquante<\/span><span style=\"font-family: GeosansLight, serif;\">, <\/span><span style=\"font-family: GeosansLight, serif;\">est donc<\/span><span style=\"font-family: GeosansLight, serif;\">\u00a0tr\u00e8s juteuse. <\/span><span style=\"font-family: GeosansLight, serif;\">Son<\/span><span style=\"font-family: GeosansLight, serif;\"> Acidit\u00e9 <\/span><span style=\"font-family: GeosansLight, serif;\">\u00e9quilibr\u00e9e<\/span> <span style=\"font-family: GeosansLight, serif;\">se caract\u00e9ristique par l\u2019agr\u00e9able<\/span><span style=\"font-family: GeosansLight, serif;\"> fra\u00eeche<\/span><span style=\"font-family: GeosansLight, serif;\">ur qu\u2019elle procure et la<\/span><span style=\"font-family: GeosansLight, serif;\">\u00a0s<\/span><span style=\"font-family: GeosansLight, serif;\">aveur <\/span><span style=\"font-family: GeosansLight, serif;\">typique qu&rsquo;elle exprime<\/span><span style=\"font-family: GeosansLight, serif;\">. <\/span><span style=\"font-family: GeosansLight, serif;\">Une excellente pomme \u00e0 jus, mais aussi \u00e0<\/span><span style=\"font-family: GeosansLight, serif;\"> couteau, <\/span><span style=\"font-family: GeosansLight, serif;\">ou<\/span><span style=\"font-family: GeosansLight, serif;\"> \u00e0 cidre. <\/span><\/span><\/p>\n<p align=\"left\"><span style=\"font-family: GeosansLight, serif;\"><span style=\"font-size: large;\">Cette vari\u00e9t\u00e9 est l\u00e9g\u00e8rement sensible \u00e0 la tavelure<\/span><\/span><\/p>\n<p align=\"left\"><span style=\"font-family: GeosansLight, serif;\"><span style=\"font-size: large;\">Autost\u00e9rile, sa floraison \u00e0 lieu aux alentours d<\/span><\/span><span style=\"font-family: GeosansLight, serif;\"><span style=\"font-size: large;\">\u2019<\/span><\/span><span style=\"font-family: GeosansLight, serif;\"><span style=\"font-size: large;\">avril\/<\/span><\/span><span style=\"font-family: GeosansLight, serif;\"><span style=\"font-size: large;\">mai ou elle aura besoin d&rsquo;une autre vari\u00e9t\u00e9 qui fleurit pour produire le moindre fruit.<\/span><\/span><\/p>\n<p><span style=\"font-family: GeosansLight, serif;\"><span style=\"font-size: large;\">La r\u00e9colte se fait aux alentours d<\/span><\/span><span style=\"font-family: GeosansLight, serif;\"><span style=\"font-size: large;\">e la mi-Novembre, et la conservation en cave est possible jusqu\u2019en janvier<\/span><\/span><span style=\"font-family: GeosansLight, serif;\"><span style=\"font-size: large;\">. <\/span><\/span><\/p>\n<p align=\"left\"><span style=\"font-size: large;\"><span style=\"color: #800080;\"><span style=\"font-family: GeosansLight, serif;\"><b>Arbre produit en Agriculture Biologique, labellis\u00e9 \u00ab\u00a0AB\u00a0\u00bb avec des strat\u00e9gies d&rsquo;Agriculture de Conservation des sols, sols vivants, permaculture<\/b><\/span><\/span><\/span><\/p>\n<p align=\"left\"><span style=\"font-size: large;\"><b> <\/b><span style=\"color: #000000;\"><span style=\"font-family: GeosansLight, serif;\"><i>(voir fiche explicative \u00ab <a href=\"https:\/\/www.pepinierepierreetlili.fr\/index.php\/msv-maraichage-sur-sol-vivant-psv-pepiniere-quest-ce-que-cest\/\">C\u2019est quoi l\u2019agriculture de conservation des sols ? \u2013 PEPINIERE PIERRE ET LILI<\/a>\u00bb)<\/i><\/span><\/span><\/span><\/p>\n<p align=\"left\"><span style=\"font-size: large;\"><span style=\"font-family: GeosansLight, serif;\">Vendu Racines nues <\/span><span style=\"font-family: GeosansLight, serif;\"><i>(voir fiche explicative \u00ab<a href=\"https:\/\/www.pepinierepierreetlili.fr\/index.php\/pourquoi-les-racines-nues\/\">pourquoi les racines nues ? \u2013 PEPINIERE PIERRE ET LILI<\/a><span style=\"color: #000000;\">\u00bb)<\/span><\/i><\/span><\/span><\/p>\n<p align=\"left\"><span style=\"font-size: large;\"><span style=\"font-family: GeosansLight, serif;\"><b>Livraison<\/b><\/span><span style=\"font-family: GeosansLight, serif;\"> possible dans toute la France\u00a0<\/span><\/span><\/p>\n<p><span style=\"font-family: GeosansLight, serif;\"><span style=\"font-size: large;\"><i><span style=\"color: #000000;\">Pierre, Lili et Paolo vous remercient\u00a0!<\/span><\/i><\/span><\/span><\/p>\n<p>&nbsp;<\/p>\n<p>&nbsp;<\/p>\n<p>&nbsp;<\/p>\n","protected":false},"excerpt":{"rendered":"<p align=\"left\"><span style=\"font-family: GeosansLight, serif;\"><span style=\"font-size: 18px;\">Scion de 1 an Racines nues <\/span><\/span><\/p>\n<p align=\"left\"><span style=\"font-family: GeosansLight, serif;\"><span style=\"font-size: 18px;\">Hauteur livr\u00e9e de 1 \u00e0 2m<\/span><\/span><\/p>\n<p align=\"left\"><span style=\"font-size: large;\"><span style=\"font-family: GeosansLight, serif;\">Autost\u00e9rile<\/span><\/span><\/p>\n<p align=\"left\"><span style=\"font-size: large;\"><span style=\"font-family: GeosansLight, serif;\">Adapt\u00e9 \u00e0 tout type de sol, exposition plein soleil<\/span><\/span><\/p>\n<p align=\"left\"><span style=\"font-size: large;\"><span style=\"font-family: GeosansLight, serif;\">Pomme rouge, c<\/span><span style=\"font-family: GeosansLight, serif;\">hair fine <\/span><span style=\"font-family: GeosansLight, serif;\">et croquante<\/span><span style=\"font-family: GeosansLight, serif;\">,<\/span><span style=\"font-family: GeosansLight, serif;\"> tr\u00e8s juteuse.<\/span><\/span><\/p>\n<p align=\"left\"><span style=\"font-size: large;\"><span style=\"font-family: GeosansLight, serif;\">Acidit\u00e9 <\/span><span style=\"font-family: GeosansLight, serif;\">\u00e9quilibr\u00e9e, rafraichissante, \u00e0<\/span><\/span><span style=\"font-size: large;\"><span style=\"font-family: GeosansLight, serif;\"> couteau, \u00e0 jus, \u00e0 cidre<\/span><\/span><\/p>\n<p align=\"left\"><span style=\"font-family: GeosansLight, serif;\"><span style=\"font-size: large;\">L\u00e9g\u00e8rement sensible \u00e0 la tavelure<\/span><\/span><\/p>\n<p align=\"left\"><span style=\"font-family: GeosansLight, serif;\"><span style=\"font-size: large;\">Floraison <\/span><\/span><span style=\"font-family: GeosansLight, serif;\"><span style=\"font-size: large;\">avril\/<\/span><\/span><span style=\"font-family: GeosansLight, serif;\"><span style=\"font-size: large;\">mai<\/span><\/span><\/p>\n<p><span style=\"font-family: GeosansLight, serif;\"><span style=\"font-size: large;\">R\u00e9colte <\/span><\/span><span style=\"font-family: GeosansLight, serif;\"><span style=\"font-size: large;\">mi-Novembre conservation en cave jusqu\u2019en janvier<\/span><\/span><\/p>\n<p>&nbsp;<\/p>\n<p>&nbsp;<\/p>\n<p>&nbsp;<\/p>\n<p>&nbsp;<\/p>\n<p>&nbsp;<\/p>\n<p>&nbsp;<\/p>\n<p>&nbsp;<\/p>\n<p>&nbsp;<\/p>\n","protected":false},"featured_media":2149,"template":"","meta":{"site-sidebar-layout":"default","site-content-layout":"default","ast-global-header-display":"","ast-banner-title-visibility":"","ast-main-header-display":"","ast-hfb-above-header-display":"","ast-hfb-below-header-display":"","ast-hfb-mobile-header-display":"","site-post-title":"","ast-breadcrumbs-content":"","ast-featured-img":"","footer-sml-layout":"","theme-transparent-header-meta":"default","adv-header-id-meta":"","stick-header-meta":"","header-above-stick-meta":"","header-main-stick-meta":"","header-below-stick-meta":""},"product_brand":[],"product_cat":[61,54],"product_tag":[],"class_list":{"0":"post-211","1":"product","2":"type-product","3":"status-publish","4":"has-post-thumbnail","6":"product_cat-pomme-dautomne","7":"product_cat-pommier","8":"desktop-align-left","9":"tablet-align-left","10":"mobile-align-left","12":"first","13":"outofstock","14":"featured","15":"taxable","16":"shipping-taxable","17":"purchasable","18":"product-type-variable"},"jetpack_sharing_enabled":true,"_links":{"self":[{"href":"https:\/\/www.pepinierepierreetlili.fr\/index.php\/wp-json\/wp\/v2\/product\/211","targetHints":{"allow":["GET"]}}],"collection":[{"href":"https:\/\/www.pepinierepierreetlili.fr\/index.php\/wp-json\/wp\/v2\/product"}],"about":[{"href":"https:\/\/www.pepinierepierreetlili.fr\/index.php\/wp-json\/wp\/v2\/types\/product"}],"wp:featuredmedia":[{"embeddable":true,"href":"https:\/\/www.pepinierepierreetlili.fr\/index.php\/wp-json\/wp\/v2\/media\/2149"}],"wp:attachment":[{"href":"https:\/\/www.pepinierepierreetlili.fr\/index.php\/wp-json\/wp\/v2\/media?parent=211"}],"wp:term":[{"taxonomy":"product_brand","embeddable":true,"href":"https:\/\/www.pepinierepierreetlili.fr\/index.php\/wp-json\/wp\/v2\/product_brand?post=211"},{"taxonomy":"product_cat","embeddable":true,"href":"https:\/\/www.pepinierepierreetlili.fr\/index.php\/wp-json\/wp\/v2\/product_cat?post=211"},{"taxonomy":"product_tag","embeddable":true,"href":"https:\/\/www.pepinierepierreetlili.fr\/index.php\/wp-json\/wp\/v2\/product_tag?post=211"}],"curies":[{"name":"wp","href":"https:\/\/api.w.org\/{rel}","templated":true}]}}