{"id":208,"date":"2023-06-08T10:08:10","date_gmt":"2023-06-08T08:08:10","guid":{"rendered":"http:\/\/pepinierepierreetlili.fr\/?post_type=product&#038;p=208"},"modified":"2025-12-25T14:59:47","modified_gmt":"2025-12-25T13:59:47","slug":"prunier-questche-alsace","status":"publish","type":"product","link":"https:\/\/www.pepinierepierreetlili.fr\/index.php\/produit\/prunier-questche-alsace\/","title":{"rendered":"Prunier QUETCHES D&rsquo;ALSACE"},"content":{"rendered":"<h3 align=\"left\"><span style=\"color: #ec6fb7;\"><span style=\"font-family: GeosansLight, serif;\"><span style=\"font-size: xx-large;\"><b>P<\/b><\/span><\/span><\/span><span style=\"color: #ec6fb7;\"><span style=\"font-family: GeosansLight, serif;\"><span style=\"font-size: xx-large;\"><b>runier Quetsche d\u2019Alsace<\/b><\/span><\/span><\/span><\/h3>\n<p><span style=\"color: #202122;\"><span style=\"font-family: GeosansLight, sans-serif;\"><span style=\"font-size: large;\">Les Allemands parlent de la \u00ab\u00a0Zwetsche\u00a0\u00bb ce qui en fran\u00e7ais \u00e0 fini par donner la fameuse quetsche. Cette vari\u00e9t\u00e9 population est l&rsquo;une des plus anciennes vari\u00e9t\u00e9s de prunes europ\u00e9ennes, elle a \u00e9t\u00e9 d\u00e9crite pour la premi\u00e8re fois en 1914 et c&rsquo;\u00e9tait en Alsace Allemande, ce qui explique son nom&#8230;<\/span><\/span><\/span><\/p>\n<p><span style=\"color: #202122;\"><span style=\"font-family: GeosansLight, sans-serif;\"><span style=\"font-size: large;\">Ce prunier est une vari\u00e9t\u00e9 rustique et productive, il produit une abondance de d\u00e9licieux fruits \u00e0 chair jaune et verte, fermes, juteux, parfum\u00e9s et sucr\u00e9s, ils sont aussi parfaits \u00e0 consommer frais que transform\u00e9s.<\/span><\/span><\/span><\/p>\n<p><span style=\"color: #202122;\"><span style=\"font-family: GeosansLight, sans-serif;\"><span style=\"font-size: large;\">Sa g\u00e9n\u00e9reuse floraison est tardive, aux alentours de la fin mars, et c\u2019est une vari\u00e9t\u00e9 Autofertile (qui sera toutefois plus productive avec d&rsquo;autres pruniers qui fleurissent de mani\u00e8re connexe).<\/span><\/span><\/span><\/p>\n<p><span style=\"color: #202122;\"><span style=\"font-family: GeosansLight, sans-serif;\"><span style=\"font-size: large;\">Vous pourrez r\u00e9galer vos papilles vers le mois de septembre.<\/span><\/span><\/span><\/p>\n<p align=\"left\"><span style=\"font-size: large;\"><span style=\"color: #800080;\"><span style=\"font-family: GeosansLight, serif;\"><b>Arbre produit en Agriculture Biologique, labellis\u00e9 \u00ab\u00a0AB\u00a0\u00bb avec des strat\u00e9gies d&rsquo;Agriculture de Conservation des sols, sols vivants, permaculture<\/b><\/span><\/span><\/span><\/p>\n<p align=\"left\"><span style=\"font-size: large;\"><b> <\/b><span style=\"color: #000000;\"><span style=\"font-family: GeosansLight, serif;\"><i>(voir fiche explicative \u00ab <a href=\"https:\/\/www.pepinierepierreetlili.fr\/index.php\/msv-maraichage-sur-sol-vivant-psv-pepiniere-quest-ce-que-cest\/\">C\u2019est quoi l\u2019agriculture de conservation des sols ? \u2013 PEPINIERE PIERRE ET LILI<\/a>\u00bb)<\/i><\/span><\/span><\/span><\/p>\n<p align=\"left\"><span style=\"font-size: large;\"><span style=\"font-family: GeosansLight, serif;\">Vendu Racines nues <\/span><span style=\"font-family: GeosansLight, serif;\"><i>(voir fiche explicative \u00ab<a href=\"https:\/\/www.pepinierepierreetlili.fr\/index.php\/pourquoi-les-racines-nues\/\">pourquoi les racines nues ? \u2013 PEPINIERE PIERRE ET LILI<\/a><span style=\"color: #000000;\">\u00bb)<\/span><\/i><\/span><\/span><\/p>\n<p align=\"left\"><span style=\"font-family: GeosansLight, serif;\"><b>Livraison<\/b><\/span><span style=\"font-family: GeosansLight, serif;\"> possible dans toute la France\u00a0<\/span><\/p>\n<p><span style=\"font-family: GeosansLight, serif;\"><span style=\"font-size: medium;\"><i>Pierre, Lili et Paolo vous remercient\u00a0!<\/i><\/span><\/span><\/p>\n<p>&nbsp;<\/p>\n","protected":false},"excerpt":{"rendered":"<p><span style=\"color: #202122;\"><span style=\"font-family: GeosansLight, sans-serif;\"><span style=\"font-size: large;\">Vari\u00e9t\u00e9 Ancienne Fran\u00e7aise 1914<\/span><\/span><\/span><\/p>\n<p><span style=\"color: #202122;\"><span style=\"font-family: GeosansLight, sans-serif;\"><span style=\"font-size: large;\">Autofertile<\/span><\/span><\/span><\/p>\n<p><span style=\"color: #202122;\"><span style=\"font-family: GeosansLight, sans-serif;\"><span style=\"font-size: large;\">Rustique, p<\/span><\/span><\/span><span style=\"color: #202122;\"><span style=\"font-family: GeosansLight, sans-serif;\"><span style=\"font-size: large;\">roductive<\/span><\/span><\/span><\/p>\n<p><span style=\"color: #202122;\"><span style=\"font-family: GeosansLight, sans-serif;\"><span style=\"font-size: large;\">Chair jaune\/verte, ferme, juteuse, parfum\u00e9e et sucr\u00e9e<\/span><\/span><\/span><\/p>\n<p><span style=\"color: #202122;\"><span style=\"font-family: GeosansLight, sans-serif;\"><span style=\"font-size: large;\">A croquer et \u00e0 transformer<\/span><\/span><\/span><\/p>\n<p><span style=\"color: #202122;\"><span style=\"font-family: GeosansLight, sans-serif;\"><span style=\"font-size: large;\">Floraison tardive aux alentours de fin mars<\/span><\/span><\/span><\/p>\n<p><span style=\"color: #202122;\"><span style=\"font-family: GeosansLight, sans-serif;\"><span style=\"font-size: large;\">R\u00e9colte Septembre<\/span><\/span><\/span><\/p>\n<p>&nbsp;<\/p>\n","protected":false},"featured_media":1419,"template":"","meta":{"site-sidebar-layout":"default","site-content-layout":"default","ast-global-header-display":"","ast-banner-title-visibility":"","ast-main-header-display":"","ast-hfb-above-header-display":"","ast-hfb-below-header-display":"","ast-hfb-mobile-header-display":"","site-post-title":"","ast-breadcrumbs-content":"","ast-featured-img":"","footer-sml-layout":"","theme-transparent-header-meta":"default","adv-header-id-meta":"","stick-header-meta":"","header-above-stick-meta":"","header-main-stick-meta":"","header-below-stick-meta":""},"product_brand":[],"product_cat":[47],"product_tag":[],"class_list":{"0":"post-208","1":"product","2":"type-product","3":"status-publish","4":"has-post-thumbnail","6":"product_cat-prunier","7":"desktop-align-left","8":"tablet-align-left","9":"mobile-align-left","11":"first","12":"outofstock","13":"featured","14":"taxable","15":"shipping-taxable","16":"purchasable","17":"product-type-variable"},"jetpack_sharing_enabled":true,"_links":{"self":[{"href":"https:\/\/www.pepinierepierreetlili.fr\/index.php\/wp-json\/wp\/v2\/product\/208","targetHints":{"allow":["GET"]}}],"collection":[{"href":"https:\/\/www.pepinierepierreetlili.fr\/index.php\/wp-json\/wp\/v2\/product"}],"about":[{"href":"https:\/\/www.pepinierepierreetlili.fr\/index.php\/wp-json\/wp\/v2\/types\/product"}],"wp:featuredmedia":[{"embeddable":true,"href":"https:\/\/www.pepinierepierreetlili.fr\/index.php\/wp-json\/wp\/v2\/media\/1419"}],"wp:attachment":[{"href":"https:\/\/www.pepinierepierreetlili.fr\/index.php\/wp-json\/wp\/v2\/media?parent=208"}],"wp:term":[{"taxonomy":"product_brand","embeddable":true,"href":"https:\/\/www.pepinierepierreetlili.fr\/index.php\/wp-json\/wp\/v2\/product_brand?post=208"},{"taxonomy":"product_cat","embeddable":true,"href":"https:\/\/www.pepinierepierreetlili.fr\/index.php\/wp-json\/wp\/v2\/product_cat?post=208"},{"taxonomy":"product_tag","embeddable":true,"href":"https:\/\/www.pepinierepierreetlili.fr\/index.php\/wp-json\/wp\/v2\/product_tag?post=208"}],"curies":[{"name":"wp","href":"https:\/\/api.w.org\/{rel}","templated":true}]}}