{"id":203,"date":"2023-06-08T10:04:14","date_gmt":"2023-06-08T08:04:14","guid":{"rendered":"http:\/\/pepinierepierreetlili.fr\/?post_type=product&#038;p=203"},"modified":"2025-12-25T15:01:38","modified_gmt":"2025-12-25T14:01:38","slug":"prunier-mirabelle-de-nancy","status":"publish","type":"product","link":"https:\/\/www.pepinierepierreetlili.fr\/index.php\/produit\/prunier-mirabelle-de-nancy\/","title":{"rendered":"Prunier MIRABELLE DE NANCY"},"content":{"rendered":"<h3 align=\"left\"><span style=\"color: #ec6fb7;\"><span style=\"font-family: GeosansLight, serif;\"><span style=\"font-size: xx-large;\"><b>P<\/b><\/span><\/span><\/span><span style=\"color: #ec6fb7;\"><span style=\"font-family: GeosansLight, serif;\"><span style=\"font-size: xx-large;\"><b>runier <\/b><\/span><\/span><\/span><span style=\"color: #ec6fb7;\"><span style=\"font-family: GeosansLight, serif;\"><span style=\"font-size: xx-large;\"><b>Mirabelle de <\/b><\/span><\/span><\/span><span style=\"color: #ec6fb7;\"><span style=\"font-family: GeosansLight, serif;\"><span style=\"font-size: xx-large;\"><b>Nancy<\/b><\/span><\/span><\/span><\/h3>\n<h3><\/h3>\n<p><span style=\"color: #333333;\"><span style=\"font-family: GeosansLight, sans-serif;\"><span style=\"font-size: large;\">La M<\/span><\/span><\/span><span style=\"color: #333333;\"><span style=\"font-family: GeosansLight, sans-serif;\"><span style=\"font-size: large;\">irabelle <\/span><\/span><\/span><span style=\"color: #333333;\"><span style=\"font-family: GeosansLight, sans-serif;\"><span style=\"font-size: large;\">de Nancy est une vari\u00e9t\u00e9 ancienne originaire de Nancy et elle est un coup de c\u0153ur pour Lili ! <\/span><\/span><\/span><\/p>\n<p><span style=\"color: #333333;\"><span style=\"font-family: GeosansLight, sans-serif;\"><span style=\"font-size: large;\">L&rsquo;arbre est rustique, et il produit des fruits d&rsquo;une belle couleur dor\u00e9e avec des petites t\u00e2ches rouge. Leur chair est d\u00e9licieusement sucr\u00e9e et se d\u00e9tache facilement du noyau (tr\u00e8s pratique en p\u00e2tisserie, confitures etc).<\/span><\/span><\/span><\/p>\n<p><span style=\"color: #333333;\"><span style=\"font-family: GeosansLight, sans-serif;\"><span style=\"font-size: large;\">La floraison aura lieu aux alentours des mois de mars et avril et vous r\u00e9colterez ses excellents fruits \u00e0 partir de fin ao\u00fbt.<\/span><\/span><\/span><\/p>\n<p><span style=\"color: #333333;\"><span style=\"font-family: GeosansLight, sans-serif;\"><span style=\"font-size: large;\">C\u2019est une vari\u00e9t\u00e9 autofertile mais elle produira plus si vous l\u2019associez avec d&rsquo;autres pruniers qui fleurissent au m\u00eame moment que lui.<\/span><\/span><\/span><\/p>\n<p align=\"left\"><span style=\"font-size: large;\"><span style=\"color: #800080;\"><span style=\"font-family: GeosansLight, serif;\"><b>Arbre produit en Agriculture Biologique, labellis\u00e9 \u00ab\u00a0AB\u00a0\u00bb avec des strat\u00e9gies d&rsquo;Agriculture de Conservation des sols, sols vivants, permaculture<\/b><\/span><\/span><\/span><\/p>\n<p align=\"left\"><span style=\"font-size: large;\"><b> <\/b><span style=\"color: #000000;\"><span style=\"font-family: GeosansLight, serif;\"><i>(voir fiche explicative \u00ab <a href=\"https:\/\/www.pepinierepierreetlili.fr\/index.php\/msv-maraichage-sur-sol-vivant-psv-pepiniere-quest-ce-que-cest\/\">C\u2019est quoi l\u2019agriculture de conservation des sols ? \u2013 PEPINIERE PIERRE ET LILI<\/a>\u00bb)<\/i><\/span><\/span><\/span><\/p>\n<p align=\"left\"><span style=\"font-size: large;\"><span style=\"font-family: GeosansLight, serif;\">Vendu Racines nues <\/span><span style=\"font-family: GeosansLight, serif;\"><i>(voir fiche explicative \u00ab<a href=\"https:\/\/www.pepinierepierreetlili.fr\/index.php\/pourquoi-les-racines-nues\/\">pourquoi les racines nues ? \u2013 PEPINIERE PIERRE ET LILI<\/a><span style=\"color: #000000;\">\u00bb)<\/span><\/i><\/span><\/span><\/p>\n<p align=\"left\"><span style=\"font-family: GeosansLight, serif;\"><b>Livraison<\/b><\/span><span style=\"font-family: GeosansLight, serif;\"> possible dans toute la France<\/span><\/p>\n<p><span style=\"font-family: GeosansLight, serif;\"><span style=\"font-size: medium;\"><i>Pierre, Lili et Paolo vous remercient\u00a0!<\/i><\/span><\/span><\/p>\n<p>&nbsp;<\/p>\n","protected":false},"excerpt":{"rendered":"<p><span style=\"color: #333333;\"><span style=\"font-family: GeosansLight, sans-serif;\"><span style=\"font-size: large;\">Vari\u00e9t\u00e9 ancienne Fran\u00e7aise<\/span><\/span><\/span><\/p>\n<p><span style=\"color: #333333;\"><span style=\"font-family: GeosansLight, sans-serif;\"><span style=\"font-size: large;\">Autofertile<\/span><\/span><\/span><\/p>\n<p><span style=\"color: #333333;\"><span style=\"font-family: GeosansLight, sans-serif;\"><span style=\"font-size: large;\">Rustique<\/span><\/span><\/span><\/p>\n<p><span style=\"color: #333333;\"><span style=\"font-family: GeosansLight, sans-serif;\"><span style=\"font-size: large;\">Fruits de gros calibre, p<\/span><\/span><\/span><span style=\"color: #333333;\"><span style=\"font-family: GeosansLight, sans-serif;\"><span style=\"font-size: large;\">eau dor\u00e9e, quelques t\u00e2ches rouges<\/span><\/span><\/span><\/p>\n<p><span style=\"color: #333333;\"><span style=\"font-family: GeosansLight, sans-serif;\"><span style=\"font-size: large;\">Fruits sucr\u00e9s et chair qui se d\u00e9tache bien du noyau<\/span><\/span><\/span><\/p>\n<p><span style=\"color: #333333;\"><span style=\"font-family: GeosansLight, sans-serif;\"><span style=\"font-size: large;\">Floraison vers Mars Avril<\/span><\/span><\/span><\/p>\n<p><span style=\"color: #333333;\"><span style=\"font-family: GeosansLight, sans-serif;\"><span style=\"font-size: large;\">R\u00e9colte vers fin ao\u00fbt<\/span><\/span><\/span><\/p>\n<p>&nbsp;<\/p>\n","protected":false},"featured_media":2195,"template":"","meta":{"site-sidebar-layout":"default","site-content-layout":"default","ast-global-header-display":"","ast-banner-title-visibility":"","ast-main-header-display":"","ast-hfb-above-header-display":"","ast-hfb-below-header-display":"","ast-hfb-mobile-header-display":"","site-post-title":"","ast-breadcrumbs-content":"","ast-featured-img":"","footer-sml-layout":"","theme-transparent-header-meta":"default","adv-header-id-meta":"","stick-header-meta":"","header-above-stick-meta":"","header-main-stick-meta":"","header-below-stick-meta":""},"product_brand":[],"product_cat":[47],"product_tag":[],"class_list":{"0":"post-203","1":"product","2":"type-product","3":"status-publish","4":"has-post-thumbnail","6":"product_cat-prunier","7":"desktop-align-left","8":"tablet-align-left","9":"mobile-align-left","11":"first","12":"outofstock","13":"featured","14":"taxable","15":"shipping-taxable","16":"purchasable","17":"product-type-variable"},"jetpack_sharing_enabled":true,"_links":{"self":[{"href":"https:\/\/www.pepinierepierreetlili.fr\/index.php\/wp-json\/wp\/v2\/product\/203","targetHints":{"allow":["GET"]}}],"collection":[{"href":"https:\/\/www.pepinierepierreetlili.fr\/index.php\/wp-json\/wp\/v2\/product"}],"about":[{"href":"https:\/\/www.pepinierepierreetlili.fr\/index.php\/wp-json\/wp\/v2\/types\/product"}],"wp:featuredmedia":[{"embeddable":true,"href":"https:\/\/www.pepinierepierreetlili.fr\/index.php\/wp-json\/wp\/v2\/media\/2195"}],"wp:attachment":[{"href":"https:\/\/www.pepinierepierreetlili.fr\/index.php\/wp-json\/wp\/v2\/media?parent=203"}],"wp:term":[{"taxonomy":"product_brand","embeddable":true,"href":"https:\/\/www.pepinierepierreetlili.fr\/index.php\/wp-json\/wp\/v2\/product_brand?post=203"},{"taxonomy":"product_cat","embeddable":true,"href":"https:\/\/www.pepinierepierreetlili.fr\/index.php\/wp-json\/wp\/v2\/product_cat?post=203"},{"taxonomy":"product_tag","embeddable":true,"href":"https:\/\/www.pepinierepierreetlili.fr\/index.php\/wp-json\/wp\/v2\/product_tag?post=203"}],"curies":[{"name":"wp","href":"https:\/\/api.w.org\/{rel}","templated":true}]}}