{"id":202,"date":"2023-06-08T10:03:03","date_gmt":"2023-06-08T08:03:03","guid":{"rendered":"http:\/\/pepinierepierreetlili.fr\/?post_type=product&#038;p=202"},"modified":"2025-12-25T15:03:49","modified_gmt":"2025-12-25T14:03:49","slug":"prunier-reine-claude-bavay","status":"publish","type":"product","link":"https:\/\/www.pepinierepierreetlili.fr\/index.php\/produit\/prunier-reine-claude-bavay\/","title":{"rendered":"Prunier REINE CLAUDE DE BAVAY"},"content":{"rendered":"<h3 align=\"left\"><span style=\"color: #ec6fb7;\"><span style=\"font-family: GeosansLight, serif;\"><span style=\"font-size: xx-large;\"><b>P<\/b><\/span><\/span><\/span><span style=\"color: #ec6fb7;\"><span style=\"font-family: GeosansLight, serif;\"><span style=\"font-size: xx-large;\"><b>runier <\/b><\/span><\/span><\/span><span style=\"color: #ec6fb7;\"><span style=\"font-family: GeosansLight, serif;\"><span style=\"font-size: xx-large;\"><b>Reine Claude de Bavay<\/b><\/span><\/span><\/span><\/h3>\n<p>&nbsp;<\/p>\n<p><span style=\"font-family: GeosansLight, sans-serif;\"><span style=\"font-size: large;\">Le\u00a0<\/span><\/span><span style=\"font-family: GeosansLight, sans-serif;\"><span style=\"font-size: large;\">Prunier Reine Claude de Bavay<\/span><\/span><span style=\"font-family: GeosansLight, sans-serif;\"><span style=\"font-size: large;\">\u00a0est une vari\u00e9t\u00e9 <\/span><\/span><span style=\"font-family: GeosansLight, sans-serif;\"><span style=\"font-size: large;\">ancienne qui aurait \u00e9t\u00e9 obtenue en 1841 \u00e0 Malignes en Belgique. Cette vari\u00e9t\u00e9 est vigoureuse, r\u00e9sistante aux maladies et tr\u00e8s productive!<\/span><\/span><\/p>\n<p><span style=\"font-family: GeosansLight, sans-serif;\"><span style=\"font-size: large;\">Elle vous donnera des gros fruits rond jaune\/vert, d&rsquo;une chair ferme, juteuse, parfum\u00e9e, et sucr\u00e9e, que vous pourrez d\u00e9guster crus, en salade, en tartes, et en confiture.<\/span><\/span><\/p>\n<p><span style=\"font-family: GeosansLight, sans-serif;\"><span style=\"font-size: large;\">La floraison autour de la mi mars pollinisera \u00e0 merveille vos autres pruniers, et s&rsquo;il est autofertile, lui procurer d&rsquo;autres pruniers qui fleurissent en m\u00eame temps ne fera qu&rsquo;accroitre sa productivit\u00e9.<\/span><\/span><\/p>\n<p align=\"left\"><span style=\"font-size: large;\"><span style=\"color: #800080;\"><span style=\"font-family: GeosansLight, serif;\"><b>Arbre produit en Agriculture Biologique, labellis\u00e9 \u00ab\u00a0AB\u00a0\u00bb avec des strat\u00e9gies d&rsquo;Agriculture de Conservation des sols, sols vivants, permaculture<\/b><\/span><\/span><\/span><\/p>\n<p align=\"left\"><span style=\"font-size: large;\"><b> <\/b><span style=\"color: #000000;\"><span style=\"font-family: GeosansLight, serif;\"><i>(voir fiche explicative \u00ab <a href=\"https:\/\/www.pepinierepierreetlili.fr\/index.php\/msv-maraichage-sur-sol-vivant-psv-pepiniere-quest-ce-que-cest\/\">C\u2019est quoi l\u2019agriculture de conservation des sols ? \u2013 PEPINIERE PIERRE ET LILI<\/a>\u00bb)<\/i><\/span><\/span><\/span><\/p>\n<p align=\"left\"><span style=\"font-size: large;\"><span style=\"font-family: GeosansLight, serif;\">Vendu Racines nues <\/span><span style=\"font-family: GeosansLight, serif;\"><i>(voir fiche explicative \u00ab<a href=\"https:\/\/www.pepinierepierreetlili.fr\/index.php\/pourquoi-les-racines-nues\/\">pourquoi les racines nues ? \u2013 PEPINIERE PIERRE ET LILI<\/a><span style=\"color: #000000;\">\u00bb)<\/span><\/i><\/span><\/span><\/p>\n<p align=\"left\"><span style=\"font-family: GeosansLight, serif;\"><b>Livraison<\/b><\/span><span style=\"font-family: GeosansLight, serif;\"> possible dans toute la France<\/span><\/p>\n<p><span style=\"font-family: GeosansLight, serif;\"><span style=\"font-size: medium;\"><i>Pierre, Lili et Paolo vous remercient\u00a0!<\/i><\/span><\/span><\/p>\n","protected":false},"excerpt":{"rendered":"<h3 align=\"left\"><\/h3>\n<p>&nbsp;<\/p>\n<p><span style=\"font-family: GeosansLight, sans-serif;\"><span style=\"font-size: large;\">Vari\u00e9t\u00e9 ancienne Belgique 1841<\/span><\/span><\/p>\n<p><span style=\"font-family: GeosansLight, sans-serif;\"><span style=\"font-size: large;\">Autofertile<\/span><\/span><\/p>\n<p><span style=\"font-family: GeosansLight, sans-serif;\"><span style=\"font-size: large;\">Vigoureuse, tr\u00e8s productive, r<\/span><\/span><span style=\"font-family: GeosansLight, sans-serif;\"><span style=\"font-size: large;\">\u00e9sistante aux maladies<\/span><\/span><\/p>\n<p><span style=\"font-size: large; font-family: GeosansLight, sans-serif;\">Gros fruits ronds, c<\/span><span style=\"font-family: GeosansLight, sans-serif;\"><span style=\"font-size: large;\">hair <span style=\"font-size: large; font-family: GeosansLight, sans-serif;\">jaune\/vert,<\/span> juteuse, parfum\u00e9e, ferme et sucr\u00e9e.<\/span><\/span><\/p>\n<p><span style=\"font-family: GeosansLight, sans-serif;\"><span style=\"font-size: large;\">Floraison vers mi mars, tr\u00e8s bon pollinisateur<\/span><\/span><\/p>\n<p><span style=\"font-family: GeosansLight, sans-serif;\"><span style=\"font-size: large;\">R\u00e9colte vers mi septembre<\/span><\/span><\/p>\n<p>&nbsp;<\/p>\n<p>&nbsp;<\/p>\n<p>&nbsp;<\/p>\n<p>&nbsp;<\/p>\n<p>&nbsp;<\/p>\n<p>&nbsp;<\/p>\n<p>&nbsp;<\/p>\n<p>&nbsp;<\/p>\n","protected":false},"featured_media":1423,"template":"","meta":{"site-sidebar-layout":"default","site-content-layout":"default","ast-global-header-display":"","ast-banner-title-visibility":"","ast-main-header-display":"","ast-hfb-above-header-display":"","ast-hfb-below-header-display":"","ast-hfb-mobile-header-display":"","site-post-title":"","ast-breadcrumbs-content":"","ast-featured-img":"","footer-sml-layout":"","theme-transparent-header-meta":"default","adv-header-id-meta":"","stick-header-meta":"","header-above-stick-meta":"","header-main-stick-meta":"","header-below-stick-meta":""},"product_brand":[],"product_cat":[47],"product_tag":[],"class_list":{"0":"post-202","1":"product","2":"type-product","3":"status-publish","4":"has-post-thumbnail","6":"product_cat-prunier","7":"desktop-align-left","8":"tablet-align-left","9":"mobile-align-left","11":"first","12":"outofstock","13":"featured","14":"taxable","15":"shipping-taxable","16":"purchasable","17":"product-type-variable"},"jetpack_sharing_enabled":true,"_links":{"self":[{"href":"https:\/\/www.pepinierepierreetlili.fr\/index.php\/wp-json\/wp\/v2\/product\/202","targetHints":{"allow":["GET"]}}],"collection":[{"href":"https:\/\/www.pepinierepierreetlili.fr\/index.php\/wp-json\/wp\/v2\/product"}],"about":[{"href":"https:\/\/www.pepinierepierreetlili.fr\/index.php\/wp-json\/wp\/v2\/types\/product"}],"wp:featuredmedia":[{"embeddable":true,"href":"https:\/\/www.pepinierepierreetlili.fr\/index.php\/wp-json\/wp\/v2\/media\/1423"}],"wp:attachment":[{"href":"https:\/\/www.pepinierepierreetlili.fr\/index.php\/wp-json\/wp\/v2\/media?parent=202"}],"wp:term":[{"taxonomy":"product_brand","embeddable":true,"href":"https:\/\/www.pepinierepierreetlili.fr\/index.php\/wp-json\/wp\/v2\/product_brand?post=202"},{"taxonomy":"product_cat","embeddable":true,"href":"https:\/\/www.pepinierepierreetlili.fr\/index.php\/wp-json\/wp\/v2\/product_cat?post=202"},{"taxonomy":"product_tag","embeddable":true,"href":"https:\/\/www.pepinierepierreetlili.fr\/index.php\/wp-json\/wp\/v2\/product_tag?post=202"}],"curies":[{"name":"wp","href":"https:\/\/api.w.org\/{rel}","templated":true}]}}