{"id":196,"date":"2023-06-08T09:11:35","date_gmt":"2023-06-08T07:11:35","guid":{"rendered":"http:\/\/pepinierepierreetlili.fr\/?post_type=product&#038;p=196"},"modified":"2025-12-25T13:54:35","modified_gmt":"2025-12-25T12:54:35","slug":"cerisier-biggareau-trompe-geai","status":"publish","type":"product","link":"https:\/\/www.pepinierepierreetlili.fr\/index.php\/produit\/cerisier-biggareau-trompe-geai\/","title":{"rendered":"Cerisier BIGGAREAU TROMPE GEAI"},"content":{"rendered":"<p>Vari\u00e9t\u00e9 ancienne tr\u00e8s sucr\u00e9e \u2013 Rustique \u2013 Production sur sol vivant<\/p>\n<p>Le cerisier Trompe-Geai est une ancienne vari\u00e9t\u00e9 fran\u00e7aise r\u00e9put\u00e9e pour ses cerises rouge fonc\u00e9 presque noires, tr\u00e8s sucr\u00e9es, fermes et croquantes. Appr\u00e9ci\u00e9 pour sa r\u00e9gularit\u00e9 de production, sa robustesse et sa qualit\u00e9 gustative, il convient aussi bien aux vergers familiaux qu\u2019\u00e0 une production fruiti\u00e8re naturelle.<\/p>\n<p>\u00c0 la P\u00e9pini\u00e8re Pierre &#038; Lili, nos cerisiers sont cultiv\u00e9s sur sol vivant, sans travail du sol ni engrais de synth\u00e8se, pour des arbres autonomes, r\u00e9sistants \u00e0 la s\u00e9cheresse et durables.<\/p>\n<p>\ud83c\udf31 Donn\u00e9es techniques<br \/>\nVigueur : moyenne \u00e0 forte<br \/>\nFloraison : avril (mi-saison)<br \/>\nAutofertile : non<br \/>\nPollinisateurs : Burlat, Napol\u00e9on, Reverchon, C\u0153ur de Pigeon, Hedelfingen<br \/>\nR\u00e9colte : fin juin<br \/>\nFruits : gros, rouge fonc\u00e9 \u00e0 noirs, fermes, tr\u00e8s sucr\u00e9s<br \/>\nRusticit\u00e9 : \u201320 \u00b0C<br \/>\nTol\u00e9rance s\u00e9cheresse, bonne une fois install\u00e9<\/p>\n","protected":false},"excerpt":{"rendered":"<p>Vari\u00e9t\u00e9 ancienne tr\u00e8s sucr\u00e9e \u2013 Rustique \u2013 Production sur sol vivant<\/p>\n<p>Le cerisier Trompe-Geai est une ancienne vari\u00e9t\u00e9 fran\u00e7aise r\u00e9put\u00e9e pour ses cerises rouge fonc\u00e9 presque noires, tr\u00e8s sucr\u00e9es, fermes et croquantes. Appr\u00e9ci\u00e9 pour sa r\u00e9gularit\u00e9 de production, sa robustesse et sa qualit\u00e9 gustative, il convient aussi bien aux vergers familiaux qu\u2019\u00e0 une production fruiti\u00e8re naturelle.<\/p>\n<p>\u00c0 la P\u00e9pini\u00e8re Pierre &#038; Lili, nos cerisiers sont cultiv\u00e9s sur sol vivant, sans travail du sol ni engrais de synth\u00e8se, pour des arbres autonomes, r\u00e9sistants \u00e0 la s\u00e9cheresse et durables.<\/p>\n<p>\ud83c\udf31 Donn\u00e9es techniques<br \/>\nVigueur : moyenne \u00e0 forte<br \/>\nFloraison : avril (mi-saison)<br \/>\nAutofertile : non<br \/>\nPollinisateurs : Burlat, Napol\u00e9on, Reverchon, C\u0153ur de Pigeon, Hedelfingen<br \/>\nR\u00e9colte : fin juin<br \/>\nFruits : gros, rouge fonc\u00e9 \u00e0 noirs, fermes, tr\u00e8s sucr\u00e9s<br \/>\nRusticit\u00e9 : \u201320 \u00b0C<br \/>\nTol\u00e9rance s\u00e9cheresse, bonne une fois install\u00e9<\/p>\n","protected":false},"featured_media":1433,"template":"","meta":{"site-sidebar-layout":"default","site-content-layout":"default","ast-global-header-display":"","ast-banner-title-visibility":"","ast-main-header-display":"","ast-hfb-above-header-display":"","ast-hfb-below-header-display":"","ast-hfb-mobile-header-display":"","site-post-title":"","ast-breadcrumbs-content":"","ast-featured-img":"","footer-sml-layout":"","theme-transparent-header-meta":"default","adv-header-id-meta":"","stick-header-meta":"","header-above-stick-meta":"","header-main-stick-meta":"","header-below-stick-meta":""},"product_brand":[],"product_cat":[49],"product_tag":[],"class_list":{"0":"post-196","1":"product","2":"type-product","3":"status-publish","4":"has-post-thumbnail","6":"product_cat-cerisier","7":"desktop-align-left","8":"tablet-align-left","9":"mobile-align-left","11":"first","12":"instock","13":"featured","14":"taxable","15":"shipping-taxable","16":"purchasable","17":"product-type-variable"},"jetpack_sharing_enabled":true,"_links":{"self":[{"href":"https:\/\/www.pepinierepierreetlili.fr\/index.php\/wp-json\/wp\/v2\/product\/196","targetHints":{"allow":["GET"]}}],"collection":[{"href":"https:\/\/www.pepinierepierreetlili.fr\/index.php\/wp-json\/wp\/v2\/product"}],"about":[{"href":"https:\/\/www.pepinierepierreetlili.fr\/index.php\/wp-json\/wp\/v2\/types\/product"}],"wp:featuredmedia":[{"embeddable":true,"href":"https:\/\/www.pepinierepierreetlili.fr\/index.php\/wp-json\/wp\/v2\/media\/1433"}],"wp:attachment":[{"href":"https:\/\/www.pepinierepierreetlili.fr\/index.php\/wp-json\/wp\/v2\/media?parent=196"}],"wp:term":[{"taxonomy":"product_brand","embeddable":true,"href":"https:\/\/www.pepinierepierreetlili.fr\/index.php\/wp-json\/wp\/v2\/product_brand?post=196"},{"taxonomy":"product_cat","embeddable":true,"href":"https:\/\/www.pepinierepierreetlili.fr\/index.php\/wp-json\/wp\/v2\/product_cat?post=196"},{"taxonomy":"product_tag","embeddable":true,"href":"https:\/\/www.pepinierepierreetlili.fr\/index.php\/wp-json\/wp\/v2\/product_tag?post=196"}],"curies":[{"name":"wp","href":"https:\/\/api.w.org\/{rel}","templated":true}]}}