{"id":191,"date":"2023-06-08T09:01:40","date_gmt":"2023-06-08T07:01:40","guid":{"rendered":"http:\/\/pepinierepierreetlili.fr\/?post_type=product&#038;p=191"},"modified":"2025-12-25T14:07:13","modified_gmt":"2025-12-25T13:07:13","slug":"cerisier-napoleon","status":"publish","type":"product","link":"https:\/\/www.pepinierepierreetlili.fr\/index.php\/produit\/cerisier-napoleon\/","title":{"rendered":"Cerisier BIGARREAU NAPOLEON"},"content":{"rendered":"<h3><span style=\"color: #ec6fb7;\"><span style=\"font-family: GeosansLight, serif;\"><span style=\"font-size: xx-large;\"><b>C<\/b><\/span><\/span><\/span><span style=\"color: #ec6fb7;\"><span style=\"font-family: GeosansLight, serif;\"><span style=\"font-size: xx-large;\"><b>erisier <\/b><\/span><\/span><\/span><span style=\"color: #ec6fb7;\"><span style=\"font-family: GeosansLight, serif;\"><span style=\"font-size: xx-large;\"><b>Bigarreau <\/b><\/span><\/span><\/span><span style=\"color: #ec6fb7;\"><span style=\"font-family: GeosansLight, serif;\"><span style=\"font-size: xx-large;\"><b>Napol<\/b><\/span><\/span><\/span><span style=\"color: #ec6fb7;\"><span style=\"font-family: GeosansLight, serif;\"><span style=\"font-size: xx-large;\"><b>\u00e9<\/b><\/span><\/span><\/span><span style=\"color: #ec6fb7;\"><span style=\"font-family: GeosansLight, serif;\"><span style=\"font-size: xx-large;\"><b>on<\/b><\/span><\/span><\/span><\/h3>\n<p><span style=\"color: #333333;\"><span style=\"font-family: GeosansLight, sans-serif;\"><span style=\"font-size: large;\">Le cerisier Napol\u00e9on originaire d\u2019Allemagne ou il est r\u00e9pertori\u00e9 \u00e0 la fin du 18ieme si\u00e8cle.<\/span><\/span><\/span><\/p>\n<p><span style=\"color: #333333;\"><span style=\"font-family: GeosansLight, sans-serif;\"><span style=\"font-size: large;\">Les fruits sont de gros calibre, bicolores (rouge et jaune), et sa chair est juteuse, sucr\u00e9e et ferme.<\/span><\/span><\/span><\/p>\n<p><span style=\"color: #333333;\"><span style=\"font-family: GeosansLight, sans-serif;\"><span style=\"font-size: large;\">Sa floraison a lieu en mars et en avril, c&rsquo;est un arbre autost\u00e9rile, il a donc besoin d\u2019un autre cerisier qui fleurit en m\u00eame temps pour pouvoir produire le moindre fruit.<\/span><\/span><\/span><\/p>\n<p><span style=\"color: #333333;\"><span style=\"font-family: GeosansLight, sans-serif;\"><span style=\"font-size: large;\">Vos cerises se r\u00e9colteront vers la fin juin.<\/span><\/span><\/span><\/p>\n<p><span style=\"color: #333333;\"><span style=\"font-family: GeosansLight, sans-serif;\"><span style=\"font-size: large;\">Une vari\u00e9t\u00e9 d\u00e9licieuse!<\/span><\/span><\/span><\/p>\n<p align=\"left\"><span style=\"color: #800080;\"><span style=\"font-family: GeosansLight, serif;\"><span style=\"font-size: large;\"><b>Arbre produit en Agriculture Biologique, labellis\u00e9 \u201cAB\u201d avec des strat\u00e9gies d\u2019Agriculture de Conservation des sols, sols vivants, permaculture<\/b><\/span><\/span><\/span><\/p>\n<p align=\"left\"><span style=\"font-size: large;\"><span style=\"color: #000000;\"><span style=\"font-family: GeosansLight, serif;\"><i>(voir fiche explicative \u00ab <a href=\"https:\/\/www.pepinierepierreetlili.fr\/index.php\/msv-maraichage-sur-sol-vivant-psv-pepiniere-quest-ce-que-cest\/\">C\u2019est quoi l\u2019agriculture de conservation des sols ? \u2013 PEPINIERE PIERRE ET LILI<\/a>\u00bb)<\/i><\/span><\/span><\/span><\/p>\n<p align=\"left\"><span style=\"font-size: large;\"><span style=\"font-family: GeosansLight, serif;\">Vendu Racines nues <\/span><span style=\"font-family: GeosansLight, serif;\"><i>(voir fiche explicative \u00ab<a href=\"https:\/\/www.pepinierepierreetlili.fr\/index.php\/pourquoi-les-racines-nues\/\">pourquoi les racines nues ? \u2013 PEPINIERE PIERRE ET LILI<\/a><span style=\"color: #000000;\">\u00bb)<\/span><\/i><\/span><\/span><\/p>\n<p align=\"left\"><span style=\"font-family: GeosansLight, serif;\"><b>Livraison<\/b><\/span><span style=\"font-family: GeosansLight, serif;\"> possible dans toute la France\u00a0<\/span><\/p>\n<p><span style=\"font-family: GeosansLight, serif;\"><span style=\"font-size: medium;\"><i>Pierre, Lili et Paolo vous remercient\u00a0!<\/i><\/span><\/span><\/p>\n<p>&nbsp;<\/p>\n","protected":false},"excerpt":{"rendered":"<p><span style=\"font-family: GeosansLight, sans-serif;\"><span style=\"font-size: large;\">Vari\u00e9t\u00e9 ancienne <\/span><\/span><\/p>\n<p><span style=\"font-family: GeosansLight, sans-serif;\"><span style=\"font-size: large;\">Autost\u00e9rile<\/span><\/span><\/p>\n<p><span style=\"font-family: GeosansLight, sans-serif;\"><span style=\"font-size: large;\">Gros calibre, bicolore, c<\/span><\/span><span style=\"font-family: GeosansLight, sans-serif;\"><span style=\"font-size: large;\">hair ferme, juteuse, sucr\u00e9e<\/span><\/span><\/p>\n<p><span style=\"font-family: GeosansLight, sans-serif;\"><span style=\"font-size: large;\">Floraison vers mars avril<\/span><\/span><\/p>\n<p><span style=\"color: #333333;\"><span style=\"font-family: GeosansLight, sans-serif;\"><span style=\"font-size: large;\">R\u00e9colte vers fin juin d\u00e9but juillet<\/span><\/span><\/span><\/p>\n<p>&nbsp;<\/p>\n","protected":false},"featured_media":2192,"template":"","meta":{"site-sidebar-layout":"default","site-content-layout":"default","ast-global-header-display":"","ast-banner-title-visibility":"","ast-main-header-display":"","ast-hfb-above-header-display":"","ast-hfb-below-header-display":"","ast-hfb-mobile-header-display":"","site-post-title":"","ast-breadcrumbs-content":"","ast-featured-img":"","footer-sml-layout":"","theme-transparent-header-meta":"default","adv-header-id-meta":"","stick-header-meta":"","header-above-stick-meta":"","header-main-stick-meta":"","header-below-stick-meta":""},"product_brand":[],"product_cat":[49],"product_tag":[],"class_list":{"0":"post-191","1":"product","2":"type-product","3":"status-publish","4":"has-post-thumbnail","6":"product_cat-cerisier","7":"desktop-align-left","8":"tablet-align-left","9":"mobile-align-left","11":"first","12":"outofstock","13":"featured","14":"taxable","15":"shipping-taxable","16":"purchasable","17":"product-type-variable"},"jetpack_sharing_enabled":true,"_links":{"self":[{"href":"https:\/\/www.pepinierepierreetlili.fr\/index.php\/wp-json\/wp\/v2\/product\/191","targetHints":{"allow":["GET"]}}],"collection":[{"href":"https:\/\/www.pepinierepierreetlili.fr\/index.php\/wp-json\/wp\/v2\/product"}],"about":[{"href":"https:\/\/www.pepinierepierreetlili.fr\/index.php\/wp-json\/wp\/v2\/types\/product"}],"wp:featuredmedia":[{"embeddable":true,"href":"https:\/\/www.pepinierepierreetlili.fr\/index.php\/wp-json\/wp\/v2\/media\/2192"}],"wp:attachment":[{"href":"https:\/\/www.pepinierepierreetlili.fr\/index.php\/wp-json\/wp\/v2\/media?parent=191"}],"wp:term":[{"taxonomy":"product_brand","embeddable":true,"href":"https:\/\/www.pepinierepierreetlili.fr\/index.php\/wp-json\/wp\/v2\/product_brand?post=191"},{"taxonomy":"product_cat","embeddable":true,"href":"https:\/\/www.pepinierepierreetlili.fr\/index.php\/wp-json\/wp\/v2\/product_cat?post=191"},{"taxonomy":"product_tag","embeddable":true,"href":"https:\/\/www.pepinierepierreetlili.fr\/index.php\/wp-json\/wp\/v2\/product_tag?post=191"}],"curies":[{"name":"wp","href":"https:\/\/api.w.org\/{rel}","templated":true}]}}