{"id":189,"date":"2023-06-07T16:56:35","date_gmt":"2023-06-07T14:56:35","guid":{"rendered":"http:\/\/pepinierepierreetlili.fr\/?post_type=product&#038;p=189"},"modified":"2026-01-03T18:00:22","modified_gmt":"2026-01-03T17:00:22","slug":"cerisier-bigarreau-coeur-de-pigeon-jaune","status":"publish","type":"product","link":"https:\/\/www.pepinierepierreetlili.fr\/index.php\/produit\/cerisier-bigarreau-coeur-de-pigeon-jaune\/","title":{"rendered":"Cerisier BIGARREAU COEUR DE PIGEON JAUNE"},"content":{"rendered":"<h3><span style=\"color: #ec6fb7;\"><span style=\"font-family: GeosansLight, serif;\"><span style=\"font-size: xx-large;\"><b>C<\/b><\/span><\/span><\/span><span style=\"color: #ec6fb7;\"><span style=\"font-family: GeosansLight, serif;\"><span style=\"font-size: xx-large;\"><b>erisier <\/b><\/span><\/span><\/span><span style=\"color: #ec6fb7;\"><span style=\"font-family: GeosansLight, serif;\"><span style=\"font-size: xx-large;\"><b>Bigarreau <\/b><\/span><\/span><\/span><span style=\"color: #ec6fb7;\"><span style=\"font-family: GeosansLight, serif;\"><span style=\"font-size: xx-large;\"><b>C\u0153ur de Pigeon <\/b><\/span><\/span><\/span><span style=\"color: #ec6fb7;\"><span style=\"font-family: GeosansLight, serif;\"><span style=\"font-size: xx-large;\"><b>Jaune<\/b><\/span><\/span><\/span><\/h3>\n<p><span style=\"color: #666666;\"><span style=\"font-family: GeosansLight, sans-serif;\"><span style=\"font-size: large;\">Ce cerisier est originaire d\u2019Anjou, cette vari\u00e9t\u00e9 fut d\u00e9couverte en 1540, et elle est autofertile (mais produira plus de fruits en pr\u00e9sence d\u2019autres cerisiers comme Burlat, Bigarreau Napol\u00e9on et tout autre cerisier qui fleurit en m\u00eame temps\u2026)<\/span><\/span><\/span><\/p>\n<p><span style=\"color: #666666;\"><span style=\"font-family: GeosansLight, sans-serif;\"><span style=\"font-size: large;\">Les Fruits font penser \u00e0 un c\u0153ur, les cerises, brillantes, rouges et jaunes, fermes et croquantes, ne tachent pas (adieu d\u00e9tachants, les enfants sont libres d\u2019en mettre partout! ou presque&#8230;)<\/span><\/span><\/span><\/p>\n<p><span style=\"color: #666666;\"><span style=\"font-family: GeosansLight, sans-serif;\"><span style=\"font-size: large;\">La floraison \u00e0 lieu de fin mars \u00e0 d\u00e9but avril, et la r\u00e9colte se situe aux alentours de mi juin.<\/span><\/span><\/span><a name=\"cc-m-header-141157009302236\"><\/a><\/p>\n<p align=\"left\"><span style=\"font-size: large;\"><span style=\"color: #800080;\"><span style=\"font-family: GeosansLight, serif;\"><b>Arbre produit en Agriculture Biologique, labellis\u00e9 \u00ab\u00a0AB\u00a0\u00bb avec des strat\u00e9gies d&rsquo;Agriculture de Conservation des sols, sols vivants, permaculture<\/b><\/span><\/span><\/span><\/p>\n<p align=\"left\"><span style=\"font-size: large;\"><b> <\/b><span style=\"color: #000000;\"><span style=\"font-family: GeosansLight, serif;\"><i>(voir fiche explicative \u00ab <a href=\"https:\/\/www.pepinierepierreetlili.fr\/index.php\/msv-maraichage-sur-sol-vivant-psv-pepiniere-quest-ce-que-cest\/\">C\u2019est quoi l\u2019agriculture de conservation des sols ? \u2013 PEPINIERE PIERRE ET LILI<\/a>\u00bb)<\/i><\/span><\/span><\/span><\/p>\n<p align=\"left\"><span style=\"font-size: large;\"><span style=\"font-family: GeosansLight, serif;\">Vendu Racines nues <\/span><span style=\"font-family: GeosansLight, serif;\"><i>(voir fiche explicative \u00ab<a href=\"https:\/\/www.pepinierepierreetlili.fr\/index.php\/pourquoi-les-racines-nues\/\">pourquoi les racines nues ? \u2013 PEPINIERE PIERRE ET LILI<\/a><span style=\"color: #000000;\">\u00bb)<\/span><\/i><\/span><\/span><\/p>\n<p align=\"left\"><span style=\"font-size: large;\"><span style=\"font-family: GeosansLight, serif;\"><b>Livraison<\/b><\/span><span style=\"font-family: GeosansLight, serif;\"> possible dans toute la France\u00a0<\/span><\/span><\/p>\n<p><span style=\"font-family: GeosansLight, serif;\"><span style=\"font-size: large;\"><i><span style=\"color: #000000;\">Pierre, Lili et Paolo vous remercient\u00a0!<\/span><\/i><\/span><\/span><\/p>\n<p>&nbsp;<\/p>\n<p>&nbsp;<\/p>\n<p>&nbsp;<\/p>\n","protected":false},"excerpt":{"rendered":"<p><span style=\"color: #666666;\"><span style=\"font-family: GeosansLight, sans-serif;\"><span style=\"font-size: large;\">Vari\u00e9t\u00e9 Ancienne Fran\u00e7aise 1540<\/span><\/span><\/span><\/p>\n<p><span style=\"color: #666666;\"><span style=\"font-family: GeosansLight, sans-serif;\"><span style=\"font-size: large;\"><span style=\"color: #666666; font-family: GeosansLight, sans-serif; font-size: large;\">Autofertile<\/span><\/span><\/span><\/span><\/p>\n<p><span style=\"color: #666666;\"><span style=\"font-family: GeosansLight, sans-serif;\"><span style=\"font-size: large;\">Bonne vigueur<\/span><\/span><\/span><\/p>\n<p><span style=\"color: #666666;\"><span style=\"font-family: GeosansLight, sans-serif;\"><span style=\"font-size: large;\">Fruits croquants Brillants et fermes<\/span><\/span><\/span><\/p>\n<p><span style=\"color: #666666;\"><span style=\"font-family: GeosansLight, sans-serif;\"><span style=\"font-size: large;\">Couleur Rouge et Jaune<\/span><\/span><\/span><\/p>\n<p><span style=\"color: #666666;\"><span style=\"font-family: GeosansLight, sans-serif;\"><span style=\"font-size: large;\">Floraison Fin Mars\/D\u00e9but Avril<\/span><\/span><\/span><\/p>\n<p><span style=\"color: #666666;\"><span style=\"font-family: GeosansLight, sans-serif;\"><span style=\"font-size: large;\">R\u00e9colte Mi-juin<\/span><\/span><\/span><\/p>\n<p>&nbsp;<\/p>\n<p>&nbsp;<\/p>\n<p>&nbsp;<\/p>\n","protected":false},"featured_media":3091,"template":"","meta":{"site-sidebar-layout":"default","site-content-layout":"default","ast-global-header-display":"","ast-banner-title-visibility":"","ast-main-header-display":"","ast-hfb-above-header-display":"","ast-hfb-below-header-display":"","ast-hfb-mobile-header-display":"","site-post-title":"","ast-breadcrumbs-content":"","ast-featured-img":"","footer-sml-layout":"","theme-transparent-header-meta":"default","adv-header-id-meta":"","stick-header-meta":"","header-above-stick-meta":"","header-main-stick-meta":"","header-below-stick-meta":""},"product_brand":[],"product_cat":[49],"product_tag":[],"class_list":{"0":"post-189","1":"product","2":"type-product","3":"status-publish","4":"has-post-thumbnail","6":"product_cat-cerisier","7":"desktop-align-left","8":"tablet-align-left","9":"mobile-align-left","11":"first","12":"instock","13":"featured","14":"taxable","15":"shipping-taxable","16":"purchasable","17":"product-type-variable","18":"has-default-attributes"},"jetpack_sharing_enabled":true,"_links":{"self":[{"href":"https:\/\/www.pepinierepierreetlili.fr\/index.php\/wp-json\/wp\/v2\/product\/189","targetHints":{"allow":["GET"]}}],"collection":[{"href":"https:\/\/www.pepinierepierreetlili.fr\/index.php\/wp-json\/wp\/v2\/product"}],"about":[{"href":"https:\/\/www.pepinierepierreetlili.fr\/index.php\/wp-json\/wp\/v2\/types\/product"}],"wp:featuredmedia":[{"embeddable":true,"href":"https:\/\/www.pepinierepierreetlili.fr\/index.php\/wp-json\/wp\/v2\/media\/3091"}],"wp:attachment":[{"href":"https:\/\/www.pepinierepierreetlili.fr\/index.php\/wp-json\/wp\/v2\/media?parent=189"}],"wp:term":[{"taxonomy":"product_brand","embeddable":true,"href":"https:\/\/www.pepinierepierreetlili.fr\/index.php\/wp-json\/wp\/v2\/product_brand?post=189"},{"taxonomy":"product_cat","embeddable":true,"href":"https:\/\/www.pepinierepierreetlili.fr\/index.php\/wp-json\/wp\/v2\/product_cat?post=189"},{"taxonomy":"product_tag","embeddable":true,"href":"https:\/\/www.pepinierepierreetlili.fr\/index.php\/wp-json\/wp\/v2\/product_tag?post=189"}],"curies":[{"name":"wp","href":"https:\/\/api.w.org\/{rel}","templated":true}]}}