{"id":182,"date":"2023-06-07T16:43:51","date_gmt":"2023-06-07T14:43:51","guid":{"rendered":"http:\/\/pepinierepierreetlili.fr\/?post_type=product&#038;p=182"},"modified":"2025-12-25T14:29:53","modified_gmt":"2025-12-25T13:29:53","slug":"cerisier-blanchard","status":"publish","type":"product","link":"https:\/\/www.pepinierepierreetlili.fr\/index.php\/produit\/cerisier-blanchard\/","title":{"rendered":"Cerisier BLANCHARD"},"content":{"rendered":"<p>Bigarreau blanc ros\u00e9 \u2013 Vari\u00e9t\u00e9 ancienne de coteaux secs \u2013 Tr\u00e8s sucr\u00e9<\/p>\n<p>Le cerisier Blanchard est une ancienne vari\u00e9t\u00e9 fran\u00e7aise de bigarreau blanc, reconnaissable \u00e0 ses fruits jaune p\u00e2le \u00e0 ros\u00e9s au soleil, tr\u00e8s fermes et exceptionnellement sucr\u00e9s. C\u2019est une vari\u00e9t\u00e9 de lumi\u00e8re et de coteaux secs, r\u00e9put\u00e9e pour sa tol\u00e9rance naturelle \u00e0 la s\u00e9cheresse, sa faible sensibilit\u00e9 \u00e0 l\u2019\u00e9clatement et sa fiabilit\u00e9 en climat chaud.<\/p>\n<p>Ses fruits sont tr\u00e8s appr\u00e9ci\u00e9s pour la consommation fra\u00eeche, avec une chair croquante, claire et douce, peu acide.<\/p>\n<p>\u00c0 la P\u00e9pini\u00e8re Pierre &#038; Lili, il est multipli\u00e9 sur sol vivant, sans travail du sol ni engrais de synth\u00e8se, pour produire des arbres autonomes, durables et sobres en eau.<\/p>\n<p>\ud83c\udf31 Donn\u00e9es techniques<br \/>\nVigueur : forte<br \/>\nFloraison : mi-tardive<br \/>\nAutofertile : non<br \/>\nPollinisateurs : Reverchon, Napol\u00e9on, C\u0153ur de Pigeon, Hedelfingen<br \/>\nR\u00e9colte : fin juin<br \/>\nFruits : gros, jaune p\u00e2le ros\u00e9, fermes, tr\u00e8s sucr\u00e9s<br \/>\nRusticit\u00e9 : \u201320 \u00b0C<br \/>\nTol\u00e9rance s\u00e9cheresse : excellente<br \/>\nSensibilit\u00e9 \u00e9clatement : tr\u00e8s faible<\/p>\n","protected":false},"excerpt":{"rendered":"<p>Bigarreau blanc ros\u00e9 \u2013 Vari\u00e9t\u00e9 ancienne de coteaux secs \u2013 Tr\u00e8s sucr\u00e9<\/p>\n<p>Le cerisier Blanchard est une ancienne vari\u00e9t\u00e9 fran\u00e7aise de bigarreau blanc, reconnaissable \u00e0 ses fruits jaune p\u00e2le \u00e0 ros\u00e9s au soleil, tr\u00e8s fermes et exceptionnellement sucr\u00e9s. C\u2019est une vari\u00e9t\u00e9 de lumi\u00e8re et de coteaux secs, r\u00e9put\u00e9e pour sa tol\u00e9rance naturelle \u00e0 la s\u00e9cheresse, sa faible sensibilit\u00e9 \u00e0 l\u2019\u00e9clatement et sa fiabilit\u00e9 en climat chaud.<\/p>\n<p>Ses fruits sont tr\u00e8s appr\u00e9ci\u00e9s pour la consommation fra\u00eeche, avec une chair croquante, claire et douce, peu acide.<\/p>\n<p>\u00c0 la P\u00e9pini\u00e8re Pierre &#038; Lili, il est multipli\u00e9 sur sol vivant, sans travail du sol ni engrais de synth\u00e8se, pour produire des arbres autonomes, durables et sobres en eau.<\/p>\n<p>\ud83c\udf31 Donn\u00e9es techniques<br \/>\nVigueur : forte<br \/>\nFloraison : mi-tardive<br \/>\nAutofertile : non<br \/>\nPollinisateurs : Reverchon, Napol\u00e9on, C\u0153ur de Pigeon, Hedelfingen<br \/>\nR\u00e9colte : fin juin<br \/>\nFruits : gros, jaune p\u00e2le ros\u00e9, fermes, tr\u00e8s sucr\u00e9s<br \/>\nRusticit\u00e9 : \u201320 \u00b0C<br \/>\nTol\u00e9rance s\u00e9cheresse : excellente<br \/>\nSensibilit\u00e9 \u00e9clatement : tr\u00e8s faible<\/p>\n","protected":false},"featured_media":1664,"template":"","meta":{"site-sidebar-layout":"default","site-content-layout":"default","ast-global-header-display":"","ast-banner-title-visibility":"","ast-main-header-display":"","ast-hfb-above-header-display":"","ast-hfb-below-header-display":"","ast-hfb-mobile-header-display":"","site-post-title":"","ast-breadcrumbs-content":"","ast-featured-img":"","footer-sml-layout":"","theme-transparent-header-meta":"default","adv-header-id-meta":"","stick-header-meta":"","header-above-stick-meta":"","header-main-stick-meta":"","header-below-stick-meta":""},"product_brand":[],"product_cat":[49],"product_tag":[],"class_list":{"0":"post-182","1":"product","2":"type-product","3":"status-publish","4":"has-post-thumbnail","6":"product_cat-cerisier","7":"desktop-align-left","8":"tablet-align-left","9":"mobile-align-left","11":"first","12":"instock","13":"featured","14":"taxable","15":"shipping-taxable","16":"purchasable","17":"product-type-variable"},"jetpack_sharing_enabled":true,"_links":{"self":[{"href":"https:\/\/www.pepinierepierreetlili.fr\/index.php\/wp-json\/wp\/v2\/product\/182","targetHints":{"allow":["GET"]}}],"collection":[{"href":"https:\/\/www.pepinierepierreetlili.fr\/index.php\/wp-json\/wp\/v2\/product"}],"about":[{"href":"https:\/\/www.pepinierepierreetlili.fr\/index.php\/wp-json\/wp\/v2\/types\/product"}],"wp:featuredmedia":[{"embeddable":true,"href":"https:\/\/www.pepinierepierreetlili.fr\/index.php\/wp-json\/wp\/v2\/media\/1664"}],"wp:attachment":[{"href":"https:\/\/www.pepinierepierreetlili.fr\/index.php\/wp-json\/wp\/v2\/media?parent=182"}],"wp:term":[{"taxonomy":"product_brand","embeddable":true,"href":"https:\/\/www.pepinierepierreetlili.fr\/index.php\/wp-json\/wp\/v2\/product_brand?post=182"},{"taxonomy":"product_cat","embeddable":true,"href":"https:\/\/www.pepinierepierreetlili.fr\/index.php\/wp-json\/wp\/v2\/product_cat?post=182"},{"taxonomy":"product_tag","embeddable":true,"href":"https:\/\/www.pepinierepierreetlili.fr\/index.php\/wp-json\/wp\/v2\/product_tag?post=182"}],"curies":[{"name":"wp","href":"https:\/\/api.w.org\/{rel}","templated":true}]}}