{"id":1726,"date":"2024-10-05T19:33:28","date_gmt":"2024-10-05T17:33:28","guid":{"rendered":"https:\/\/www.pepinierepierreetlili.fr\/?post_type=product&#038;p=1726"},"modified":"2025-12-25T14:45:19","modified_gmt":"2025-12-25T13:45:19","slug":"pecher-charles-roux","status":"publish","type":"product","link":"https:\/\/www.pepinierepierreetlili.fr\/index.php\/produit\/pecher-charles-roux\/","title":{"rendered":"P\u00eacher CHARLES ROUX"},"content":{"rendered":"<p>Le p\u00eacher \u2018Charles Roux\u2019 est une vari\u00e9t\u00e9 ancienne et rustique, tr\u00e8s appr\u00e9ci\u00e9e pour la qualit\u00e9 exceptionnelle de ses fruits. Cet arbre fruitier s\u2019int\u00e8gre parfaitement dans un verger familial ou un jardin spacieux, o\u00f9 il allie beaut\u00e9, productivit\u00e9 et saveur.<\/p>\n<p>Le P\u00eacher Charles Roux produit des p\u00eaches jaunes \u00e0 chair fondante et parfum\u00e9e, id\u00e9ales pour la consommation fra\u00eeche, les desserts et les confitures. Les fruits se r\u00e9coltent en \u00e9t\u00e9, offrant une saveur sucr\u00e9e et \u00e9quilibr\u00e9e, typique des vari\u00e9t\u00e9s anciennes.<\/p>\n<p>Dans notre p\u00e9pini\u00e8re, ce p\u00eacher est cultiv\u00e9 sans travail du sol et selon des m\u00e9thodes biologiques, garantissant des arbres robustes, r\u00e9sistants aux maladies et adapt\u00e9s \u00e0 diff\u00e9rents climats. Cette approche favorise un enracinement profond et une bonne assimilation des nutriments.<\/p>\n<p>\ud83c\udf31 Donn\u00e9es techniques<br \/>\nVigueur : vigoureuse<br \/>\nPort : arrondi et ouvert<br \/>\nMise \u00e0 fruit : moyenne<br \/>\nProduction : r\u00e9guli\u00e8re et abondante<br \/>\nP\u00e9riode de floraison : printemps<br \/>\nPollinisation : autofertile<br \/>\nP\u00e9riode de r\u00e9colte : \u00e9t\u00e9 (juillet \u00e0 ao\u00fbt selon r\u00e9gion)<br \/>\nUtilisation des fruits : consommation fra\u00eeche, desserts, confitures<br \/>\nAdaptation climatique : bonne, pr\u00e9f\u00e8re climat temp\u00e9r\u00e9 doux<br \/>\nMode de culture : agriculture biologique, sans travail du sol<br \/>\nParticularit\u00e9 : fruit parfum\u00e9 et fondant, go\u00fbt sucr\u00e9 \u00e9quilibr\u00e9<\/p>\n","protected":false},"excerpt":{"rendered":"<p>Le p\u00eacher \u2018Charles Roux\u2019 est une vari\u00e9t\u00e9 ancienne et rustique, tr\u00e8s appr\u00e9ci\u00e9e pour la qualit\u00e9 exceptionnelle de ses fruits. Cet arbre fruitier s\u2019int\u00e8gre parfaitement dans un verger familial ou un jardin spacieux, o\u00f9 il allie beaut\u00e9, productivit\u00e9 et saveur.<\/p>\n<p>Le P\u00eacher Charles Roux produit des p\u00eaches jaunes \u00e0 chair fondante et parfum\u00e9e, id\u00e9ales pour la consommation fra\u00eeche, les desserts et les confitures. Les fruits se r\u00e9coltent en \u00e9t\u00e9, offrant une saveur sucr\u00e9e et \u00e9quilibr\u00e9e, typique des vari\u00e9t\u00e9s anciennes.<\/p>\n<p>Dans notre p\u00e9pini\u00e8re, ce p\u00eacher est cultiv\u00e9 sans travail du sol et selon des m\u00e9thodes biologiques, garantissant des arbres robustes, r\u00e9sistants aux maladies et adapt\u00e9s \u00e0 diff\u00e9rents climats. Cette approche favorise un enracinement profond et une bonne assimilation des nutriments.<\/p>\n<p>\ud83c\udf31 Donn\u00e9es techniques<br \/>\nVigueur : vigoureuse<br \/>\nPort : arrondi et ouvert<br \/>\nMise \u00e0 fruit : moyenne<br \/>\nProduction : r\u00e9guli\u00e8re et abondante<br \/>\nP\u00e9riode de floraison : printemps<br \/>\nPollinisation : autofertile<br \/>\nP\u00e9riode de r\u00e9colte : \u00e9t\u00e9 (juillet \u00e0 ao\u00fbt selon r\u00e9gion)<br \/>\nUtilisation des fruits : consommation fra\u00eeche, desserts, confitures<br \/>\nAdaptation climatique : bonne, pr\u00e9f\u00e8re climat temp\u00e9r\u00e9 doux<br \/>\nMode de culture : agriculture biologique, sans travail du sol<br \/>\nParticularit\u00e9 : fruit parfum\u00e9 et fondant, go\u00fbt sucr\u00e9 \u00e9quilibr\u00e9<\/p>\n","protected":false},"featured_media":1727,"template":"","meta":{"site-sidebar-layout":"default","site-content-layout":"default","ast-global-header-display":"","ast-banner-title-visibility":"","ast-main-header-display":"","ast-hfb-above-header-display":"","ast-hfb-below-header-display":"","ast-hfb-mobile-header-display":"","site-post-title":"","ast-breadcrumbs-content":"","ast-featured-img":"","footer-sml-layout":"","theme-transparent-header-meta":"default","adv-header-id-meta":"","stick-header-meta":"","header-above-stick-meta":"","header-main-stick-meta":"","header-below-stick-meta":""},"product_brand":[],"product_cat":[48],"product_tag":[],"class_list":{"0":"post-1726","1":"product","2":"type-product","3":"status-publish","4":"has-post-thumbnail","6":"product_cat-pecher","7":"desktop-align-left","8":"tablet-align-left","9":"mobile-align-left","11":"first","12":"outofstock","13":"featured","14":"taxable","15":"shipping-taxable","16":"purchasable","17":"product-type-variable"},"jetpack_sharing_enabled":true,"_links":{"self":[{"href":"https:\/\/www.pepinierepierreetlili.fr\/index.php\/wp-json\/wp\/v2\/product\/1726","targetHints":{"allow":["GET"]}}],"collection":[{"href":"https:\/\/www.pepinierepierreetlili.fr\/index.php\/wp-json\/wp\/v2\/product"}],"about":[{"href":"https:\/\/www.pepinierepierreetlili.fr\/index.php\/wp-json\/wp\/v2\/types\/product"}],"wp:featuredmedia":[{"embeddable":true,"href":"https:\/\/www.pepinierepierreetlili.fr\/index.php\/wp-json\/wp\/v2\/media\/1727"}],"wp:attachment":[{"href":"https:\/\/www.pepinierepierreetlili.fr\/index.php\/wp-json\/wp\/v2\/media?parent=1726"}],"wp:term":[{"taxonomy":"product_brand","embeddable":true,"href":"https:\/\/www.pepinierepierreetlili.fr\/index.php\/wp-json\/wp\/v2\/product_brand?post=1726"},{"taxonomy":"product_cat","embeddable":true,"href":"https:\/\/www.pepinierepierreetlili.fr\/index.php\/wp-json\/wp\/v2\/product_cat?post=1726"},{"taxonomy":"product_tag","embeddable":true,"href":"https:\/\/www.pepinierepierreetlili.fr\/index.php\/wp-json\/wp\/v2\/product_tag?post=1726"}],"curies":[{"name":"wp","href":"https:\/\/api.w.org\/{rel}","templated":true}]}}