{"id":1654,"date":"2024-10-05T09:01:33","date_gmt":"2024-10-05T07:01:33","guid":{"rendered":"https:\/\/www.pepinierepierreetlili.fr\/?post_type=product&#038;p=1654"},"modified":"2025-12-25T15:21:28","modified_gmt":"2025-12-25T14:21:28","slug":"poirier-dautomne-emile-deheyst","status":"publish","type":"product","link":"https:\/\/www.pepinierepierreetlili.fr\/index.php\/produit\/poirier-dautomne-emile-deheyst\/","title":{"rendered":"Poirier d&rsquo;Automne Emile d&rsquo;Eheyst"},"content":{"rendered":"<p>Le poirier \u00c9mile d\u2019Eheyst est une vari\u00e9t\u00e9 ancienne de poirier reconnue pour sa rusticit\u00e9 et la qualit\u00e9 gustative de ses fruits. Cet arbre fruitier vigoureux s\u2019int\u00e8gre parfaitement dans un verger familial ou un jardin de collection, o\u00f9 il exprime tout son potentiel.<\/p>\n<p>Le poirier ancien \u00c9mile d\u2019Eheyst produit de belles poires d\u2019automne, \u00e0 la chair fine, juteuse et d\u00e9licatement parfum\u00e9e, offrant un excellent \u00e9quilibre entre douceur et saveur. Les fruits se d\u00e9gustent aussi bien frais qu\u2019en p\u00e2tisserie ou en cuisine.<\/p>\n<p>Dans notre p\u00e9pini\u00e8re, ce poirier de collection est cultiv\u00e9 selon des pratiques respectueuses du vivant : sans travail du sol, en agriculture biologique, favorisant un enracinement profond et naturel. Cette m\u00e9thode permet d\u2019obtenir des poiriers robustes, bien adapt\u00e9s aux diff\u00e9rents climats et plus r\u00e9silients face aux variations environnementales.<\/p>\n<p>\ud83c\udf31 Donn\u00e9es techniques<br \/>\nVigueur : vigoureuse<br \/>\nPort : arbre \u00e9quilibr\u00e9, bien ramifi\u00e9<br \/>\nMise \u00e0 fruit : assez rapide<br \/>\nProduction : r\u00e9guli\u00e8re et abondante<br \/>\nP\u00e9riode de floraison : moyenne<br \/>\nPollinisation : non autofertile<br \/>\nPollinisateurs conseill\u00e9s : Williams, Conf\u00e9rence, Beurr\u00e9 Hardy<br \/>\nP\u00e9riode de r\u00e9colte : automne<br \/>\nUtilisation des fruits : consommation fra\u00eeche, desserts, transformation<br \/>\nAdaptation climatique : tr\u00e8s bonne, convient \u00e0 de nombreux terroirs<br \/>\nMode de culture : agriculture biologique, sans travail du sol<\/p>\n","protected":false},"excerpt":{"rendered":"<p>Le poirier \u00c9mile d\u2019Eheyst est une vari\u00e9t\u00e9 ancienne de poirier reconnue pour sa rusticit\u00e9 et la qualit\u00e9 gustative de ses fruits. Cet arbre fruitier vigoureux s\u2019int\u00e8gre parfaitement dans un verger familial ou un jardin de collection, o\u00f9 il exprime tout son potentiel.<\/p>\n<p>Le poirier ancien \u00c9mile d\u2019Eheyst produit de belles poires d\u2019automne, \u00e0 la chair fine, juteuse et d\u00e9licatement parfum\u00e9e, offrant un excellent \u00e9quilibre entre douceur et saveur. Les fruits se d\u00e9gustent aussi bien frais qu\u2019en p\u00e2tisserie ou en cuisine.<\/p>\n<p>Dans notre p\u00e9pini\u00e8re, ce poirier de collection est cultiv\u00e9 selon des pratiques respectueuses du vivant : sans travail du sol, en agriculture biologique, favorisant un enracinement profond et naturel. Cette m\u00e9thode permet d\u2019obtenir des poiriers robustes, bien adapt\u00e9s aux diff\u00e9rents climats et plus r\u00e9silients face aux variations environnementales.<\/p>\n<p>\ud83c\udf31 Donn\u00e9es techniques<br \/>\nVigueur : vigoureuse<br \/>\nPort : arbre \u00e9quilibr\u00e9, bien ramifi\u00e9<br \/>\nMise \u00e0 fruit : assez rapide<br \/>\nProduction : r\u00e9guli\u00e8re et abondante<br \/>\nP\u00e9riode de floraison : moyenne<br \/>\nPollinisation : non autofertile<br \/>\nPollinisateurs conseill\u00e9s : Williams, Conf\u00e9rence, Beurr\u00e9 Hardy<br \/>\nP\u00e9riode de r\u00e9colte : automne<br \/>\nUtilisation des fruits : consommation fra\u00eeche, desserts, transformation<br \/>\nAdaptation climatique : tr\u00e8s bonne, convient \u00e0 de nombreux terroirs<br \/>\nMode de culture : agriculture biologique, sans travail du sol<\/p>\n","protected":false},"featured_media":1657,"template":"","meta":{"site-sidebar-layout":"default","site-content-layout":"default","ast-global-header-display":"","ast-banner-title-visibility":"","ast-main-header-display":"","ast-hfb-above-header-display":"","ast-hfb-below-header-display":"","ast-hfb-mobile-header-display":"","site-post-title":"","ast-breadcrumbs-content":"","ast-featured-img":"","footer-sml-layout":"","theme-transparent-header-meta":"default","adv-header-id-meta":"","stick-header-meta":"","header-above-stick-meta":"","header-main-stick-meta":"","header-below-stick-meta":""},"product_brand":[],"product_cat":[58,55],"product_tag":[],"class_list":{"0":"post-1654","1":"product","2":"type-product","3":"status-publish","4":"has-post-thumbnail","6":"product_cat-poire-dautomne","7":"product_cat-poirier","8":"desktop-align-left","9":"tablet-align-left","10":"mobile-align-left","12":"first","13":"outofstock","14":"featured","15":"taxable","16":"shipping-taxable","17":"purchasable","18":"product-type-variable"},"jetpack_sharing_enabled":true,"_links":{"self":[{"href":"https:\/\/www.pepinierepierreetlili.fr\/index.php\/wp-json\/wp\/v2\/product\/1654","targetHints":{"allow":["GET"]}}],"collection":[{"href":"https:\/\/www.pepinierepierreetlili.fr\/index.php\/wp-json\/wp\/v2\/product"}],"about":[{"href":"https:\/\/www.pepinierepierreetlili.fr\/index.php\/wp-json\/wp\/v2\/types\/product"}],"wp:featuredmedia":[{"embeddable":true,"href":"https:\/\/www.pepinierepierreetlili.fr\/index.php\/wp-json\/wp\/v2\/media\/1657"}],"wp:attachment":[{"href":"https:\/\/www.pepinierepierreetlili.fr\/index.php\/wp-json\/wp\/v2\/media?parent=1654"}],"wp:term":[{"taxonomy":"product_brand","embeddable":true,"href":"https:\/\/www.pepinierepierreetlili.fr\/index.php\/wp-json\/wp\/v2\/product_brand?post=1654"},{"taxonomy":"product_cat","embeddable":true,"href":"https:\/\/www.pepinierepierreetlili.fr\/index.php\/wp-json\/wp\/v2\/product_cat?post=1654"},{"taxonomy":"product_tag","embeddable":true,"href":"https:\/\/www.pepinierepierreetlili.fr\/index.php\/wp-json\/wp\/v2\/product_tag?post=1654"}],"curies":[{"name":"wp","href":"https:\/\/api.w.org\/{rel}","templated":true}]}}