{"id":160,"date":"2023-06-07T16:13:04","date_gmt":"2023-06-07T14:13:04","guid":{"rendered":"http:\/\/pepinierepierreetlili.fr\/?post_type=product&#038;p=160"},"modified":"2025-12-15T17:34:47","modified_gmt":"2025-12-15T16:34:47","slug":"abricotier-bulida","status":"publish","type":"product","link":"https:\/\/www.pepinierepierreetlili.fr\/index.php\/produit\/abricotier-bulida\/","title":{"rendered":"Abricotier BULIDA"},"content":{"rendered":"<h3 class=\"western\" align=\"left\"><span style=\"color: #ec6fb7;\"><span style=\"font-family: GeosansLight, serif;\"><span style=\"font-size: xx-large;\"><b>A<\/b><\/span><\/span><\/span><span style=\"color: #ec6fb7;\"><span style=\"font-family: GeosansLight, serif;\"><span style=\"font-size: xx-large;\"><b>bricotier <\/b><\/span><\/span><\/span><span style=\"color: #ec6fb7;\"><span style=\"font-family: GeosansLight, serif;\"><span style=\"font-size: xx-large;\"><b>Bulida<\/b><\/span><\/span><\/span><\/h3>\n<p class=\"western\" align=\"left\"><span style=\"font-family: GeosansLight, serif;\"><span style=\"font-size: large;\">Bulida est originaire de la r\u00e9gion de Murcia en Espagne, il vous donnera des fruits d\u00e9licieux \u00e0 partir de la fin juin et vous pourrez les consommer Frais, en confiture ou cuisin\u00e9s.<\/span><\/span><\/p>\n<p><span style=\"font-family: GeosansLight, serif;\"><span style=\"font-size: large;\">C\u2019est un arbre tr\u00e8s productif qui vous donnera de gros fruits jaunes, rougis du cot\u00e9 expos\u00e9 au soleil. Sa chair est molle, sucr\u00e9e, parfum\u00e9e et juteuse.<\/span><\/span><\/p>\n<p><span style=\"font-family: GeosansLight, serif;\"><span style=\"font-size: large;\">Il vous fera de belle fleurs au d\u00e9but du mois de mars. <\/span><\/span><\/p>\n<p><a name=\"_GoBack Copie 1\"><\/a><a name=\"cc-m-header-141157009302236\"><\/a> <span style=\"font-family: GeosansLight, serif;\"><span style=\"font-size: large;\">Il est autofertile (mais restera bien plus productif aux cot\u00e9s d&rsquo;autres abricotiers fleurissant au m\u00eame moment) et il est encore tr\u00e8s cultiv\u00e9 dans le sud de la France mais aussi en Espagne.<\/span><\/span><\/p>\n<p align=\"left\"><span style=\"color: #800080;\"><span style=\"font-family: GeosansLight, serif;\"><span style=\"font-size: large;\"><b>Arbre produit en Agriculture Biologique, labellis\u00e9 \u201cAB\u201d avec des strat\u00e9gies d\u2019Agriculture de Conservation des sols, sols vivants, permaculture <\/b><\/span><\/span><\/span><i><\/i><\/p>\n<p align=\"left\"><span style=\"font-size: large;\"><span style=\"color: #000000;\"><span style=\"font-family: GeosansLight, serif;\"><i>(voir fiche explicative \u00ab <a href=\"https:\/\/www.pepinierepierreetlili.fr\/index.php\/msv-maraichage-sur-sol-vivant-psv-pepiniere-quest-ce-que-cest\/\">C\u2019est quoi l\u2019agriculture de conservation des sols ? \u2013 PEPINIERE PIERRE ET LILI<\/a>\u00bb)<\/i><\/span><\/span><\/span><\/p>\n<p align=\"left\"><span style=\"font-size: large;\"><span style=\"font-family: GeosansLight, serif;\">Vendu Racines nues <\/span><span style=\"font-family: GeosansLight, serif;\"><i>(voir fiche explicative \u00ab<a href=\"https:\/\/www.pepinierepierreetlili.fr\/index.php\/pourquoi-les-racines-nues\/\">pourquoi les racines nues ? \u2013 PEPINIERE PIERRE ET LILI<\/a><span style=\"color: #000000;\">\u00bb)<\/span><\/i><\/span><\/span><\/p>\n<p align=\"left\"><span style=\"font-family: GeosansLight, serif;\"><b>Livraison<\/b><\/span><span style=\"font-family: GeosansLight, serif;\"> possible dans toute la France <\/span><\/p>\n<p><a name=\"_GoBack\"><\/a> <span style=\"font-family: GeosansLight, serif;\"><span style=\"font-size: medium;\"><i>Pierre, Lili et Paolo vous remercient\u00a0!<\/i><\/span><\/span><\/p>\n<p>&nbsp;<\/p>\n","protected":false},"excerpt":{"rendered":"<p class=\"western\" align=\"left\"><span style=\"font-family: GeosansLight, serif;\"><span style=\"font-size: large;\">Vari\u00e9t\u00e9 Ancienne Espagnole<\/span><\/span><\/p>\n<p class=\"western\" align=\"left\"><span style=\"font-family: GeosansLight, serif;\"><span style=\"font-size: large;\">Autofertile<\/span><\/span><\/p>\n<p class=\"western\" align=\"left\"><span style=\"font-family: GeosansLight, serif;\"><span style=\"font-size: large;\">Fruit juteux sucr\u00e9s et parfum\u00e9s<\/span><\/span><\/p>\n<p class=\"western\" align=\"left\"><span style=\"font-family: GeosansLight, serif;\"><span style=\"font-size: large;\">Tr\u00e8s productif, v<\/span><\/span><span style=\"font-family: GeosansLight, serif;\"><span style=\"font-size: large;\">igoureux<\/span><\/span><\/p>\n<p align=\"left\"><span style=\"font-family: GeosansLight, serif;\"><span style=\"font-size: large;\">Floraison debut Mars<\/span><\/span><\/p>\n<p class=\"western\" align=\"left\"><span style=\"font-family: GeosansLight, serif;\"><span style=\"font-size: large;\">R\u00e9colte Fin Juin<\/span><\/span><\/p>\n<p>&nbsp;<\/p>\n","protected":false},"featured_media":1546,"template":"","meta":{"site-sidebar-layout":"default","site-content-layout":"default","ast-global-header-display":"","ast-banner-title-visibility":"","ast-main-header-display":"","ast-hfb-above-header-display":"","ast-hfb-below-header-display":"","ast-hfb-mobile-header-display":"","site-post-title":"","ast-breadcrumbs-content":"","ast-featured-img":"","footer-sml-layout":"","theme-transparent-header-meta":"default","adv-header-id-meta":"","stick-header-meta":"","header-above-stick-meta":"","header-main-stick-meta":"","header-below-stick-meta":""},"product_brand":[],"product_cat":[45],"product_tag":[],"class_list":{"0":"post-160","1":"product","2":"type-product","3":"status-publish","4":"has-post-thumbnail","6":"product_cat-abricotier","7":"desktop-align-left","8":"tablet-align-left","9":"mobile-align-left","11":"first","12":"outofstock","13":"featured","14":"taxable","15":"shipping-taxable","16":"purchasable","17":"product-type-variable"},"jetpack_sharing_enabled":true,"_links":{"self":[{"href":"https:\/\/www.pepinierepierreetlili.fr\/index.php\/wp-json\/wp\/v2\/product\/160","targetHints":{"allow":["GET"]}}],"collection":[{"href":"https:\/\/www.pepinierepierreetlili.fr\/index.php\/wp-json\/wp\/v2\/product"}],"about":[{"href":"https:\/\/www.pepinierepierreetlili.fr\/index.php\/wp-json\/wp\/v2\/types\/product"}],"wp:featuredmedia":[{"embeddable":true,"href":"https:\/\/www.pepinierepierreetlili.fr\/index.php\/wp-json\/wp\/v2\/media\/1546"}],"wp:attachment":[{"href":"https:\/\/www.pepinierepierreetlili.fr\/index.php\/wp-json\/wp\/v2\/media?parent=160"}],"wp:term":[{"taxonomy":"product_brand","embeddable":true,"href":"https:\/\/www.pepinierepierreetlili.fr\/index.php\/wp-json\/wp\/v2\/product_brand?post=160"},{"taxonomy":"product_cat","embeddable":true,"href":"https:\/\/www.pepinierepierreetlili.fr\/index.php\/wp-json\/wp\/v2\/product_cat?post=160"},{"taxonomy":"product_tag","embeddable":true,"href":"https:\/\/www.pepinierepierreetlili.fr\/index.php\/wp-json\/wp\/v2\/product_tag?post=160"}],"curies":[{"name":"wp","href":"https:\/\/api.w.org\/{rel}","templated":true}]}}