{"id":1180,"date":"2024-08-26T13:28:41","date_gmt":"2024-08-26T11:28:41","guid":{"rendered":"https:\/\/www.pepinierepierreetlili.fr\/?post_type=product&#038;p=1180"},"modified":"2024-11-04T10:44:24","modified_gmt":"2024-11-04T09:44:24","slug":"myrtille-legacy","status":"publish","type":"product","link":"https:\/\/www.pepinierepierreetlili.fr\/index.php\/produit\/myrtille-legacy\/","title":{"rendered":"Myrtille LEGACY"},"content":{"rendered":"<h3 class=\"western\"><span style=\"font-family: GeosansLight, sans-serif;\"><span style=\"font-size: xx-large;\"><span style=\"color: #ec6fb7;\"><b>Myrtille <\/b><\/span><span style=\"color: #ec6fb7;\"><b>Legacy<\/b><\/span><\/span><\/span><\/h3>\n<p>&nbsp;<\/p>\n<p class=\"western\"><span style=\"font-family: GeosansLight, sans-serif;\"><span style=\"font-size: large;\">Le myrtillier legacy est une vari\u00e9t\u00e9 ancienne originaire d&rsquo;Am\u00e9rique, elle est extr\u00eamement rustique et produit de gros fruits un peu acidul\u00e9s et savoureux \u00e0 souhait. Il supporte de -25 a +35!<\/span><\/span><\/p>\n<p class=\"western\"><span style=\"font-family: GeosansLight, sans-serif;\"><span style=\"font-size: large;\">La floraison est autofertile, elle \u00e0 lieu vers mai juin<\/span><\/span><\/p>\n<p class=\"western\"><span style=\"font-family: GeosansLight, sans-serif;\"><span style=\"font-size: large;\">La r\u00e9colte sera fin Juillet \u00e0 fin ao\u00fbt sur 6 semaines environs<\/span><\/span><\/p>\n<p align=\"left\"><span style=\"color: #800080;\"><span style=\"font-family: GeosansLight, sans-serif;\"><span style=\"font-size: large;\"><b>Agriculture Biologique AB, Agriculture de Conservation des sols, Sol vivant, Permaculture.<\/b><\/span><\/span><\/span><\/p>\n<p align=\"left\"><span style=\"color: #800080;\"> <span style=\"font-family: GeosansLight, sans-serif;\"><span style=\"font-size: large;\"><span style=\"color: #000000;\"><span style=\"font-size: small;\"><i>(voir fiche explicative \u00ab\u00a0c\u2019est quoi l\u2019agriculture de conservation des sols\u00a0\u00bb)<\/i><\/span><\/span><\/span><\/span><\/span><\/p>\n<p align=\"left\"><span style=\"font-family: GeosansLight, sans-serif;\"><span style=\"font-size: large;\">Vendu Racine \u00e0 nues <span style=\"font-size: small;\"><i>(voir fiche explicative \u00ab\u00a0pourquoi les racines nues?)<\/i><\/span><\/span><\/span><\/p>\n<p align=\"left\"><span style=\"font-family: GeosansLight, sans-serif;\"><b>Livraison<\/b> possible dans toute la France <\/span><\/p>\n<p align=\"left\"><span style=\"font-family: GeosansLight, sans-serif;\"><span style=\"font-size: large;\"><span style=\"font-family: GeosansLight, serif;\"><span style=\"font-size: medium;\"><i>Pierre, Lili et Paolo vous remercie<\/i><\/span><\/span><span style=\"font-family: GeosansLight, serif;\"><span style=\"font-size: medium;\"><i>nt<\/i><\/span><\/span><span style=\"font-family: GeosansLight, serif;\"><span style=\"font-size: medium;\"><i>\u00a0<\/i><\/span><\/span><\/span><\/span><\/p>\n<p>&nbsp;<\/p>\n","protected":false},"excerpt":{"rendered":"<p class=\"western\"><span style=\"font-family: GeosansLight, sans-serif;\"><span style=\"font-size: large;\">Vari\u00e9t\u00e9 ancienne Am\u00e9ricaine <\/span><\/span><\/p>\n<p class=\"western\"><span style=\"font-family: GeosansLight, sans-serif;\"><span style=\"font-size: large;\">Autofertile <\/span><\/span><\/p>\n<p class=\"western\"><span style=\"font-family: GeosansLight, sans-serif;\"><span style=\"font-size: large;\">Rustique, tol\u00e8re la chaleur, r\u00e9sistant aux maladies<\/span><\/span><\/p>\n<p class=\"western\"><span style=\"font-family: GeosansLight, sans-serif;\"><span style=\"font-size: large;\">Gros fruits savoureux<\/span><\/span><\/p>\n<p class=\"western\"><span style=\"font-family: GeosansLight, sans-serif;\"><span style=\"font-size: large;\">Floraison vers mai juin<\/span><\/span><\/p>\n<p class=\"western\"><span style=\"font-family: GeosansLight, sans-serif;\"><span style=\"font-size: large;\">R\u00e9colte fin juillet \u00e0 fin ao\u00fbt<\/span><\/span><\/p>\n<p>&nbsp;<\/p>\n","protected":false},"featured_media":1395,"template":"","meta":{"site-sidebar-layout":"default","site-content-layout":"default","ast-global-header-display":"","ast-banner-title-visibility":"","ast-main-header-display":"","ast-hfb-above-header-display":"","ast-hfb-below-header-display":"","ast-hfb-mobile-header-display":"","site-post-title":"","ast-breadcrumbs-content":"","ast-featured-img":"","footer-sml-layout":"","theme-transparent-header-meta":"default","adv-header-id-meta":"","stick-header-meta":"","header-above-stick-meta":"","header-main-stick-meta":"","header-below-stick-meta":""},"product_brand":[],"product_cat":[79],"product_tag":[],"class_list":{"0":"post-1180","1":"product","2":"type-product","3":"status-publish","4":"has-post-thumbnail","6":"product_cat-myrtille","7":"desktop-align-left","8":"tablet-align-left","9":"mobile-align-left","11":"first","12":"outofstock","13":"taxable","14":"shipping-taxable","15":"purchasable","16":"product-type-simple"},"jetpack_sharing_enabled":true,"_links":{"self":[{"href":"https:\/\/www.pepinierepierreetlili.fr\/index.php\/wp-json\/wp\/v2\/product\/1180","targetHints":{"allow":["GET"]}}],"collection":[{"href":"https:\/\/www.pepinierepierreetlili.fr\/index.php\/wp-json\/wp\/v2\/product"}],"about":[{"href":"https:\/\/www.pepinierepierreetlili.fr\/index.php\/wp-json\/wp\/v2\/types\/product"}],"wp:featuredmedia":[{"embeddable":true,"href":"https:\/\/www.pepinierepierreetlili.fr\/index.php\/wp-json\/wp\/v2\/media\/1395"}],"wp:attachment":[{"href":"https:\/\/www.pepinierepierreetlili.fr\/index.php\/wp-json\/wp\/v2\/media?parent=1180"}],"wp:term":[{"taxonomy":"product_brand","embeddable":true,"href":"https:\/\/www.pepinierepierreetlili.fr\/index.php\/wp-json\/wp\/v2\/product_brand?post=1180"},{"taxonomy":"product_cat","embeddable":true,"href":"https:\/\/www.pepinierepierreetlili.fr\/index.php\/wp-json\/wp\/v2\/product_cat?post=1180"},{"taxonomy":"product_tag","embeddable":true,"href":"https:\/\/www.pepinierepierreetlili.fr\/index.php\/wp-json\/wp\/v2\/product_tag?post=1180"}],"curies":[{"name":"wp","href":"https:\/\/api.w.org\/{rel}","templated":true}]}}