{"id":1028,"date":"2024-08-19T11:07:36","date_gmt":"2024-08-19T09:07:36","guid":{"rendered":"https:\/\/www.pepinierepierreetlili.fr\/?post_type=product&#038;p=1028"},"modified":"2025-03-20T18:32:04","modified_gmt":"2025-03-20T17:32:04","slug":"cassissier-noir-de-bourgogne","status":"publish","type":"product","link":"https:\/\/www.pepinierepierreetlili.fr\/index.php\/produit\/cassissier-noir-de-bourgogne\/","title":{"rendered":"Cassissier NOIR DE BOURGOGNE"},"content":{"rendered":"<p><strong><span style=\"color: #ec6fb7;\"><span style=\"font-family: GeosansLight, sans-serif;\"><span style=\"font-size: xx-large;\">Cassissier <\/span><\/span><\/span><\/strong><strong><span style=\"color: #ec6fb7;\"><span style=\"font-family: GeosansLight, sans-serif;\"><span style=\"font-size: xx-large;\">Noir de Bourgogne<\/span><\/span><\/span><\/strong><\/p>\n<p><span style=\"font-family: GeosansLight, sans-serif;\"><span style=\"font-size: medium;\">Le Noir de Bourgogne est un classique du cassis, une vari\u00e9t\u00e9 excellente gustativement avec laquelle fut invent\u00e9e la cr\u00e8me de cassis par le liquoriste dijonnais Claude Joly et son associ\u00e9 cafetier Auguste-Denis Lagoute en 1841.<\/span><\/span><\/p>\n<p><span style=\"font-family: GeosansLight, sans-serif;\"><span style=\"font-size: medium;\">La plante adulte, d&rsquo;environs 1m50 de haut sur 1m de large est pr\u00e9coce et produit de l<\/span><\/span><span style=\"font-family: GeosansLight, sans-serif;\"><span style=\"font-size: medium;\">ongues grappes de gros fruits l<\/span><\/span><span style=\"font-family: GeosansLight, sans-serif;\"><span style=\"font-size: medium;\">\u00e9g\u00e8rement acidul\u00e9s et bien parfum\u00e9s<\/span><\/span><\/p>\n<p><span style=\"font-family: GeosansLight, sans-serif;\"><span style=\"font-size: medium;\">Un peu sensible \u00e0 l\u2019o\u00efdium et \u00e0 l&rsquo;anthracnose elle se plait davantage \u00e0 mi- ombre<\/span><\/span><\/p>\n<p><span style=\"font-family: GeosansLight, sans-serif;\"><span style=\"font-size: medium;\">Sa Floraison est autost\u00e9rile et \u00e0 lieu vers avril elle n\u00e9cessite donc une autre vari\u00e9t\u00e9 qui fleurit en m\u00eame temps pour esp\u00e9rer le moindre fruit<\/span><\/span><\/p>\n<p><span style=\"font-family: GeosansLight, sans-serif;\"><span style=\"font-size: medium;\">Votre r\u00e9colte est a pr\u00e9voir aux alentour du d\u00e9but de juillet<\/span><\/span><\/p>\n<p align=\"left\"><span style=\"font-size: large;\"><span style=\"color: #800080;\"><span style=\"font-family: GeosansLight, serif;\"><b>Arbuste produit en Agriculture Biologique, labellis\u00e9 \u00ab\u00a0AB\u00a0\u00bb avec des strat\u00e9gies d&rsquo;Agriculture de Conservation des sols, sols vivants, permaculture<\/b><\/span><\/span><\/span><\/p>\n<p align=\"left\"><span style=\"font-size: large;\"><b> <\/b><span style=\"color: #000000;\"><span style=\"font-family: GeosansLight, serif;\"><i>(voir fiche explicative \u00ab <a href=\"https:\/\/www.pepinierepierreetlili.fr\/index.php\/msv-maraichage-sur-sol-vivant-psv-pepiniere-quest-ce-que-cest\/\">C\u2019est quoi l\u2019agriculture de conservation des sols ? \u2013 PEPINIERE PIERRE ET LILI<\/a>\u00bb)<\/i><\/span><\/span><\/span><\/p>\n<p align=\"left\"><span style=\"font-size: large;\"><span style=\"font-family: GeosansLight, serif;\">Vendu Racines nues <\/span><span style=\"font-family: GeosansLight, serif;\"><i>(voir fiche explicative \u00ab<a href=\"https:\/\/www.pepinierepierreetlili.fr\/index.php\/pourquoi-les-racines-nues\/\">pourquoi les racines nues ? \u2013 PEPINIERE PIERRE ET LILI<\/a><span style=\"color: #000000;\">\u00bb)<\/span><\/i><\/span><\/span><\/p>\n<p align=\"left\"><span style=\"font-size: large;\"><span style=\"font-family: GeosansLight, serif;\"><b>Livraison<\/b><\/span><span style=\"font-family: GeosansLight, serif;\"> possible dans toute la France\u00a0<\/span><\/span><\/p>\n<p><span style=\"font-family: GeosansLight, serif;\"><span style=\"font-size: large;\"><i><span style=\"color: #000000;\">Pierre, Lili et Paolo vous remercient\u00a0!<\/span><\/i><\/span><\/span><\/p>\n<p>&nbsp;<\/p>\n","protected":false},"excerpt":{"rendered":"<p><span style=\"font-family: GeosansLight, sans-serif;\"><span style=\"font-size: medium;\">Vari\u00e9t\u00e9 ancienne Fran\u00e7aise 19e\u00a0<\/span><\/span><\/p>\n<p><span style=\"font-family: GeosansLight, sans-serif;\"><span style=\"font-size: medium;\">Autost\u00e9rile<\/span><\/span><\/p>\n<p><span style=\"font-family: GeosansLight, sans-serif;\"><span style=\"font-size: medium;\">Pr\u00e9coce, sensible \u00e0 l\u2019o\u00efdium et \u00e0 l&rsquo;anthracnose<\/span><\/span><\/p>\n<p><span style=\"font-family: GeosansLight, sans-serif;\"><span style=\"font-size: medium;\">Longues grappes, gros fruits, l\u00e9g\u00e8rement <\/span><\/span><span style=\"font-family: GeosansLight, sans-serif;\"><span style=\"font-size: medium;\">acidul\u00e9s, parfum\u00e9s <\/span><\/span><\/p>\n<p><span style=\"font-family: GeosansLight, sans-serif;\"><span style=\"font-size: medium;\">Floraison vers<\/span><\/span><\/p>\n<p><span style=\"font-family: GeosansLight, sans-serif;\"><span style=\"font-size: medium;\">R\u00e9colte vers d\u00e9but juillet <\/span><\/span><\/p>\n<p><span style=\"font-family: GeosansLight, sans-serif;\"><span style=\"font-size: medium;\">Un incontournable!<\/span><\/span><\/p>\n<p>&nbsp;<\/p>\n","protected":false},"featured_media":1400,"template":"","meta":{"site-sidebar-layout":"default","site-content-layout":"default","ast-global-header-display":"","ast-banner-title-visibility":"","ast-main-header-display":"","ast-hfb-above-header-display":"","ast-hfb-below-header-display":"","ast-hfb-mobile-header-display":"","site-post-title":"","ast-breadcrumbs-content":"","ast-featured-img":"","footer-sml-layout":"","theme-transparent-header-meta":"default","adv-header-id-meta":"","stick-header-meta":"","header-above-stick-meta":"","header-main-stick-meta":"","header-below-stick-meta":""},"product_brand":[],"product_cat":[53],"product_tag":[],"class_list":{"0":"post-1028","1":"product","2":"type-product","3":"status-publish","4":"has-post-thumbnail","6":"product_cat-cassissier","7":"desktop-align-left","8":"tablet-align-left","9":"mobile-align-left","11":"first","12":"outofstock","13":"taxable","14":"shipping-taxable","15":"purchasable","16":"product-type-simple"},"jetpack_sharing_enabled":true,"_links":{"self":[{"href":"https:\/\/www.pepinierepierreetlili.fr\/index.php\/wp-json\/wp\/v2\/product\/1028","targetHints":{"allow":["GET"]}}],"collection":[{"href":"https:\/\/www.pepinierepierreetlili.fr\/index.php\/wp-json\/wp\/v2\/product"}],"about":[{"href":"https:\/\/www.pepinierepierreetlili.fr\/index.php\/wp-json\/wp\/v2\/types\/product"}],"wp:featuredmedia":[{"embeddable":true,"href":"https:\/\/www.pepinierepierreetlili.fr\/index.php\/wp-json\/wp\/v2\/media\/1400"}],"wp:attachment":[{"href":"https:\/\/www.pepinierepierreetlili.fr\/index.php\/wp-json\/wp\/v2\/media?parent=1028"}],"wp:term":[{"taxonomy":"product_brand","embeddable":true,"href":"https:\/\/www.pepinierepierreetlili.fr\/index.php\/wp-json\/wp\/v2\/product_brand?post=1028"},{"taxonomy":"product_cat","embeddable":true,"href":"https:\/\/www.pepinierepierreetlili.fr\/index.php\/wp-json\/wp\/v2\/product_cat?post=1028"},{"taxonomy":"product_tag","embeddable":true,"href":"https:\/\/www.pepinierepierreetlili.fr\/index.php\/wp-json\/wp\/v2\/product_tag?post=1028"}],"curies":[{"name":"wp","href":"https:\/\/api.w.org\/{rel}","templated":true}]}}