{"id":1025,"date":"2024-08-19T11:04:52","date_gmt":"2024-08-19T09:04:52","guid":{"rendered":"https:\/\/www.pepinierepierreetlili.fr\/?post_type=product&#038;p=1025"},"modified":"2024-11-04T10:46:39","modified_gmt":"2024-11-04T09:46:39","slug":"cassissier-andega-2","status":"publish","type":"product","link":"https:\/\/www.pepinierepierreetlili.fr\/index.php\/produit\/cassissier-andega-2\/","title":{"rendered":"Cassissier ANDEGA"},"content":{"rendered":"<p><strong><span style=\"color: #ec6fb7;\"><span style=\"font-family: GeosansLight, sans-serif;\"><span style=\"font-size: xx-large;\">Cassisier And\u00e9ga<\/span><\/span><\/span><\/strong><\/p>\n<p><span style=\"font-family: GeosansLight, sans-serif;\"><span style=\"font-size: medium;\">Cette vari\u00e9t\u00e9 Fran\u00e7aise a \u00e9t\u00e9 r\u00e9cemment obtenue par l&rsquo;INRAE d&rsquo;Angers en 1987, cette obtention a \u00e9t\u00e9 r\u00e9alis\u00e9e \u00e0 partir de la vari\u00e9t\u00e9 noir de Bourgogne.<\/span><\/span><\/p>\n<p><span style=\"font-family: GeosansLight, sans-serif;\"><span style=\"font-size: medium;\">Cet arbuste r\u00e9sistant \u00e0 l&rsquo;o\u00efdium est moyennement vigoureux, buissonnant, et tr\u00e8s productif, s<\/span><\/span><span style=\"font-family: GeosansLight, sans-serif;\"><span style=\"font-size: medium;\">es fruits sont moyens \u00e0 gros, et ils sont charnus, l\u00e9g\u00e8rement acidul\u00e9s et portent une saveur tr\u00e8s aromatique. Un fruit vraiment tr\u00e8s savoureux! Ils se conservent bien au frais et sont un d\u00e9lice en confiture, de plus, vous pourrez<\/span><\/span><span style=\"font-family: GeosansLight, sans-serif;\"><span style=\"font-size: medium;\"> \u00e9galement consommer les feuilles en tisane.<\/span><\/span><\/p>\n<p><span style=\"font-family: GeosansLight, sans-serif;\"><span style=\"font-size: medium;\">La floraison \u00e0 lieu aux alentours de fin avril, elle est autofertile mais sera bien plus productive en fruits avec un autre cassissier pour fleurir au m\u00eame moment<\/span><\/span><\/p>\n<p><span style=\"font-family: GeosansLight, sans-serif;\"><span style=\"font-size: medium;\">R\u00e9colte aux alentours de mi-juillet <\/span><\/span><\/p>\n<p align=\"left\"><span style=\"font-size: large;\"><span style=\"color: #800080;\"><span style=\"font-family: GeosansLight, serif;\"><b>Buisson produit en Agriculture Biologique, labellis\u00e9 \u00ab\u00a0AB\u00a0\u00bb avec des strat\u00e9gies d&rsquo;Agriculture de Conservation des sols, sols vivants, permaculture<\/b><\/span><\/span><\/span><\/p>\n<p align=\"left\"><span style=\"font-size: large;\"><b> <\/b><span style=\"color: #000000;\"><span style=\"font-family: GeosansLight, serif;\"><i>(voir fiche explicative \u00ab <a href=\"https:\/\/www.pepinierepierreetlili.fr\/index.php\/msv-maraichage-sur-sol-vivant-psv-pepiniere-quest-ce-que-cest\/\">C\u2019est quoi l\u2019agriculture de conservation des sols ? \u2013 PEPINIERE PIERRE ET LILI<\/a>\u00bb)<\/i><\/span><\/span><\/span><\/p>\n<p align=\"left\"><span style=\"font-size: large;\"><span style=\"font-family: GeosansLight, serif;\">Vendu Racines nues <\/span><span style=\"font-family: GeosansLight, serif;\"><i>(voir fiche explicative \u00ab<a href=\"https:\/\/www.pepinierepierreetlili.fr\/index.php\/pourquoi-les-racines-nues\/\">pourquoi les racines nues ? \u2013 PEPINIERE PIERRE ET LILI<\/a><span style=\"color: #000000;\">\u00bb)<\/span><\/i><\/span><\/span><\/p>\n<p align=\"left\"><span style=\"font-size: large;\"><span style=\"font-family: GeosansLight, serif;\"><b>Livraison<\/b><\/span><span style=\"font-family: GeosansLight, serif;\"> possible dans toute la France\u00a0<\/span><\/span><\/p>\n<p><span style=\"font-family: GeosansLight, serif;\"><span style=\"font-size: large;\"><i><span style=\"color: #000000;\">Pierre, Lili et Paolo vous remercient\u00a0!<\/span><\/i><\/span><\/span><\/p>\n<p>&nbsp;<\/p>\n","protected":false},"excerpt":{"rendered":"<p><span style=\"font-family: GeosansLight, sans-serif;\"><span style=\"font-size: medium;\">Vari\u00e9t\u00e9 ancienne r\u00e9cente, Fran\u00e7aise, INRAE 1987<\/span><\/span><\/p>\n<p><span style=\"font-family: GeosansLight, sans-serif;\"><span style=\"font-size: medium;\">Autofertile.<\/span><\/span><\/p>\n<p><span style=\"font-family: GeosansLight, sans-serif;\"><span style=\"font-size: medium;\">Arbuste assez vigoureux, buissonnant, tr\u00e8s productif, r\u00e9sistant \u00e0 l&rsquo;o\u00efdium<\/span><\/span><\/p>\n<p><span style=\"font-family: GeosansLight, sans-serif;\"><span style=\"font-size: medium;\">Fruits moyens \u00e0 gros, charnus, l\u00e9g\u00e8rement acidul\u00e9s, saveur tr\u00e8s aromatique <\/span><\/span><\/p>\n<p><span style=\"font-family: GeosansLight, sans-serif;\"><span style=\"font-size: medium;\">Bonne conservation au frais, un d\u00e9lice en confiture.<\/span><\/span><\/p>\n<p><span style=\"font-family: GeosansLight, sans-serif;\"><span style=\"font-size: medium;\">Feuilles utilisables en tisane.<\/span><\/span><\/p>\n<p><span style=\"font-family: GeosansLight, sans-serif;\"><span style=\"font-size: medium;\">Floraison aux alentours de fin avril.<\/span><\/span><\/p>\n<p><span style=\"font-family: GeosansLight, sans-serif;\"><span style=\"font-size: medium;\">R\u00e9colte aux alentours de mi-juillet<\/span><\/span><\/p>\n","protected":false},"featured_media":1407,"template":"","meta":{"site-sidebar-layout":"default","site-content-layout":"default","ast-global-header-display":"","ast-banner-title-visibility":"","ast-main-header-display":"","ast-hfb-above-header-display":"","ast-hfb-below-header-display":"","ast-hfb-mobile-header-display":"","site-post-title":"","ast-breadcrumbs-content":"","ast-featured-img":"","footer-sml-layout":"","theme-transparent-header-meta":"default","adv-header-id-meta":"","stick-header-meta":"","header-above-stick-meta":"","header-main-stick-meta":"","header-below-stick-meta":""},"product_brand":[],"product_cat":[53],"product_tag":[],"class_list":{"0":"post-1025","1":"product","2":"type-product","3":"status-publish","4":"has-post-thumbnail","6":"product_cat-cassissier","7":"desktop-align-left","8":"tablet-align-left","9":"mobile-align-left","11":"first","12":"outofstock","13":"taxable","14":"shipping-taxable","15":"purchasable","16":"product-type-simple"},"jetpack_sharing_enabled":true,"_links":{"self":[{"href":"https:\/\/www.pepinierepierreetlili.fr\/index.php\/wp-json\/wp\/v2\/product\/1025","targetHints":{"allow":["GET"]}}],"collection":[{"href":"https:\/\/www.pepinierepierreetlili.fr\/index.php\/wp-json\/wp\/v2\/product"}],"about":[{"href":"https:\/\/www.pepinierepierreetlili.fr\/index.php\/wp-json\/wp\/v2\/types\/product"}],"wp:featuredmedia":[{"embeddable":true,"href":"https:\/\/www.pepinierepierreetlili.fr\/index.php\/wp-json\/wp\/v2\/media\/1407"}],"wp:attachment":[{"href":"https:\/\/www.pepinierepierreetlili.fr\/index.php\/wp-json\/wp\/v2\/media?parent=1025"}],"wp:term":[{"taxonomy":"product_brand","embeddable":true,"href":"https:\/\/www.pepinierepierreetlili.fr\/index.php\/wp-json\/wp\/v2\/product_brand?post=1025"},{"taxonomy":"product_cat","embeddable":true,"href":"https:\/\/www.pepinierepierreetlili.fr\/index.php\/wp-json\/wp\/v2\/product_cat?post=1025"},{"taxonomy":"product_tag","embeddable":true,"href":"https:\/\/www.pepinierepierreetlili.fr\/index.php\/wp-json\/wp\/v2\/product_tag?post=1025"}],"curies":[{"name":"wp","href":"https:\/\/api.w.org\/{rel}","templated":true}]}}