{"id":762,"date":"2023-10-18T07:46:34","date_gmt":"2023-10-18T05:46:34","guid":{"rendered":"https:\/\/www.pepinierepierreetlili.fr\/?page_id=762"},"modified":"2024-09-20T20:40:34","modified_gmt":"2024-09-20T18:40:34","slug":"formation","status":"publish","type":"page","link":"https:\/\/www.pepinierepierreetlili.fr\/index.php\/formation\/","title":{"rendered":"Formation"},"content":{"rendered":"\n<h2 class=\"wp-block-heading\">Apprendre La greffe a l&rsquo;anglaise et la greffe en fente<\/h2>\n\n\n\n<div class=\"wp-block-media-text has-media-on-the-right is-stacked-on-mobile\" style=\"grid-template-columns:auto 15%\"><div class=\"wp-block-media-text__content\">\n<p>Nous proposons \u00e0 partir de 2025 des stages sur une journ\u00e9e compl\u00e8te dont l&rsquo;objectif est de vous permettre de r\u00e9aliser quelques greffes simples. Vous repartirez avec cinq arbres greff\u00e9s par vos soins.<\/p>\n\n\n\n<p>Au Programme :<\/p>\n\n\n\n<ul class=\"wp-block-list\">\n<li>Un tour de table de pr\u00e9sentation pour d\u00e9poser ses attentes vis \u00e0 vis de la formation<\/li>\n\n\n\n<li>2h de th\u00e9orie pour pr\u00e9senter le fonctionnement d&rsquo;une greffe, ses int\u00e9r\u00eats, les p\u00e9riodes&#8230;<\/li>\n\n\n\n<li>2h de pratique sur du bois \u00ab\u00a0d&rsquo;exercice\u00a0\u00bb pour commencer a maitriser quelques gestes<\/li>\n\n\n\n<li>1h de pratique avec 5 portes greffe et des greffons que nous vous mettrons a disposition<\/li>\n<\/ul>\n\n\n\n<p>Conclusion du stage, comprendre le suivi de la greffe chez soi, puis un nouveau tour de table pour nous assurer que vos attentes sont nourries.<\/p>\n<\/div><figure class=\"wp-block-media-text__media\"><img fetchpriority=\"high\" decoding=\"async\" width=\"640\" height=\"1024\" src=\"https:\/\/www.pepinierepierreetlili.fr\/wp-content\/uploads\/2023\/06\/greffe-d-edited-640x1024.jpg\" alt=\"\" class=\"wp-image-326 size-full\" srcset=\"https:\/\/pepinierepierreetlili.fr\/wp-content\/uploads\/2023\/06\/greffe-d-edited-640x1024.jpg 640w, https:\/\/pepinierepierreetlili.fr\/wp-content\/uploads\/2023\/06\/greffe-d-edited-188x300.jpg 188w, https:\/\/pepinierepierreetlili.fr\/wp-content\/uploads\/2023\/06\/greffe-d-edited-768x1229.jpg 768w, https:\/\/pepinierepierreetlili.fr\/wp-content\/uploads\/2023\/06\/greffe-d-edited-960x1536.jpg 960w, https:\/\/pepinierepierreetlili.fr\/wp-content\/uploads\/2023\/06\/greffe-d-edited-1280x2048.jpg 1280w, https:\/\/pepinierepierreetlili.fr\/wp-content\/uploads\/2023\/06\/greffe-d-edited-1320x2112.jpg 1320w, https:\/\/pepinierepierreetlili.fr\/wp-content\/uploads\/2023\/06\/greffe-d-edited-600x960.jpg 600w, https:\/\/pepinierepierreetlili.fr\/wp-content\/uploads\/2023\/06\/greffe-d-edited-scaled.jpg 1600w\" sizes=\"(max-width: 640px) 100vw, 640px\" \/><\/figure><\/div>\n\n\n\n<div style=\"height:60px\" aria-hidden=\"true\" class=\"wp-block-spacer\"><\/div>\n\n\n\n<p><\/p>\n\n\n\n<p><\/p>\n\n\n\n<div data-block-name=\"woocommerce\/single-product\" data-product-id=\"1196\" data-wp-context=\"{&quot;originalProductData&quot;:{&quot;price_html&quot;:&quot;\\u003Cspan class=\\u0022woocommerce-Price-amount amount\\u0022\\u003E\\u003Cbdi\\u003E50,00\\u0026nbsp;\\u003Cspan class=\\u0022woocommerce-Price-currencySymbol\\u0022\\u003E\\u0026euro;\\u003C\\\/span\\u003E\\u003C\\\/bdi\\u003E\\u003C\\\/span\\u003E&quot;},&quot;productData&quot;:[]}\" data-wp-interactive=\"woocommerce\/single-product\" class=\"wp-block-woocommerce-single-product\">\n<div class=\"wp-block-columns is-layout-flex wp-container-core-columns-is-layout-28f84493 wp-block-columns-is-layout-flex\">\n<div class=\"wp-block-column is-layout-flow wp-block-column-is-layout-flow\"><div data-block-name=\"woocommerce\/product-image\" data-is-descendent-of-single-product-block=\"true\" data-show-sale-badge=\"false\" class=\"wc-block-components-product-image wc-block-grid__product-image wp-block-woocommerce-product-image\"><a href=\"https:\/\/www.pepinierepierreetlili.fr\/index.php\/produit\/formation-a-la-greffe\/\" style=\"\" data-wp-on--click=\"woocommerce\/product-collection::actions.viewProduct\"><img decoding=\"async\" width=\"600\" height=\"434\" src=\"https:\/\/www.pepinierepierreetlili.fr\/wp-content\/uploads\/2024\/09\/FORMATION-greffe-photo-600x434.webp\" class=\"attachment-woocommerce_single size-woocommerce_single not-transparent\" alt=\"Formation \u00e0 la greffe\" data-testid=\"product-image\" data-image-id=\"2642\" style=\"--dominant-color: #ac9c8e;max-width:none;object-fit:cover;\" title=\"FORMATION greffe photo\" srcset=\"https:\/\/pepinierepierreetlili.fr\/wp-content\/uploads\/2024\/09\/FORMATION-greffe-photo-600x434.webp 600w, https:\/\/pepinierepierreetlili.fr\/wp-content\/uploads\/2024\/09\/FORMATION-greffe-photo-300x217.webp 300w, https:\/\/pepinierepierreetlili.fr\/wp-content\/uploads\/2024\/09\/FORMATION-greffe-photo-768x555.webp 768w, https:\/\/pepinierepierreetlili.fr\/wp-content\/uploads\/2024\/09\/FORMATION-greffe-photo.webp 945w\" sizes=\"(max-width: 600px) 100vw, 600px\" data-has-transparency=\"false\" data-dominant-color=\"ac9c8e\" \/><div class=\"wc-block-components-product-image__inner-container\"><\/div><\/a><\/div><\/div>\n\n\n\n<div class=\"wp-block-column is-layout-flow wp-block-column-is-layout-flow\"><h2 class=\"wp-block-post-title\"><a href=\"https:\/\/www.pepinierepierreetlili.fr\/index.php\/produit\/formation-a-la-greffe\/\" target=\"_self\" >Formation \u00e0 la greffe<\/a><\/h2>\n\n\n\n<div data-block-name=\"woocommerce\/product-price\" data-is-descendent-of-single-product-block=\"true\" class=\"wp-block-woocommerce-product-price\" data-wp-interactive=\"woocommerce\/product-price\"><div class=\"wc-block-components-product-price wc-block-grid__product-price  \" style=\"\" data-wp-watch=\"callbacks.updatePrice\">\n\t\t\t\t\t<span class=\"woocommerce-Price-amount amount\"><bdi>50,00&nbsp;<span class=\"woocommerce-Price-currencySymbol\">&euro;<\/span><\/bdi><\/span>\n\t\t\t\t<\/div><\/div>\n\n<div class=\"wp-block-post-excerpt\"><p class=\"wp-block-post-excerpt__excerpt\">1 journ\u00e9e d\u2019apprentissage avec de la th\u00e9orie et de la pratique. En prime, vous repartez avec quelques fruitiers greff\u00e9s par vos soins \u00e0 planter chez vous. Nous vous proposons \u00e0 partir de 2025 des stages sur une journ\u00e9e, avec diff\u00e9rentes techniques de greffe, vous pourrez m\u00eame partir avec vos arbres greff\u00e9s par vos soins. Programme : \u2026 Formation \u00e0 la greffe Lire la suite\u00a0\u00bb &nbsp; &nbsp; &nbsp; &nbsp; &nbsp; <\/p><\/div>\n\n<div data-block-name=\"woocommerce\/add-to-cart-form\" data-is-descendent-of-single-product-block=\"true\" class=\"wp-block-add-to-cart-form wc-block-add-to-cart-form wc-block-add-to-cart-form--input wp-block-woocommerce-add-to-cart-form\" >\n<form class=\"variations_form cart\" action=\"https:\/\/www.pepinierepierreetlili.fr\/index.php\/produit\/formation-a-la-greffe\/\" method=\"post\" enctype='multipart\/form-data' data-product_id=\"1196\" data-product_variations=\"[{&quot;attributes&quot;:{&quot;attribute_pa_date&quot;:&quot;dimanche-22-fevrier-2026&quot;},&quot;availability_html&quot;:&quot;&lt;p class=\\&quot;stock in-stock\\&quot;&gt;20 en stock&lt;\\\/p&gt;\\n&quot;,&quot;backorders_allowed&quot;:false,&quot;dimensions&quot;:{&quot;length&quot;:&quot;&quot;,&quot;width&quot;:&quot;&quot;,&quot;height&quot;:&quot;&quot;},&quot;dimensions_html&quot;:&quot;ND&quot;,&quot;display_price&quot;:50,&quot;display_regular_price&quot;:50,&quot;image&quot;:{&quot;title&quot;:&quot;1&quot;,&quot;caption&quot;:&quot;&quot;,&quot;url&quot;:&quot;https:\\\/\\\/www.pepinierepierreetlili.fr\\\/wp-content\\\/uploads\\\/2024\\\/09\\\/1-scaled.webp&quot;,&quot;alt&quot;:&quot;1&quot;,&quot;src&quot;:&quot;https:\\\/\\\/www.pepinierepierreetlili.fr\\\/wp-content\\\/uploads\\\/2024\\\/09\\\/1-600x840.webp&quot;,&quot;srcset&quot;:&quot;https:\\\/\\\/pepinierepierreetlili.fr\\\/wp-content\\\/uploads\\\/2024\\\/09\\\/1-600x840.webp 600w, https:\\\/\\\/pepinierepierreetlili.fr\\\/wp-content\\\/uploads\\\/2024\\\/09\\\/1-214x300.webp 214w, https:\\\/\\\/pepinierepierreetlili.fr\\\/wp-content\\\/uploads\\\/2024\\\/09\\\/1-731x1024.webp 731w, https:\\\/\\\/pepinierepierreetlili.fr\\\/wp-content\\\/uploads\\\/2024\\\/09\\\/1-768x1075.webp 768w, https:\\\/\\\/pepinierepierreetlili.fr\\\/wp-content\\\/uploads\\\/2024\\\/09\\\/1-1097x1536.webp 1097w, https:\\\/\\\/pepinierepierreetlili.fr\\\/wp-content\\\/uploads\\\/2024\\\/09\\\/1-scaled.webp 1463w, https:\\\/\\\/pepinierepierreetlili.fr\\\/wp-content\\\/uploads\\\/2024\\\/09\\\/1-1320x1848.webp 1320w&quot;,&quot;sizes&quot;:&quot;(max-width: 600px) 100vw, 600px&quot;,&quot;full_src&quot;:&quot;https:\\\/\\\/www.pepinierepierreetlili.fr\\\/wp-content\\\/uploads\\\/2024\\\/09\\\/1-scaled.webp&quot;,&quot;full_src_w&quot;:1463,&quot;full_src_h&quot;:2048,&quot;gallery_thumbnail_src&quot;:&quot;https:\\\/\\\/www.pepinierepierreetlili.fr\\\/wp-content\\\/uploads\\\/2024\\\/09\\\/1-100x100.webp&quot;,&quot;gallery_thumbnail_src_w&quot;:100,&quot;gallery_thumbnail_src_h&quot;:100,&quot;thumb_src&quot;:&quot;https:\\\/\\\/www.pepinierepierreetlili.fr\\\/wp-content\\\/uploads\\\/2024\\\/09\\\/1-300x300.webp&quot;,&quot;thumb_src_w&quot;:300,&quot;thumb_src_h&quot;:300,&quot;src_w&quot;:600,&quot;src_h&quot;:840},&quot;image_id&quot;:2641,&quot;is_downloadable&quot;:false,&quot;is_in_stock&quot;:true,&quot;is_purchasable&quot;:true,&quot;is_sold_individually&quot;:&quot;no&quot;,&quot;is_virtual&quot;:false,&quot;max_qty&quot;:20,&quot;min_qty&quot;:1,&quot;price_html&quot;:&quot;&quot;,&quot;sku&quot;:&quot;&quot;,&quot;variation_description&quot;:&quot;&lt;p&gt;\\ud83c\\udf31 Formation \\u00e0 la greffe : 1 journ\\u00e9e compl\\u00e8te pour apprendre et pratiquer&lt;\\\/p&gt;\\n&lt;p&gt;\\u00c0 partir de d\\u00e9but 2026, nous vous proposons des stages d\\u2019initiation et de perfectionnement \\u00e0 la greffe, accessibles \\u00e0 tous les passionn\\u00e9s de vergers et de nature.&lt;\\\/p&gt;\\n&lt;p&gt;\\ud83d\\udc49 Objectif : acqu\\u00e9rir les bases th\\u00e9oriques et techniques pour r\\u00e9ussir vos greffes, et repartir avec vos propres fruitiers greff\\u00e9s, pr\\u00eats \\u00e0 \\u00eatre plant\\u00e9s chez vous&lt;\\\/p&gt;\\n&lt;p&gt;\\u2705 Au programme de la journ\\u00e9e :&lt;\\\/p&gt;\\n&lt;p&gt;Th\\u00e9orie :&lt;br \\\/&gt;\\nComprendre les principes de la greffe&lt;br \\\/&gt;\\nD\\u00e9couvrir ses avantages (production, sauvegarde de vari\\u00e9t\\u00e9s, adaptation des arbres\\u2026)&lt;br \\\/&gt;\\nExplorer les principales techniques et savoir reconna\\u00eetre les compatibilit\\u00e9s et incompatibilit\\u00e9s de greffage&lt;br \\\/&gt;\\nPratique sur bois d\\u2019exercice :&lt;br \\\/&gt;\\nManipulations guid\\u00e9es pour acqu\\u00e9rir les bons gestes en toute confiance&lt;br \\\/&gt;\\nEntra\\u00eenement aux diff\\u00e9rentes techniques&lt;\\\/p&gt;\\n&lt;p&gt;Pratique sur vos futurs fruitiers :&lt;\\\/p&gt;\\n&lt;p&gt;Mise en application directe sur de jeunes arbres&lt;\\\/p&gt;\\n&lt;p&gt;Chaque participant greffe plusieurs fruitiers et les emporte pour les planter chez lui \\ud83c\\udf33&lt;\\\/p&gt;\\n&lt;p&gt;\\ud83c\\udf81 En bonus :&lt;\\\/p&gt;\\n&lt;p&gt;Vous repartez non seulement avec des connaissances solides, mais aussi avec vos propres fruitiers greff\\u00e9s par vos soins. Une belle mani\\u00e8re de prolonger la formation dans votre jardin et de voir grandir vos arbres au fil des saisons.&lt;\\\/p&gt;\\n&quot;,&quot;variation_id&quot;:1594,&quot;variation_is_active&quot;:true,&quot;variation_is_visible&quot;:true,&quot;weight&quot;:&quot;&quot;,&quot;weight_html&quot;:&quot;ND&quot;,&quot;woobt_image&quot;:&quot;&lt;img width=\\&quot;300\\&quot; height=\\&quot;300\\&quot; src=\\&quot;https:\\\/\\\/www.pepinierepierreetlili.fr\\\/wp-content\\\/uploads\\\/2024\\\/09\\\/1-300x300.webp\\&quot; class=\\&quot;attachment-woocommerce_thumbnail size-woocommerce_thumbnail not-transparent\\&quot; alt=\\&quot;\\&quot; srcset=\\&quot;https:\\\/\\\/pepinierepierreetlili.fr\\\/wp-content\\\/uploads\\\/2024\\\/09\\\/1-300x300.webp 300w, https:\\\/\\\/pepinierepierreetlili.fr\\\/wp-content\\\/uploads\\\/2024\\\/09\\\/1-150x150.webp 150w, https:\\\/\\\/pepinierepierreetlili.fr\\\/wp-content\\\/uploads\\\/2024\\\/09\\\/1-355x355.webp 355w, https:\\\/\\\/pepinierepierreetlili.fr\\\/wp-content\\\/uploads\\\/2024\\\/09\\\/1-370x370.webp 370w, https:\\\/\\\/pepinierepierreetlili.fr\\\/wp-content\\\/uploads\\\/2024\\\/09\\\/1-170x170.webp 170w, https:\\\/\\\/pepinierepierreetlili.fr\\\/wp-content\\\/uploads\\\/2024\\\/09\\\/1-100x100.webp 100w\\&quot; sizes=\\&quot;(max-width: 300px) 100vw, 300px\\&quot; data-has-transparency=\\&quot;false\\&quot; data-dominant-color=\\&quot;8da594\\&quot; style=\\&quot;--dominant-color: #8da594;\\&quot; \\\/&gt;&quot;,&quot;woobt_items&quot;:&quot;no&quot;}]\">\n\t\n\t\t\t<table class=\"variations\" cellspacing=\"0\" role=\"presentation\">\n\t\t\t<tbody>\n\t\t\t\t\t\t\t\t\t<tr>\n\t\t\t\t\t\t<th class=\"label\"><label for=\"pa_date\">Date<\/label><\/th>\n\t\t\t\t\t\t<td class=\"value\">\n\t\t\t\t\t\t\t<select id=\"pa_date\" class=\"\" name=\"attribute_pa_date\" data-attribute_name=\"attribute_pa_date\" data-show_option_none=\"yes\"><option value=\"\">Choisir une option<\/option><option value=\"dimanche-22-fevrier-2026\" >Dimanche 22 f\u00e9vrier 2026<\/option><\/select><a class=\"reset_variations\" href=\"#\" aria-label=\"Effacer les options\">Effacer<\/a>\t\t\t\t\t\t<\/td>\n\t\t\t\t\t<\/tr>\n\t\t\t\t\t\t\t<\/tbody>\n\t\t<\/table>\n\t\t<div class=\"reset_variations_alert screen-reader-text\" role=\"alert\" aria-live=\"polite\" aria-relevant=\"all\"><\/div>\n\t\t\n\t\t<div class=\"single_variation_wrap\">\n\t\t\t<div class=\"woocommerce-variation single_variation\" role=\"alert\" aria-relevant=\"additions\"><\/div><div class=\"woocommerce-variation-add-to-cart variations_button\">\n\t<input name=\"woobt_ids\" class=\"woobt-ids woobt-ids-1196\" data-id=\"1196\" type=\"hidden\"\/>\n\t<div class=\"quantity\">\n\t\t<label class=\"screen-reader-text\" for=\"quantity_69fcd41416624\">quantit\u00e9 de Formation \u00e0 la greffe<\/label>\n\t<input\n\t\ttype=\"number\"\n\t\t\t\tid=\"quantity_69fcd41416624\"\n\t\tclass=\"input-text qty text\"\n\t\tname=\"quantity\"\n\t\tvalue=\"1\"\n\t\taria-label=\"Quantit\u00e9 de produits\"\n\t\t\t\tmin=\"1\"\n\t\tmax=\"12\"\n\t\t\t\t\tstep=\"1\"\n\t\t\tplaceholder=\"\"\n\t\t\tinputmode=\"numeric\"\n\t\t\tautocomplete=\"off\"\n\t\t\t\/>\n\t<\/div>\n\n\t<button type=\"submit\" class=\"single_add_to_cart_button button alt\">Ajouter au panier<\/button>\n\n\t\n\t<input type=\"hidden\" name=\"add-to-cart\" value=\"1196\" \/>\n\t<input type=\"hidden\" name=\"product_id\" value=\"1196\" \/>\n\t<input type=\"hidden\" name=\"variation_id\" class=\"variation_id\" value=\"0\" \/>\n<\/div>\n\t\t<\/div>\n\t\n\t<\/form>\n\n<\/div>\n\n\n<div data-block-name=\"woocommerce\/product-meta\" class=\"wp-block-woocommerce-product-meta\">\n<div class=\"wp-block-group is-nowrap is-layout-flex wp-container-core-group-is-layout-6c531013 wp-block-group-is-layout-flex\">\n\n<div class=\"taxonomy-product_cat wp-block-post-terms\"><span class=\"wp-block-post-terms__prefix\">Cat\u00e9gorie\u00a0: <\/span><a href=\"https:\/\/www.pepinierepierreetlili.fr\/index.php\/categorie-produit\/formation\/\" rel=\"tag\">Formation<\/a><\/div>\n\n<\/div>\n<\/div>\n<\/div>\n<\/div>\n<\/div>\n\n\n\n<h2 class=\"wp-block-heading\">Inscription ci dessous !<\/h2>\n\n\n\n<div class=\"inherit-container-width wp-block-group is-layout-constrained wp-block-group-is-layout-constrained\"><div class=\"wp-block-jetpack-contact-form\"><a href=\"https:\/\/www.pepinierepierreetlili.fr\/index.php\/produit\/formation-a-la-greffe\/\" target=\"_blank\" rel=\"noopener noreferrer\">Soumettre un formulaire.<\/a><\/div><\/div>\n","protected":false},"excerpt":{"rendered":"<p>Apprendre La greffe a l&rsquo;anglaise et la greffe en fente Inscription ci dessous !<\/p>\n","protected":false},"author":1,"featured_media":0,"parent":0,"menu_order":0,"comment_status":"closed","ping_status":"closed","template":"","meta":{"site-sidebar-layout":"default","site-content-layout":"default","ast-global-header-display":"","ast-banner-title-visibility":"","ast-main-header-display":"","ast-hfb-above-header-display":"","ast-hfb-below-header-display":"","ast-hfb-mobile-header-display":"","site-post-title":"","ast-breadcrumbs-content":"","ast-featured-img":"","footer-sml-layout":"","theme-transparent-header-meta":"","adv-header-id-meta":"","stick-header-meta":"","header-above-stick-meta":"","header-main-stick-meta":"","header-below-stick-meta":"","footnotes":""},"class_list":["post-762","page","type-page","status-publish","hentry","desktop-align-left","tablet-align-left","mobile-align-left"],"jetpack_sharing_enabled":true,"_links":{"self":[{"href":"https:\/\/www.pepinierepierreetlili.fr\/index.php\/wp-json\/wp\/v2\/pages\/762","targetHints":{"allow":["GET"]}}],"collection":[{"href":"https:\/\/www.pepinierepierreetlili.fr\/index.php\/wp-json\/wp\/v2\/pages"}],"about":[{"href":"https:\/\/www.pepinierepierreetlili.fr\/index.php\/wp-json\/wp\/v2\/types\/page"}],"author":[{"embeddable":true,"href":"https:\/\/www.pepinierepierreetlili.fr\/index.php\/wp-json\/wp\/v2\/users\/1"}],"replies":[{"embeddable":true,"href":"https:\/\/www.pepinierepierreetlili.fr\/index.php\/wp-json\/wp\/v2\/comments?post=762"}],"version-history":[{"count":0,"href":"https:\/\/www.pepinierepierreetlili.fr\/index.php\/wp-json\/wp\/v2\/pages\/762\/revisions"}],"wp:attachment":[{"href":"https:\/\/www.pepinierepierreetlili.fr\/index.php\/wp-json\/wp\/v2\/media?parent=762"}],"curies":[{"name":"wp","href":"https:\/\/api.w.org\/{rel}","templated":true}]}}