{"id":705,"date":"2023-10-17T10:56:40","date_gmt":"2023-10-17T08:56:40","guid":{"rendered":"https:\/\/www.pepinierepierreetlili.fr\/?page_id=705"},"modified":"2024-10-01T12:38:23","modified_gmt":"2024-10-01T10:38:23","slug":"comment-gerer-vous-lenherbement","status":"publish","type":"page","link":"https:\/\/www.pepinierepierreetlili.fr\/index.php\/comment-gerer-vous-lenherbement\/","title":{"rendered":"Comment gerez vous l&rsquo;enherbement ?"},"content":{"rendered":"\n<p>Cette Toile tiss\u00e9e de 130gr\/m\u00b2, nous permet de nous passer d&rsquo;herbicide et de travail du sol. Il est souvent pr\u00e9conis\u00e9 en \u00ab\u00a0permaculture\u00a0\u00bb de lutter contre les v\u00e9g\u00e9taux locaux (adventices, mauvaises herbes) \u00e0 l&rsquo;aide de Mulchs (mati\u00e8res organiques mortes import\u00e9es et d\u00e9pos\u00e9es en surface) c&rsquo;est tr\u00e8s efficace contre les plantes annuelles mais extr\u00eamement inefficace contre les vivaces (ronces, orties, potentilles, chardon, mauves, etc&#8230; etc&#8230;). Cette B\u00e2che tiss\u00e9e est r\u00e9utilisable pour 10\/15 ans, elle nous permet de lutter efficacement contre tout types d&rsquo;adventices, permet \u00e0 nos vers de terre de remonter en surface sans craindre les oiseaux et garde nos sols humides toute l&rsquo;ann\u00e9e.<\/p>\n\n\n\n<figure class=\"wp-block-image size-large is-resized\"><img fetchpriority=\"high\" decoding=\"async\" width=\"1024\" height=\"766\" sizes=\"(max-width: 1024px) 100vw, 1024px\" src=\"https:\/\/www.pepinierepierreetlili.fr\/wp-content\/uploads\/2023\/10\/Bache-2-1024x766.jpg\" alt=\"\" class=\"wp-image-706\" style=\"aspect-ratio:1.336405529953917;width:459px;height:auto\" srcset=\"https:\/\/pepinierepierreetlili.fr\/wp-content\/uploads\/2023\/10\/Bache-2-1024x766.jpg 1024w, https:\/\/pepinierepierreetlili.fr\/wp-content\/uploads\/2023\/10\/Bache-2-300x224.jpg 300w, https:\/\/pepinierepierreetlili.fr\/wp-content\/uploads\/2023\/10\/Bache-2-768x575.jpg 768w, https:\/\/pepinierepierreetlili.fr\/wp-content\/uploads\/2023\/10\/Bache-2-1536x1149.jpg 1536w, https:\/\/pepinierepierreetlili.fr\/wp-content\/uploads\/2023\/10\/Bache-2-2048x1532.jpg 2048w, https:\/\/pepinierepierreetlili.fr\/wp-content\/uploads\/2023\/10\/Bache-2-1320x988.jpg 1320w, https:\/\/pepinierepierreetlili.fr\/wp-content\/uploads\/2023\/10\/Bache-2-600x449.jpg 600w\" \/><\/figure>\n\n\n\n<p><\/p>\n","protected":false},"excerpt":{"rendered":"<p>Cette Toile tiss\u00e9e de 130gr\/m\u00b2, nous permet de nous passer d&rsquo;herbicide et de travail du sol. Il est souvent pr\u00e9conis\u00e9 en \u00ab\u00a0permaculture\u00a0\u00bb de lutter contre les v\u00e9g\u00e9taux locaux (adventices, mauvaises herbes) \u00e0 l&rsquo;aide de Mulchs (mati\u00e8res organiques mortes import\u00e9es et d\u00e9pos\u00e9es en surface) c&rsquo;est tr\u00e8s efficace contre les plantes annuelles mais extr\u00eamement inefficace contre les &hellip;<\/p>\n<p class=\"read-more\"> <a class=\"\" href=\"https:\/\/www.pepinierepierreetlili.fr\/index.php\/comment-gerer-vous-lenherbement\/\"> <span class=\"screen-reader-text\">Comment gerez vous l&rsquo;enherbement ?<\/span> Lire la suite\u00a0\u00bb<\/a><\/p>\n","protected":false},"author":1,"featured_media":0,"parent":0,"menu_order":0,"comment_status":"closed","ping_status":"closed","template":"","meta":{"site-sidebar-layout":"no-sidebar","site-content-layout":"narrow-container","ast-global-header-display":"","ast-banner-title-visibility":"","ast-main-header-display":"","ast-hfb-above-header-display":"","ast-hfb-below-header-display":"","ast-hfb-mobile-header-display":"","site-post-title":"","ast-breadcrumbs-content":"","ast-featured-img":"","footer-sml-layout":"","theme-transparent-header-meta":"","adv-header-id-meta":"","stick-header-meta":"","header-above-stick-meta":"","header-main-stick-meta":"","header-below-stick-meta":"","footnotes":""},"class_list":["post-705","page","type-page","status-publish","hentry"],"jetpack_sharing_enabled":true,"_links":{"self":[{"href":"https:\/\/www.pepinierepierreetlili.fr\/index.php\/wp-json\/wp\/v2\/pages\/705","targetHints":{"allow":["GET"]}}],"collection":[{"href":"https:\/\/www.pepinierepierreetlili.fr\/index.php\/wp-json\/wp\/v2\/pages"}],"about":[{"href":"https:\/\/www.pepinierepierreetlili.fr\/index.php\/wp-json\/wp\/v2\/types\/page"}],"author":[{"embeddable":true,"href":"https:\/\/www.pepinierepierreetlili.fr\/index.php\/wp-json\/wp\/v2\/users\/1"}],"replies":[{"embeddable":true,"href":"https:\/\/www.pepinierepierreetlili.fr\/index.php\/wp-json\/wp\/v2\/comments?post=705"}],"version-history":[{"count":0,"href":"https:\/\/www.pepinierepierreetlili.fr\/index.php\/wp-json\/wp\/v2\/pages\/705\/revisions"}],"wp:attachment":[{"href":"https:\/\/www.pepinierepierreetlili.fr\/index.php\/wp-json\/wp\/v2\/media?parent=705"}],"curies":[{"name":"wp","href":"https:\/\/api.w.org\/{rel}","templated":true}]}}