{"id":469,"date":"2023-06-13T21:50:32","date_gmt":"2023-06-13T19:50:32","guid":{"rendered":"https:\/\/www.pepinierepierreetlili.fr\/?page_id=469"},"modified":"2024-10-19T09:07:34","modified_gmt":"2024-10-19T07:07:34","slug":"qui-sommes-nous","status":"publish","type":"page","link":"https:\/\/www.pepinierepierreetlili.fr\/index.php\/qui-sommes-nous\/","title":{"rendered":"Qui sommes nous ?"},"content":{"rendered":"\n<hr class=\"wp-block-separator has-css-opacity is-style-default\"\/>\n\n\n\n<figure class=\"wp-block-image aligncenter size-full is-resized is-style-rounded wp-duotone-000000-ffffff-1\"><img fetchpriority=\"high\" decoding=\"async\" width=\"952\" height=\"960\" sizes=\"(max-width: 952px) 100vw, 952px\" src=\"https:\/\/www.pepinierepierreetlili.fr\/wp-content\/uploads\/2023\/06\/lili.jpg\" alt=\"\" class=\"wp-image-470\" style=\"width:156px;height:157px\" srcset=\"https:\/\/pepinierepierreetlili.fr\/wp-content\/uploads\/2023\/06\/lili.jpg 952w, https:\/\/pepinierepierreetlili.fr\/wp-content\/uploads\/2023\/06\/lili-298x300.jpg 298w, https:\/\/pepinierepierreetlili.fr\/wp-content\/uploads\/2023\/06\/lili-150x150.jpg 150w, https:\/\/pepinierepierreetlili.fr\/wp-content\/uploads\/2023\/06\/lili-768x774.jpg 768w, https:\/\/pepinierepierreetlili.fr\/wp-content\/uploads\/2023\/06\/lili-170x170.jpg 170w, https:\/\/pepinierepierreetlili.fr\/wp-content\/uploads\/2023\/06\/lili-600x605.jpg 600w, https:\/\/pepinierepierreetlili.fr\/wp-content\/uploads\/2023\/06\/lili-100x100.jpg 100w\" \/><\/figure>\n\n\n\n<blockquote class=\"wp-block-quote has-text-align-center is-style-large is-layout-flow wp-block-quote-is-layout-flow\">\n<p>\u00ab&nbsp;<em>Quel que soit votre m\u00e9tier, \u00e0 un moment donn\u00e9 vous allez vous demander si vous n\u2019\u00eates pas en train de perdre votre temps, et m\u00eame si vous n\u2019avez pas une activit\u00e9 pernicieuse. Vous pouvez \u00eatre commer\u00e7ant, archev\u00eaque, marin p\u00eacheur, musicien ou m\u00e9decin, t\u00f4t ou tard vous aurez l\u2019impression de perdre votre temps. Il existe une seule exception : si vous plantez des arbres, vous \u00eates s\u00fbr que ce que vous faites est bien.<\/em><br><em>(Francis Hall\u00e9)<\/em>&nbsp;\u00bb<\/p>\n<cite>\u2014 Allison-Morgane dit Lili, <em>Co-cr\u00e9atrice<\/em><\/cite><\/blockquote>\n\n\n\n<hr class=\"wp-block-separator has-css-opacity is-style-default\"\/>\n\n\n\n<hr class=\"wp-block-separator has-css-opacity is-style-default\"\/>\n\n\n\n<figure class=\"wp-block-image aligncenter size-full is-resized is-style-rounded wp-duotone-000000-ffffff-2\"><img decoding=\"async\" width=\"791\" height=\"611\" sizes=\"(max-width: 791px) 100vw, 791px\" src=\"https:\/\/www.pepinierepierreetlili.fr\/wp-content\/uploads\/2023\/06\/pierre-seul.jpg\" alt=\"\" class=\"wp-image-473\" style=\"width:-1073px;height:-828px\" srcset=\"https:\/\/pepinierepierreetlili.fr\/wp-content\/uploads\/2023\/06\/pierre-seul.jpg 791w, https:\/\/pepinierepierreetlili.fr\/wp-content\/uploads\/2023\/06\/pierre-seul-300x232.jpg 300w, https:\/\/pepinierepierreetlili.fr\/wp-content\/uploads\/2023\/06\/pierre-seul-768x593.jpg 768w, https:\/\/pepinierepierreetlili.fr\/wp-content\/uploads\/2023\/06\/pierre-seul-600x463.jpg 600w\" \/><\/figure>\n\n\n\n<blockquote class=\"wp-block-quote has-text-align-center is-style-large is-layout-flow wp-block-quote-is-layout-flow\">\n<p>\u00ab&nbsp;<em>Celui qui a plant\u00e9 un arbre avant de mourir n\u2019a pas v\u00e9cu inutilement.<\/em><br><em>(proverbe b\u00e9ninois)<\/em>&nbsp;\u00bb<\/p>\n<cite>Pierre, Co-cr\u00e9ateur<\/cite><\/blockquote>\n\n\n<p><\/p>\n<h2 class=\"wp-block-heading\"><strong>Qui sommes nous ?<\/strong><\/h2>\n<p> <\/p>\n<p>Avant toute chose : Une famille engag\u00e9e dans la transition \u00e9cologique et dans l&rsquo;aggradation de notre r\u00e9silience alimentaire.<\/p>\n<p> <\/p>\n<p>Nous sommes passionn\u00e9s par l&rsquo;arbre, le fruit et par la vie des sols.<\/p>\n<p> <\/p>\n<p>Notre m\u00e9tier consiste \u00e0 multiplier des arbres fruitiers par la <strong>greffe manuelle<\/strong>, mais nous faisons aussi de la bouture et de la marcotte de divers plants fruitiers.<\/p>\n<p> <\/p>\n<p>Nous vous proposons une large gamme de vari\u00e9t\u00e9s dites \u00ab\u00a0anciennes\u00a0\u00bb ou \u00ab\u00a0population\u00a0\u00bb. Globalement notre s\u00e9lection est le fruit de l&rsquo;exp\u00e9rience et du verger conservatoire de la p\u00e9pini\u00e8re Burri, mais nous vous proposons \u00e9galement des plants de fruits rouges, et des s\u00e9lections de notre cru.<\/p>\n<p> <\/p>\n<p>Nous produisons exclusivement des scions, racines nues (voir la fiche\u00a0<a href=\"https:\/\/www.pepinierepierreetlili.fr\/index.php\/pourquoi-des-scions\/\">Pourquoi des scions ? \u2013 PEPINIERE PIERRE ET LILI<\/a>)<\/p>\n<p> <\/p>\n<p><em><strong>Le tout \u00e9tant produit en Agriculture Biologique avec des strat\u00e9gies d&rsquo;agriculture de conservation des sols ou permaculture!!\u00a0<\/strong><\/em><\/p>\n<p> <\/p>\n<p><a href=\"https:\/\/www.pepinierepierreetlili.fr\/index.php\/msv-maraichage-sur-sol-vivant-psv-pepiniere-quest-ce-que-cest\/\">C\u2019est quoi l\u2019agriculture de conservation des sols ? \u2013 PEPINIERE PIERRE ET LILI<\/a><\/p>\n<p><\/p>\n\n\n<hr class=\"wp-block-separator has-css-opacity is-style-default\"\/>\n\n\n\n<p><\/p>\n","protected":false},"excerpt":{"rendered":"<p>\u00ab&nbsp;Quel que soit votre m\u00e9tier, \u00e0 un moment donn\u00e9 vous allez vous demander si vous n\u2019\u00eates pas en train de perdre votre temps, et m\u00eame si vous n\u2019avez pas une activit\u00e9 pernicieuse. Vous pouvez \u00eatre commer\u00e7ant, archev\u00eaque, marin p\u00eacheur, musicien ou m\u00e9decin, t\u00f4t ou tard vous aurez l\u2019impression de perdre votre temps. Il existe une &hellip;<\/p>\n<p class=\"read-more\"> <a class=\"\" href=\"https:\/\/www.pepinierepierreetlili.fr\/index.php\/qui-sommes-nous\/\"> <span class=\"screen-reader-text\">Qui sommes nous ?<\/span> Lire la suite\u00a0\u00bb<\/a><\/p>\n","protected":false},"author":1,"featured_media":0,"parent":0,"menu_order":0,"comment_status":"closed","ping_status":"closed","template":"","meta":{"site-sidebar-layout":"default","site-content-layout":"default","ast-global-header-display":"","ast-banner-title-visibility":"","ast-main-header-display":"","ast-hfb-above-header-display":"","ast-hfb-below-header-display":"","ast-hfb-mobile-header-display":"","site-post-title":"","ast-breadcrumbs-content":"","ast-featured-img":"","footer-sml-layout":"","theme-transparent-header-meta":"","adv-header-id-meta":"","stick-header-meta":"","header-above-stick-meta":"","header-main-stick-meta":"","header-below-stick-meta":"","footnotes":""},"class_list":["post-469","page","type-page","status-publish","hentry"],"jetpack_sharing_enabled":true,"_links":{"self":[{"href":"https:\/\/www.pepinierepierreetlili.fr\/index.php\/wp-json\/wp\/v2\/pages\/469","targetHints":{"allow":["GET"]}}],"collection":[{"href":"https:\/\/www.pepinierepierreetlili.fr\/index.php\/wp-json\/wp\/v2\/pages"}],"about":[{"href":"https:\/\/www.pepinierepierreetlili.fr\/index.php\/wp-json\/wp\/v2\/types\/page"}],"author":[{"embeddable":true,"href":"https:\/\/www.pepinierepierreetlili.fr\/index.php\/wp-json\/wp\/v2\/users\/1"}],"replies":[{"embeddable":true,"href":"https:\/\/www.pepinierepierreetlili.fr\/index.php\/wp-json\/wp\/v2\/comments?post=469"}],"version-history":[{"count":0,"href":"https:\/\/www.pepinierepierreetlili.fr\/index.php\/wp-json\/wp\/v2\/pages\/469\/revisions"}],"wp:attachment":[{"href":"https:\/\/www.pepinierepierreetlili.fr\/index.php\/wp-json\/wp\/v2\/media?parent=469"}],"curies":[{"name":"wp","href":"https:\/\/api.w.org\/{rel}","templated":true}]}}