{"id":2236,"date":"2024-11-05T10:10:21","date_gmt":"2024-11-05T09:10:21","guid":{"rendered":"https:\/\/www.pepinierepierreetlili.fr\/?page_id=2236"},"modified":"2024-11-05T10:49:00","modified_gmt":"2024-11-05T09:49:00","slug":"quest-ce-que-cest-des-scions-et-pourquoi","status":"publish","type":"page","link":"https:\/\/www.pepinierepierreetlili.fr\/index.php\/quest-ce-que-cest-des-scions-et-pourquoi\/","title":{"rendered":"Qu&rsquo;est ce que c&rsquo;est des scions ? et POURQUOI ?"},"content":{"rendered":"\n<p>Un scion est un arbre jeune avec deux ans de pousse, 1 an pour le porte greffe et 1 an de greffe, il n&rsquo;est pas encore form\u00e9, il a une seule tige. <\/p>\n\n\n\n<p>Il peut \u00eatre tentant de vouloir acheter de grands arbres fruitiers \u00e2g\u00e9s de plusieurs ann\u00e9es, malheureusement si nous les sortons du sol, nous allons sectionner un grand nombre de leurs racines et radicelles, cr\u00e9ant un large d\u00e9s\u00e9quilibre entre la partie racinaire et la partie a\u00e9rienne de la plante.&nbsp;<\/p>\n\n\n\n<p>En plus de cr\u00e9er un intense traumatisme il faudrait recouper la partie a\u00e9rienne s\u00e9v\u00e8rement et arroser en permanence pour lui donner une chance de survivre.&nbsp;<\/p>\n\n\n\n<p>Le plus raisonnable et surtout le plus optimal \u00e9tant donc au final de planter un jeune arbre le plus \u00e9quilibr\u00e9 possible qui va se d\u00e9velopper harmonieusement avec le moins de traumatismes possible.<\/p>\n\n\n\n<div style=\"height:48px\" aria-hidden=\"true\" class=\"wp-block-spacer\"><\/div>\n\n\n\n<figure class=\"wp-block-gallery has-nested-images columns-default is-cropped wp-block-gallery-1 is-layout-flex wp-block-gallery-is-layout-flex\">\n<figure class=\"wp-block-image size-large\"><img data-dominant-color=\"627244\" data-has-transparency=\"false\" style=\"--dominant-color: #627244;\" fetchpriority=\"high\" decoding=\"async\" width=\"766\" height=\"1024\" sizes=\"(max-width: 766px) 100vw, 766px\" data-id=\"2022\" src=\"https:\/\/www.pepinierepierreetlili.fr\/wp-content\/uploads\/2024\/10\/WhatsApp-Image-2024-10-17-at-06.51.10-2-766x1024.webp\" alt=\"\" class=\"wp-image-2022 not-transparent\" srcset=\"https:\/\/pepinierepierreetlili.fr\/wp-content\/uploads\/2024\/10\/WhatsApp-Image-2024-10-17-at-06.51.10-2-766x1024.webp 766w, https:\/\/pepinierepierreetlili.fr\/wp-content\/uploads\/2024\/10\/WhatsApp-Image-2024-10-17-at-06.51.10-2-224x300.webp 224w, https:\/\/pepinierepierreetlili.fr\/wp-content\/uploads\/2024\/10\/WhatsApp-Image-2024-10-17-at-06.51.10-2-768x1027.webp 768w, https:\/\/pepinierepierreetlili.fr\/wp-content\/uploads\/2024\/10\/WhatsApp-Image-2024-10-17-at-06.51.10-2-600x802.webp 600w, https:\/\/pepinierepierreetlili.fr\/wp-content\/uploads\/2024\/10\/WhatsApp-Image-2024-10-17-at-06.51.10-2.jpg 900w\" \/><figcaption class=\"wp-element-caption\">Etape 1<\/figcaption><\/figure>\n\n\n\n<figure class=\"wp-block-image size-large\"><img data-dominant-color=\"7c796c\" data-has-transparency=\"false\" style=\"--dominant-color: #7c796c;\" decoding=\"async\" width=\"766\" height=\"1024\" sizes=\"(max-width: 766px) 100vw, 766px\" data-id=\"2029\" src=\"https:\/\/www.pepinierepierreetlili.fr\/wp-content\/uploads\/2024\/10\/WhatsApp-Image-2024-10-17-at-06.51.09-3-766x1024.webp\" alt=\"\" class=\"wp-image-2029 not-transparent\" srcset=\"https:\/\/pepinierepierreetlili.fr\/wp-content\/uploads\/2024\/10\/WhatsApp-Image-2024-10-17-at-06.51.09-3-766x1024.webp 766w, https:\/\/pepinierepierreetlili.fr\/wp-content\/uploads\/2024\/10\/WhatsApp-Image-2024-10-17-at-06.51.09-3-224x300.webp 224w, https:\/\/pepinierepierreetlili.fr\/wp-content\/uploads\/2024\/10\/WhatsApp-Image-2024-10-17-at-06.51.09-3-768x1027.webp 768w, https:\/\/pepinierepierreetlili.fr\/wp-content\/uploads\/2024\/10\/WhatsApp-Image-2024-10-17-at-06.51.09-3-1149x1536.webp 1149w, https:\/\/pepinierepierreetlili.fr\/wp-content\/uploads\/2024\/10\/WhatsApp-Image-2024-10-17-at-06.51.09-3-1320x1765.webp 1320w, https:\/\/pepinierepierreetlili.fr\/wp-content\/uploads\/2024\/10\/WhatsApp-Image-2024-10-17-at-06.51.09-3-600x802.webp 600w, https:\/\/pepinierepierreetlili.fr\/wp-content\/uploads\/2024\/10\/WhatsApp-Image-2024-10-17-at-06.51.09-3.jpeg 1532w\" \/><\/figure>\n\n\n\n<figure class=\"wp-block-image size-large\"><img data-dominant-color=\"797a61\" data-has-transparency=\"false\" style=\"--dominant-color: #797a61;\" decoding=\"async\" width=\"576\" height=\"1024\" sizes=\"(max-width: 576px) 100vw, 576px\" data-id=\"2019\" src=\"https:\/\/www.pepinierepierreetlili.fr\/wp-content\/uploads\/2024\/10\/WhatsApp-Image-2024-10-17-at-06.51.09-2-576x1024.webp\" alt=\"\" class=\"wp-image-2019 not-transparent\" srcset=\"https:\/\/pepinierepierreetlili.fr\/wp-content\/uploads\/2024\/10\/WhatsApp-Image-2024-10-17-at-06.51.09-2-576x1024.webp 576w, https:\/\/pepinierepierreetlili.fr\/wp-content\/uploads\/2024\/10\/WhatsApp-Image-2024-10-17-at-06.51.09-2-169x300.webp 169w, https:\/\/pepinierepierreetlili.fr\/wp-content\/uploads\/2024\/10\/WhatsApp-Image-2024-10-17-at-06.51.09-2-768x1366.webp 768w, https:\/\/pepinierepierreetlili.fr\/wp-content\/uploads\/2024\/10\/WhatsApp-Image-2024-10-17-at-06.51.09-2-864x1536.webp 864w, https:\/\/pepinierepierreetlili.fr\/wp-content\/uploads\/2024\/10\/WhatsApp-Image-2024-10-17-at-06.51.09-2-600x1067.webp 600w, https:\/\/pepinierepierreetlili.fr\/wp-content\/uploads\/2024\/10\/WhatsApp-Image-2024-10-17-at-06.51.09-2.jpeg 899w\" \/><\/figure>\n\n\n\n<figure class=\"wp-block-image size-large\"><img data-dominant-color=\"7b7769\" data-has-transparency=\"false\" style=\"--dominant-color: #7b7769;\" loading=\"lazy\" decoding=\"async\" width=\"576\" height=\"1024\" sizes=\"(max-width: 576px) 100vw, 576px\" data-id=\"2017\" src=\"https:\/\/www.pepinierepierreetlili.fr\/wp-content\/uploads\/2024\/10\/WhatsApp-Image-2024-10-17-at-06.51.10-1-576x1024.webp\" alt=\"\" class=\"wp-image-2017 not-transparent\" srcset=\"https:\/\/pepinierepierreetlili.fr\/wp-content\/uploads\/2024\/10\/WhatsApp-Image-2024-10-17-at-06.51.10-1-576x1024.webp 576w, https:\/\/pepinierepierreetlili.fr\/wp-content\/uploads\/2024\/10\/WhatsApp-Image-2024-10-17-at-06.51.10-1-169x300.webp 169w, https:\/\/pepinierepierreetlili.fr\/wp-content\/uploads\/2024\/10\/WhatsApp-Image-2024-10-17-at-06.51.10-1-768x1366.webp 768w, https:\/\/pepinierepierreetlili.fr\/wp-content\/uploads\/2024\/10\/WhatsApp-Image-2024-10-17-at-06.51.10-1-864x1536.webp 864w, https:\/\/pepinierepierreetlili.fr\/wp-content\/uploads\/2024\/10\/WhatsApp-Image-2024-10-17-at-06.51.10-1-600x1067.webp 600w, https:\/\/pepinierepierreetlili.fr\/wp-content\/uploads\/2024\/10\/WhatsApp-Image-2024-10-17-at-06.51.10-1.jpeg 899w\" \/><\/figure>\n\n\n\n<figure class=\"wp-block-image size-large\"><img data-dominant-color=\"717665\" data-has-transparency=\"false\" style=\"--dominant-color: #717665;\" loading=\"lazy\" decoding=\"async\" width=\"766\" height=\"1024\" sizes=\"(max-width: 766px) 100vw, 766px\" data-id=\"2023\" src=\"https:\/\/www.pepinierepierreetlili.fr\/wp-content\/uploads\/2024\/10\/WhatsApp-Image-2024-10-17-at-06.51.11-766x1024.webp\" alt=\"\" class=\"wp-image-2023 not-transparent\" srcset=\"https:\/\/pepinierepierreetlili.fr\/wp-content\/uploads\/2024\/10\/WhatsApp-Image-2024-10-17-at-06.51.11-766x1024.webp 766w, https:\/\/pepinierepierreetlili.fr\/wp-content\/uploads\/2024\/10\/WhatsApp-Image-2024-10-17-at-06.51.11-224x300.webp 224w, https:\/\/pepinierepierreetlili.fr\/wp-content\/uploads\/2024\/10\/WhatsApp-Image-2024-10-17-at-06.51.11-768x1027.webp 768w, https:\/\/pepinierepierreetlili.fr\/wp-content\/uploads\/2024\/10\/WhatsApp-Image-2024-10-17-at-06.51.11-1149x1536.webp 1149w, https:\/\/pepinierepierreetlili.fr\/wp-content\/uploads\/2024\/10\/WhatsApp-Image-2024-10-17-at-06.51.11-600x802.webp 600w, https:\/\/pepinierepierreetlili.fr\/wp-content\/uploads\/2024\/10\/WhatsApp-Image-2024-10-17-at-06.51.11.jpeg 1197w\" \/><\/figure>\n\n\n\n<figure class=\"wp-block-image size-large is-style-default\"><img data-dominant-color=\"606d71\" data-has-transparency=\"false\" style=\"--dominant-color: #606d71;\" loading=\"lazy\" decoding=\"async\" width=\"576\" height=\"1024\" sizes=\"(max-width: 576px) 100vw, 576px\" data-id=\"1977\" src=\"https:\/\/www.pepinierepierreetlili.fr\/wp-content\/uploads\/2023\/06\/BELLE-FILLE-SALIN-FRANC-576x1024.webp\" alt=\"\" class=\"wp-image-1977 not-transparent\" srcset=\"https:\/\/pepinierepierreetlili.fr\/wp-content\/uploads\/2023\/06\/BELLE-FILLE-SALIN-FRANC-576x1024.webp 576w, https:\/\/pepinierepierreetlili.fr\/wp-content\/uploads\/2023\/06\/BELLE-FILLE-SALIN-FRANC-169x300.webp 169w, https:\/\/pepinierepierreetlili.fr\/wp-content\/uploads\/2023\/06\/BELLE-FILLE-SALIN-FRANC-768x1365.webp 768w, https:\/\/pepinierepierreetlili.fr\/wp-content\/uploads\/2023\/06\/BELLE-FILLE-SALIN-FRANC-864x1536.webp 864w, https:\/\/pepinierepierreetlili.fr\/wp-content\/uploads\/2023\/06\/BELLE-FILLE-SALIN-FRANC-600x1067.webp 600w, https:\/\/pepinierepierreetlili.fr\/wp-content\/uploads\/2023\/06\/BELLE-FILLE-SALIN-FRANC-jpg.webp 1080w\" \/><\/figure>\n<\/figure>\n\n\n\n<div data-block-name=\"woocommerce\/filter-wrapper\" data-filter-type=\"stock-filter\" data-heading=\"Filtrer par \u00e9tat de stock\" class=\"wp-block-woocommerce-filter-wrapper\">\n<h3 class=\"wp-block-heading\">Filtrer par \u00e9tat de stock<\/h3>\n\n\n\n<div data-block-name=\"woocommerce\/stock-filter\" data-heading=\"\" data-lock=\"{&quot;remove&quot;:true}\" class=\"wp-block-woocommerce-stock-filter is-loading\"><\/div>\n<\/div>\n\n\n\n<div class=\"wp-block-group is-layout-constrained wp-block-group-is-layout-constrained\">\n<div data-align-buttons=\"false\" data-block-name=\"woocommerce\/all-products\" data-columns=\"3\" data-content-visibility=\"{&quot;orderBy&quot;:true}\" data-layout-config=\"[[&quot;woocommerce\\\/product-image&quot;,{&quot;imageSizing&quot;:&quot;thumbnail&quot;}],[&quot;woocommerce\\\/product-title&quot;],[&quot;woocommerce\\\/product-price&quot;],[&quot;woocommerce\\\/product-rating&quot;],[&quot;woocommerce\\\/product-button&quot;]]\" data-orderby=\"date\" data-rows=\"3\" class=\"wp-block-woocommerce-all-products wc-block-all-products\" data-attributes=\"{&quot;alignButtons&quot;:false,&quot;columns&quot;:3,&quot;contentVisibility&quot;:{&quot;orderBy&quot;:true},&quot;isPreview&quot;:false,&quot;layoutConfig&quot;:[[&quot;woocommerce\/product-image&quot;,{&quot;imageSizing&quot;:&quot;thumbnail&quot;}],[&quot;woocommerce\/product-title&quot;],[&quot;woocommerce\/product-price&quot;],[&quot;woocommerce\/product-rating&quot;],[&quot;woocommerce\/product-button&quot;]],&quot;orderby&quot;:&quot;date&quot;,&quot;rows&quot;:3}\"><\/div>\n<\/div>\n","protected":false},"excerpt":{"rendered":"<p>Un scion est un arbre jeune avec deux ans de pousse, 1 an pour le porte greffe et 1 an de greffe, il n&rsquo;est pas encore form\u00e9, il a une seule tige. Il peut \u00eatre tentant de vouloir acheter de grands arbres fruitiers \u00e2g\u00e9s de plusieurs ann\u00e9es, malheureusement si nous les sortons du sol, nous &hellip;<\/p>\n<p class=\"read-more\"> <a class=\"\" href=\"https:\/\/www.pepinierepierreetlili.fr\/index.php\/quest-ce-que-cest-des-scions-et-pourquoi\/\"> <span class=\"screen-reader-text\">Qu&rsquo;est ce que c&rsquo;est des scions ? et POURQUOI ?<\/span> Lire la suite\u00a0\u00bb<\/a><\/p>\n","protected":false},"author":1,"featured_media":0,"parent":0,"menu_order":0,"comment_status":"closed","ping_status":"closed","template":"","meta":{"site-sidebar-layout":"default","site-content-layout":"default","ast-global-header-display":"","ast-banner-title-visibility":"","ast-main-header-display":"","ast-hfb-above-header-display":"","ast-hfb-below-header-display":"","ast-hfb-mobile-header-display":"","site-post-title":"","ast-breadcrumbs-content":"","ast-featured-img":"","footer-sml-layout":"","theme-transparent-header-meta":"","adv-header-id-meta":"","stick-header-meta":"","header-above-stick-meta":"","header-main-stick-meta":"","header-below-stick-meta":"","footnotes":""},"class_list":["post-2236","page","type-page","status-publish","hentry"],"jetpack_sharing_enabled":true,"_links":{"self":[{"href":"https:\/\/www.pepinierepierreetlili.fr\/index.php\/wp-json\/wp\/v2\/pages\/2236","targetHints":{"allow":["GET"]}}],"collection":[{"href":"https:\/\/www.pepinierepierreetlili.fr\/index.php\/wp-json\/wp\/v2\/pages"}],"about":[{"href":"https:\/\/www.pepinierepierreetlili.fr\/index.php\/wp-json\/wp\/v2\/types\/page"}],"author":[{"embeddable":true,"href":"https:\/\/www.pepinierepierreetlili.fr\/index.php\/wp-json\/wp\/v2\/users\/1"}],"replies":[{"embeddable":true,"href":"https:\/\/www.pepinierepierreetlili.fr\/index.php\/wp-json\/wp\/v2\/comments?post=2236"}],"version-history":[{"count":0,"href":"https:\/\/www.pepinierepierreetlili.fr\/index.php\/wp-json\/wp\/v2\/pages\/2236\/revisions"}],"wp:attachment":[{"href":"https:\/\/www.pepinierepierreetlili.fr\/index.php\/wp-json\/wp\/v2\/media?parent=2236"}],"curies":[{"name":"wp","href":"https:\/\/api.w.org\/{rel}","templated":true}]}}